{"id":97,"date":"2013-03-05T21:50:06","date_gmt":"2013-03-06T02:50:06","guid":{"rendered":"http:\/\/localhost\/danceconmigo\/dev\/course-schedule-2\/"},"modified":"2017-09-05T12:21:35","modified_gmt":"2017-09-05T16:21:35","slug":"coursdegroupe","status":"publish","type":"page","link":"https:\/\/danceconmigo.com\/fr\/coursdegroupe\/","title":{"rendered":"Cours de Groupe"},"content":{"rendered":"<p><img data-recalc-dims=\"1\" loading=\"lazy\" decoding=\"async\" class=\"aligncenter\" src=\"https:\/\/i0.wp.com\/www.danceconmigo.com\/Images\/dc-wp-divider.png?resize=850%2C30\" alt=\"\" width=\"850\" height=\"30\" \/><\/p>\n<h1>Organisez votre propre<\/h1>\n<h1>Cours de Groupe<\/h1>\n<p><img data-recalc-dims=\"1\" loading=\"lazy\" decoding=\"async\" class=\"alignright\" src=\"https:\/\/i0.wp.com\/www.danceconmigo.com\/Images\/Group%20Tango%20Class%20by%20Sasha%20Lee.jpg?resize=288%2C192\" alt=\"Group Tango Class by Sasha Lee\" width=\"288\" height=\"192\" \/><\/p>\n<p>Vous, vos amis, coll\u00e8gues, ou organisation voulez apprendre la danse ensemble ? Pour l\u2019amusement, l\u2019am\u00e9lioration, l\u2019exercice, pour essayer quelque chose de nouveau, ou se pr\u00e9parer \u00e0 un \u00e9v\u00e9nement sp\u00e9cial ?<\/p>\n<p>Dance Conmigo vous offre l\u2019opportunit\u00e9 d\u2019apprendre dans un cadre de groupe, parmi les gens que vous connaissez, et sur l\u2019horaire qui convient votre groupe. Organisez votre propre classe de groupe dans ces trois pas faciles :<\/p>\n<p>1) Voir le graphique ci-dessous pour les prix.<\/p>\n<p>2) <a title=\"Contactez nous\" href=\"http:\/\/www.danceconmigo.com\/fr\/contact\/\">Contactez-nous, svp, pour r\u00e9server un temps<\/a> pour votre groupe.<\/p>\n<p>&nbsp;<\/p>\n<table border=\"1\" width=\"593\">\n<tbody>\n<tr>\n<th scope=\"col\" bgcolor=\"#FF0000\" width=\"169\"><\/th>\n<th scope=\"col\" bgcolor=\"#FF0000\" width=\"199\">\n<div align=\"center\">1 Professeur<\/div>\n<\/th>\n<th scope=\"col\" bgcolor=\"#FF0000\" width=\"203\">\n<div align=\"center\">2 Professeurs<\/div>\n<\/th>\n<\/tr>\n<tr>\n<th scope=\"row\" bgcolor=\"#FF0000\">\n<div align=\"center\">1 \u2013 2 \u00e9l\u00e8ves<\/div>\n<\/th>\n<td>\n<div align=\"center\">60$\/hr<strong>*<\/strong><\/div>\n<\/td>\n<td>\n<div align=\"center\">110$\/hr<\/div>\n<\/td>\n<\/tr>\n<tr>\n<th scope=\"row\" bgcolor=\"#FF0000\">\n<div align=\"center\">3 ou 4 \u00e9l\u00e8ves<\/div>\n<\/th>\n<td>\n<div align=\"center\">75$<strong>**<\/strong> ou 80$\/hr<strong>**<\/strong><\/div>\n<\/td>\n<td>\n<div align=\"center\">120$\/hr<\/div>\n<\/td>\n<\/tr>\n<tr>\n<th scope=\"row\" bgcolor=\"#FF0000\">\n<div align=\"center\">5 \u2013 9 \u00e9l\u00e8ves<\/div>\n<\/th>\n<td>\n<div align=\"center\">90$\/hr<\/div>\n<\/td>\n<td>\n<div align=\"center\">130$\/hr<\/div>\n<\/td>\n<\/tr>\n<tr>\n<th scope=\"row\" bgcolor=\"#FF0000\">\n<div align=\"center\">10+ \u00a0 \u00e9l\u00e8ves<\/div>\n<\/th>\n<td>\n<div align=\"center\">10$\/\u00e9l\u00e8ve\/hr<\/div>\n<\/td>\n<td>\n<div align=\"center\">13$\/\u00e9l\u00e8ve\/hr<\/div>\n<\/td>\n<\/tr>\n<\/tbody>\n<\/table>\n<p><strong>*\u00a0<\/strong>Demandez-nous concernant la possibilit\u00e9 de notre taux de 30$\/h (pour 1 ou 2 \u00e9l\u00e8ves)<br \/>\n<strong>**\u00a0<\/strong>Demandez-nous concernant la possibilit\u00e9 de notre taux de 60$\/h (pour 3 ou 4 \u00e9l\u00e8ves)<\/p>\n<p>La plupart de nos cours sont offerts \u00e0 Espace des Arts \u00e0 Montr\u00e9al (9 Ste-Catherine Est, coin boulevard St-Laurent, 2i\u00e8me \u00e9tage, suite 101.) Pourtant il y a aussi une possibilit\u00e9 d\u2019avoir les professeurs de Dance Conmigo enseignent \u00e0 votre propre lieu de r\u00e9union. <a title=\"Contactez nous\" href=\"http:\/\/www.danceconmigo.com\/fr\/contact\/\">Contactez-nous<\/a> s\u2019il vous pla\u00eet pour plus d\u2019informations. (<em>photo par Sasha Lee<\/em>)<\/p>\n<p>&nbsp;<\/p>","protected":false},"excerpt":{"rendered":"<p>Organisez votre propre Cours de Groupe Vous, vos amis, coll\u00e8gues, ou organisation voulez apprendre la danse ensemble ? Pour l\u2019amusement, l\u2019am\u00e9lioration, l\u2019exercice, pour essayer quelque chose de nouveau, ou se pr\u00e9parer \u00e0 un \u00e9v\u00e9nement sp\u00e9cial ? Dance Conmigo vous offre l\u2019opportunit\u00e9 d\u2019apprendre dans un cadre de groupe, parmi les gens que vous connaissez, et sur [&hellip;]<\/p>\n","protected":false},"author":3,"featured_media":0,"parent":0,"menu_order":27,"comment_status":"open","ping_status":"open","template":"","meta":{"_uag_custom_page_level_css":"","site-sidebar-layout":"default","site-content-layout":"","ast-site-content-layout":"default","site-content-style":"default","site-sidebar-style":"default","ast-global-header-display":"","ast-banner-title-visibility":"","ast-main-header-display":"","ast-hfb-above-header-display":"","ast-hfb-below-header-display":"","ast-hfb-mobile-header-display":"","site-post-title":"","ast-breadcrumbs-content":"","ast-featured-img":"","footer-sml-layout":"","ast-disable-related-posts":"","theme-transparent-header-meta":"","adv-header-id-meta":"","stick-header-meta":"","header-above-stick-meta":"","header-main-stick-meta":"","header-below-stick-meta":"","astra-migrate-meta-layouts":"default","ast-page-background-enabled":"default","ast-page-background-meta":{"desktop":{"background-color":"","background-image":"","background-repeat":"repeat","background-position":"center center","background-size":"auto","background-attachment":"scroll","background-type":"","background-media":"","overlay-type":"","overlay-color":"","overlay-opacity":"","overlay-gradient":""},"tablet":{"background-color":"","background-image":"","background-repeat":"repeat","background-position":"center center","background-size":"auto","background-attachment":"scroll","background-type":"","background-media":"","overlay-type":"","overlay-color":"","overlay-opacity":"","overlay-gradient":""},"mobile":{"background-color":"","background-image":"","background-repeat":"repeat","background-position":"center center","background-size":"auto","background-attachment":"scroll","background-type":"","background-media":"","overlay-type":"","overlay-color":"","overlay-opacity":"","overlay-gradient":""}},"ast-content-background-meta":{"desktop":{"background-color":"var(--ast-global-color-5)","background-image":"","background-repeat":"repeat","background-position":"center center","background-size":"auto","background-attachment":"scroll","background-type":"","background-media":"","overlay-type":"","overlay-color":"","overlay-opacity":"","overlay-gradient":""},"tablet":{"background-color":"var(--ast-global-color-5)","background-image":"","background-repeat":"repeat","background-position":"center center","background-size":"auto","background-attachment":"scroll","background-type":"","background-media":"","overlay-type":"","overlay-color":"","overlay-opacity":"","overlay-gradient":""},"mobile":{"background-color":"var(--ast-global-color-5)","background-image":"","background-repeat":"repeat","background-position":"center center","background-size":"auto","background-attachment":"scroll","background-type":"","background-media":"","overlay-type":"","overlay-color":"","overlay-opacity":"","overlay-gradient":""}},"jetpack_post_was_ever_published":false,"footnotes":""},"class_list":["post-97","page","type-page","status-publish","hentry"],"uagb_featured_image_src":{"full":false,"thumbnail":false,"medium":false,"medium_large":false,"large":false,"1536x1536":false,"2048x2048":false,"trp-custom-language-flag":false},"uagb_author_info":{"display_name":"Dance Conmigo","author_link":"https:\/\/danceconmigo.com\/fr\/author\/danceconmigo\/"},"uagb_comment_info":2,"uagb_excerpt":"Organisez votre propre Cours de Groupe Vous, vos amis, coll\u00e8gues, ou organisation voulez apprendre la danse ensemble ? Pour l\u2019amusement, l\u2019am\u00e9lioration, l\u2019exercice, pour essayer quelque chose de nouveau, ou se pr\u00e9parer \u00e0 un \u00e9v\u00e9nement sp\u00e9cial ? Dance Conmigo vous offre l\u2019opportunit\u00e9 d\u2019apprendre dans un cadre de groupe, parmi les gens que vous connaissez, et sur&hellip;","jetpack_sharing_enabled":true,"jetpack_shortlink":"https:\/\/wp.me\/P3Ld37-1z","_links":{"self":[{"href":"https:\/\/danceconmigo.com\/fr\/wp-json\/wp\/v2\/pages\/97","targetHints":{"allow":["GET"]}}],"collection":[{"href":"https:\/\/danceconmigo.com\/fr\/wp-json\/wp\/v2\/pages"}],"about":[{"href":"https:\/\/danceconmigo.com\/fr\/wp-json\/wp\/v2\/types\/page"}],"author":[{"embeddable":true,"href":"https:\/\/danceconmigo.com\/fr\/wp-json\/wp\/v2\/users\/3"}],"replies":[{"embeddable":true,"href":"https:\/\/danceconmigo.com\/fr\/wp-json\/wp\/v2\/comments?post=97"}],"version-history":[{"count":74,"href":"https:\/\/danceconmigo.com\/fr\/wp-json\/wp\/v2\/pages\/97\/revisions"}],"predecessor-version":[{"id":1720,"href":"https:\/\/danceconmigo.com\/fr\/wp-json\/wp\/v2\/pages\/97\/revisions\/1720"}],"wp:attachment":[{"href":"https:\/\/danceconmigo.com\/fr\/wp-json\/wp\/v2\/media?parent=97"}],"curies":[{"name":"wp","href":"https:\/\/api.w.org\/{rel}","templated":true}]}}