{"id":44,"date":"2013-02-23T15:13:46","date_gmt":"2013-02-23T15:13:46","guid":{"rendered":"http:\/\/localhost\/danceconmigo\/dev\/tango-2\/"},"modified":"2015-01-04T20:28:00","modified_gmt":"2015-01-05T01:28:00","slug":"tango","status":"publish","type":"page","link":"https:\/\/danceconmigo.com\/fr\/tango\/","title":{"rendered":"Tango"},"content":{"rendered":"<h1><img data-recalc-dims=\"1\" loading=\"lazy\" decoding=\"async\" class=\"alignleft\" alt=\"\" src=\"https:\/\/i0.wp.com\/www.danceconmigo.com\/Images\/cheryl_alain_tango.jpg?resize=285%2C428\" width=\"285\" height=\"428\" \/><\/h1>\n<h1><\/h1>\n<h1><\/h1>\n<h1>Tango Argentin<\/h1>\n<div>\n<p><img data-recalc-dims=\"1\" loading=\"lazy\" decoding=\"async\" class=\"alignright\" alt=\"Tango Instructional DVD\" src=\"https:\/\/i0.wp.com\/www.danceconmigo.com\/Images\/homePage\/sidebar\/tangoDVDad.jpg?resize=145%2C201\" width=\"145\" height=\"201\" \/><\/p>\n<\/div>\n<p>Faites le premier pas &#8230; et d\u00e9couvrir &#8211; ou affiner &#8211; votre amour pour le tango !!<\/p>\n<p style=\"text-align: left;\">Il ya autant de raisons d&#8217;aimer le tango comme il ya des danseurs de tango; la musique, l&#8217;\u00e9l\u00e9gance, la connexion entres partenaires, un sentiment de libert\u00e9, d&#8217;abandon &#8230;<\/p>\n<p style=\"text-align: center;\">&#8220;Comment avez-vous choisi le tango?&#8221;<br \/>\n&#8220;Je n&#8217;ai pas. Le tango m&#8217;a choisi &#8220;.<br \/>\n&#8211; The Tango Lesson<\/p>\n<p>&nbsp;<br \/>\n&nbsp;<\/p>\n<p>&#8211; Essayez\u00a0<a title=\"cours priv\u00e9s\" href=\"http:\/\/www.danceconmigo.com\/fr\/private\/\">\u00a0un Cours Priv\u00e9<\/a><br \/>\n&#8211; Inscrivez-vous \u00e0 un\u00a0<a href=\"http:\/\/www.danceconmigo.com\/fr\/coursdegroupe\/\">Cours de Groupe<\/a><br \/>\n&#8211;\u00a0<a href=\"http:\/\/www.danceconmigo.com\/fr\/coursdegroupe\/\">Organiser votre propre\u00a0<\/a>Cours de Groupe.<\/p>\n<p>&nbsp;<br \/>\n&nbsp;<br \/>\n&nbsp;<br \/>\n&nbsp;<br \/>\n&nbsp;<\/p>\n<p><img data-recalc-dims=\"1\" loading=\"lazy\" decoding=\"async\" class=\"alignleft\" alt=\"Heather &amp; Alain tango\" src=\"https:\/\/i0.wp.com\/www.danceconmigo.com\/Images\/tangoPage\/heather%26AlainDECORATION.JPG?resize=148%2C256\" width=\"148\" height=\"256\" \/><\/p>\n<h1>Cours priv\u00e9s &#8211; Tango<\/h1>\n<p style=\"text-align: left;\"><strong>Les cours priv\u00e9s sont id\u00e9ales pour\u00a0:<\/strong><\/p>\n<p>&#8211; les c\u00e9libataires ou les couples qui veulent apprendre \u00e0 leur propre rythme<br \/>\n&#8211; les c\u00e9libataires ou les couples qui veulent \u00e9tablir le programme\/l&#8217;horaire de leurs cours<br \/>\n&#8211; Les couples qui se marient et qui veulent pr\u00e9parer leur premi\u00e8re danse<br \/>\n&#8211; les c\u00e9libataires ou les couples qui pr\u00e9f\u00e8rent un cadre priv\u00e9 plut\u00f4t qu&#8217;un groupe<br \/>\n&#8211; pour 3 ou plus \u00e9l\u00e8ves (semi-priv\u00e9), svp, consulter notre\u00a0<a href=\"http:\/\/www.danceconmigo.com\/fr\/coursdegroupe\/\">Page de Groupe<\/a><\/p>\n<p>Pour plus d&#8217;informations,\u00a0<a href=\"http:\/\/www.danceconmigo.com\/fr\/coursprives\/\">svp,\u00a0Consultez notre Page de Cours Priv\u00e9s.<\/a><\/p>\n<p>Pour reserver un Cours Priv\u00e9s,\u00a0<a href=\"http:\/\/www.danceconmigo.com\/fr\/nousjoindre\/\">svp,\u00a0Contactez-nous.<\/a><\/p>\n<p>&nbsp;<\/p>\n<p>&nbsp;<\/p>\n<p>&nbsp;<\/p>\n<h1 align=\"justify\"><a href=\"https:\/\/i0.wp.com\/www.danceconmigo.com\/wp-content\/uploads\/2013\/02\/MichaelSalvadorTangoGrp.jpg\"><img data-recalc-dims=\"1\" loading=\"lazy\" decoding=\"async\" class=\"alignright size-medium wp-image-773\" alt=\"MichaelSalvadorTangoGrp\" src=\"https:\/\/i0.wp.com\/www.danceconmigo.com\/wp-content\/uploads\/2013\/02\/MichaelSalvadorTangoGrp-300x225.jpg?resize=300%2C225\" width=\"300\" height=\"225\" \/><\/a>Cours de Groupe &#8211; Tango<\/h1>\n<p>Les cours de groupe \u00e0 Dance Conmigo concentrer sur le plaisir, le confort, des explications claires et la technique solide.\u00a0Nous fournissons les outils pour facilement comprendre les mouvements, permettant un temps de pratique apr\u00e8s chaque nouvel \u00e9l\u00e9ment pour renforcer le confort et la confiance de l\u2019\u00e9tudiant.<\/p>\n<p>&#8211; Pour voir quels groupes nous offrons actuellement,\u00a0<a href=\"http:\/\/www.danceconmigo.com\/fr\/coursdegroupe\/\">svp, consultez notre Page de Cours de Groupe.<\/a><\/p>\n<p>&#8211; Si nous n\u2019offrons pas la danse (ou niveau) de votre choix,<a href=\"http:\/\/www.danceconmigo.com\/fr\/coursdegroupe\/\">svp, consid\u00e9rez d\u2019organiser votre propre groupe.<\/a><\/p>\n<h1><span style=\"font-size: 13px;\">\u00a0<\/span><\/h1>\n<p>&nbsp;<\/p>\n<p>&nbsp;<\/p>\n<p><iframe loading=\"lazy\" src=\"\/\/www.youtube.com\/embed\/zWWdnwVcYjQ?rel=0\" height=\"315\" width=\"560\" allowfullscreen=\"\" frameborder=\"0\"><\/iframe><\/p>","protected":false},"excerpt":{"rendered":"<p>Tango Argentin Faites le premier pas &#8230; et d\u00e9couvrir &#8211; ou affiner &#8211; votre amour pour le tango !! Il ya autant de raisons d&#8217;aimer le tango comme il ya des danseurs de tango; la musique, l&#8217;\u00e9l\u00e9gance, la connexion entres partenaires, un sentiment de libert\u00e9, d&#8217;abandon &#8230; &#8220;Comment avez-vous choisi le tango?&#8221; &#8220;Je n&#8217;ai pas. [&hellip;]<\/p>\n","protected":false},"author":3,"featured_media":0,"parent":0,"menu_order":12,"comment_status":"open","ping_status":"open","template":"","meta":{"_uag_custom_page_level_css":"","site-sidebar-layout":"default","site-content-layout":"","ast-site-content-layout":"default","site-content-style":"default","site-sidebar-style":"default","ast-global-header-display":"","ast-banner-title-visibility":"","ast-main-header-display":"","ast-hfb-above-header-display":"","ast-hfb-below-header-display":"","ast-hfb-mobile-header-display":"","site-post-title":"","ast-breadcrumbs-content":"","ast-featured-img":"","footer-sml-layout":"","ast-disable-related-posts":"","theme-transparent-header-meta":"","adv-header-id-meta":"","stick-header-meta":"","header-above-stick-meta":"","header-main-stick-meta":"","header-below-stick-meta":"","astra-migrate-meta-layouts":"default","ast-page-background-enabled":"default","ast-page-background-meta":{"desktop":{"background-color":"","background-image":"","background-repeat":"repeat","background-position":"center center","background-size":"auto","background-attachment":"scroll","background-type":"","background-media":"","overlay-type":"","overlay-color":"","overlay-opacity":"","overlay-gradient":""},"tablet":{"background-color":"","background-image":"","background-repeat":"repeat","background-position":"center center","background-size":"auto","background-attachment":"scroll","background-type":"","background-media":"","overlay-type":"","overlay-color":"","overlay-opacity":"","overlay-gradient":""},"mobile":{"background-color":"","background-image":"","background-repeat":"repeat","background-position":"center center","background-size":"auto","background-attachment":"scroll","background-type":"","background-media":"","overlay-type":"","overlay-color":"","overlay-opacity":"","overlay-gradient":""}},"ast-content-background-meta":{"desktop":{"background-color":"var(--ast-global-color-5)","background-image":"","background-repeat":"repeat","background-position":"center center","background-size":"auto","background-attachment":"scroll","background-type":"","background-media":"","overlay-type":"","overlay-color":"","overlay-opacity":"","overlay-gradient":""},"tablet":{"background-color":"var(--ast-global-color-5)","background-image":"","background-repeat":"repeat","background-position":"center center","background-size":"auto","background-attachment":"scroll","background-type":"","background-media":"","overlay-type":"","overlay-color":"","overlay-opacity":"","overlay-gradient":""},"mobile":{"background-color":"var(--ast-global-color-5)","background-image":"","background-repeat":"repeat","background-position":"center center","background-size":"auto","background-attachment":"scroll","background-type":"","background-media":"","overlay-type":"","overlay-color":"","overlay-opacity":"","overlay-gradient":""}},"jetpack_post_was_ever_published":false,"footnotes":""},"class_list":["post-44","page","type-page","status-publish","hentry"],"uagb_featured_image_src":{"full":false,"thumbnail":false,"medium":false,"medium_large":false,"large":false,"1536x1536":false,"2048x2048":false,"trp-custom-language-flag":false},"uagb_author_info":{"display_name":"Dance Conmigo","author_link":"https:\/\/danceconmigo.com\/fr\/author\/danceconmigo\/"},"uagb_comment_info":0,"uagb_excerpt":"Tango Argentin Faites le premier pas &#8230; et d\u00e9couvrir &#8211; ou affiner &#8211; votre amour pour le tango !! Il ya autant de raisons d&#8217;aimer le tango comme il ya des danseurs de tango; la musique, l&#8217;\u00e9l\u00e9gance, la connexion entres partenaires, un sentiment de libert\u00e9, d&#8217;abandon &#8230; &#8220;Comment avez-vous choisi le tango?&#8221; &#8220;Je n&#8217;ai pas.&hellip;","jetpack_sharing_enabled":true,"jetpack_shortlink":"https:\/\/wp.me\/P3Ld37-I","_links":{"self":[{"href":"https:\/\/danceconmigo.com\/fr\/wp-json\/wp\/v2\/pages\/44","targetHints":{"allow":["GET"]}}],"collection":[{"href":"https:\/\/danceconmigo.com\/fr\/wp-json\/wp\/v2\/pages"}],"about":[{"href":"https:\/\/danceconmigo.com\/fr\/wp-json\/wp\/v2\/types\/page"}],"author":[{"embeddable":true,"href":"https:\/\/danceconmigo.com\/fr\/wp-json\/wp\/v2\/users\/3"}],"replies":[{"embeddable":true,"href":"https:\/\/danceconmigo.com\/fr\/wp-json\/wp\/v2\/comments?post=44"}],"version-history":[{"count":36,"href":"https:\/\/danceconmigo.com\/fr\/wp-json\/wp\/v2\/pages\/44\/revisions"}],"predecessor-version":[{"id":798,"href":"https:\/\/danceconmigo.com\/fr\/wp-json\/wp\/v2\/pages\/44\/revisions\/798"}],"wp:attachment":[{"href":"https:\/\/danceconmigo.com\/fr\/wp-json\/wp\/v2\/media?parent=44"}],"curies":[{"name":"wp","href":"https:\/\/api.w.org\/{rel}","templated":true}]}}