{"id":43,"date":"2013-02-23T15:12:59","date_gmt":"2013-02-23T15:12:59","guid":{"rendered":"http:\/\/localhost\/danceconmigo\/dev\/salsa-2\/"},"modified":"2015-06-14T19:55:44","modified_gmt":"2015-06-15T00:55:44","slug":"salsa","status":"publish","type":"page","link":"https:\/\/danceconmigo.com\/fr\/salsa\/","title":{"rendered":"Salsa"},"content":{"rendered":"<p>&nbsp;<\/p>\n<h1><\/h1>\n<p>&nbsp;<\/p>\n<div class=\"alignleft\"><iframe loading=\"lazy\" src=\"http:\/\/www.youtube.com\/embed\/CtoPpYIit4I?rel=0\" width=\"400\" height=\"330\" frameborder=\"0\" allowfullscreen=\"allowfullscreen\"><\/iframe><\/div>\n<h1 style=\"text-align: center;\">\u00a0Cours de Groupe &#8211; Salsa<\/h1>\n<p>Les cours de groupe \u00e0 Dance Conmigo concentrer sur le plaisir, le confort, des explications claires et la technique solide.\u00a0Nous fournissons les outils pour facilement comprendre les mouvements, permettant un temps de pratique apr\u00e8s chaque nouvel \u00e9l\u00e9ment pour renforcer le confort et la confiance de l\u2019\u00e9tudiant.<\/p>\n<p>Nous enseignons aussi:<br \/>\nBachata, Merengue, Cha-Cha, Rueda&#8230;<\/p>\n<p>&#8211; Pour voir quels groupes nous offrons actuellement,\u00a0<a href=\"http:\/\/www.danceconmigo.com\/fr\/coursdegroupe\/\">svp, consultez notre Page de Cours de Groupe.<\/a><\/p>\n<p>&#8211; Si nous n\u2019offrons pas la danse (ou niveau) de votre choix,<a href=\"http:\/\/www.danceconmigo.com\/fr\/coursdegroupe\/\">svp, consid\u00e9rez d\u2019organiser votre propre groupe.<\/a><\/p>\n<p>&nbsp;<\/p>\n<p>&nbsp;<\/p>\n<p>&nbsp;<\/p>\n<p>&nbsp;<\/p>\n<h1><a href=\"https:\/\/i0.wp.com\/www.danceconmigo.com\/wp-content\/uploads\/2013\/02\/CherylAlainSalsaSweetheart1.jpg\"><img data-recalc-dims=\"1\" loading=\"lazy\" decoding=\"async\" class=\"alignright size-medium wp-image-782\" src=\"https:\/\/i0.wp.com\/www.danceconmigo.com\/wp-content\/uploads\/2013\/02\/CherylAlainSalsaSweetheart1-226x300.jpg?resize=226%2C300\" alt=\"Cheryl&amp;AlainSalsaSweetheart\" width=\"226\" height=\"300\" srcset=\"https:\/\/i0.wp.com\/danceconmigo.com\/wp-content\/uploads\/2013\/02\/CherylAlainSalsaSweetheart1.jpg?resize=226%2C300&amp;ssl=1 226w, https:\/\/i0.wp.com\/danceconmigo.com\/wp-content\/uploads\/2013\/02\/CherylAlainSalsaSweetheart1.jpg?w=302&amp;ssl=1 302w\" sizes=\"auto, (max-width: 226px) 100vw, 226px\" \/><\/a>Cours priv\u00e9s &#8211; Salsa<\/h1>\n<p><strong>Les cours priv\u00e9s sont id\u00e9ales pour\u00a0:<\/strong><\/p>\n<p>&#8211; les c\u00e9libataires ou les couples qui veulent apprendre \u00e0 leur propre rythme<br \/>\n&#8211; les c\u00e9libataires ou les couples qui veulent \u00e9tablir le programme\/l\u2019horaire de leurs cours<br \/>\n&#8211; Les couples qui se marient et qui veulent pr\u00e9parer leur premi\u00e8re danse<br \/>\n&#8211; les c\u00e9libataires ou les couples qui pr\u00e9f\u00e8rent un cadre priv\u00e9 plut\u00f4t qu\u2019un groupe<br \/>\n&#8211; pour 3 ou plus \u00e9l\u00e8ves (semi-priv\u00e9), svp, consulter notre\u00a0<a href=\"http:\/\/www.danceconmigo.com\/fr\/coursdegroupe\/\">Page de Groupe<\/a><br \/>\nPour plus d\u2019informations,\u00a0<a href=\"http:\/\/www.danceconmigo.com\/fr\/coursprives\/\">svp,\u00a0Consultez notre Page de Cours Priv\u00e9s.<\/a><\/p>\n<p>Pour reserver un Cours Priv\u00e9s,\u00a0<a href=\"http:\/\/www.danceconmigo.com\/fr\/nousjoindre\/\">svp,\u00a0Contactez-nous.<\/a><\/p>\n<form action=\"https:\/\/www.paypal.com\/cgi-bin\/webscr\" method=\"post\"><input name=\"business\" type=\"hidden\" value=\"VKCFEV7BCBK78\" \/> <!-- Specify a Buy Now button. --> <input name=\"cmd\" type=\"hidden\" value=\"_xclick\" \/> <!-- Specify details about the item that buyers will purchase. --> <input name=\"item_name\" type=\"hidden\" value=\"Private Class\" \/> <input name=\"amount\" type=\"hidden\" value=\"50\" \/> <input name=\"currency_code\" type=\"hidden\" value=\"CAD\" \/> <!-- Provide a dropdown menu option field. --> <!-- Display the payment button. -->\u00a0<\/form>\n<p>&nbsp;<\/p>\n<h1><\/h1>\n<p><img data-recalc-dims=\"1\" loading=\"lazy\" decoding=\"async\" class=\"aligncenter\" src=\"https:\/\/i0.wp.com\/www.danceconmigo.com\/Images\/dc-wp-divider.png?resize=850%2C30\" alt=\"\" width=\"850\" height=\"30\" \/><\/p>\n<h1><img data-recalc-dims=\"1\" loading=\"lazy\" decoding=\"async\" class=\"alignleft\" src=\"https:\/\/i0.wp.com\/www.danceconmigo.com\/Images\/Rueda.jpg?resize=227%2C170\" alt=\"Rueda de Casino\" width=\"227\" height=\"170\" \/>Rueda<\/h1>\n<p>Rueda est le mot espagnol pour \u00abroue\u00bb. C&#8217;est une passionnante forme de salsa cubaine, qui se danse en cercle (ou \u00abroue\u00bb), avec deux couples ou plus. Le d\u00e9sign\u00e9 \u00abappelant\u00bb annonce la prochaine figure pour le groupe &#8211; la plupart des figures se terminent avec un changement de partenaires. Pour voir une ancienne d\u00e9monstration de Rueda avec nos \u00e9l\u00e8ves, cliquez<a href=\"http:\/\/www.youtube.com\/watch?v=20R2SAd9L9g\"> ici.<\/a><\/p>\n<p>&nbsp;<\/p>\n<p>&nbsp;<\/p>","protected":false},"excerpt":{"rendered":"<p>&nbsp; &nbsp; \u00a0Cours de Groupe &#8211; Salsa Les cours de groupe \u00e0 Dance Conmigo concentrer sur le plaisir, le confort, des explications claires et la technique solide.\u00a0Nous fournissons les outils pour facilement comprendre les mouvements, permettant un temps de pratique apr\u00e8s chaque nouvel \u00e9l\u00e9ment pour renforcer le confort et la confiance de l\u2019\u00e9tudiant. Nous enseignons [&hellip;]<\/p>\n","protected":false},"author":3,"featured_media":0,"parent":0,"menu_order":8,"comment_status":"open","ping_status":"open","template":"","meta":{"_uag_custom_page_level_css":"","site-sidebar-layout":"default","site-content-layout":"","ast-site-content-layout":"default","site-content-style":"default","site-sidebar-style":"default","ast-global-header-display":"","ast-banner-title-visibility":"","ast-main-header-display":"","ast-hfb-above-header-display":"","ast-hfb-below-header-display":"","ast-hfb-mobile-header-display":"","site-post-title":"","ast-breadcrumbs-content":"","ast-featured-img":"","footer-sml-layout":"","ast-disable-related-posts":"","theme-transparent-header-meta":"","adv-header-id-meta":"","stick-header-meta":"","header-above-stick-meta":"","header-main-stick-meta":"","header-below-stick-meta":"","astra-migrate-meta-layouts":"default","ast-page-background-enabled":"default","ast-page-background-meta":{"desktop":{"background-color":"","background-image":"","background-repeat":"repeat","background-position":"center center","background-size":"auto","background-attachment":"scroll","background-type":"","background-media":"","overlay-type":"","overlay-color":"","overlay-opacity":"","overlay-gradient":""},"tablet":{"background-color":"","background-image":"","background-repeat":"repeat","background-position":"center center","background-size":"auto","background-attachment":"scroll","background-type":"","background-media":"","overlay-type":"","overlay-color":"","overlay-opacity":"","overlay-gradient":""},"mobile":{"background-color":"","background-image":"","background-repeat":"repeat","background-position":"center center","background-size":"auto","background-attachment":"scroll","background-type":"","background-media":"","overlay-type":"","overlay-color":"","overlay-opacity":"","overlay-gradient":""}},"ast-content-background-meta":{"desktop":{"background-color":"var(--ast-global-color-5)","background-image":"","background-repeat":"repeat","background-position":"center center","background-size":"auto","background-attachment":"scroll","background-type":"","background-media":"","overlay-type":"","overlay-color":"","overlay-opacity":"","overlay-gradient":""},"tablet":{"background-color":"var(--ast-global-color-5)","background-image":"","background-repeat":"repeat","background-position":"center center","background-size":"auto","background-attachment":"scroll","background-type":"","background-media":"","overlay-type":"","overlay-color":"","overlay-opacity":"","overlay-gradient":""},"mobile":{"background-color":"var(--ast-global-color-5)","background-image":"","background-repeat":"repeat","background-position":"center center","background-size":"auto","background-attachment":"scroll","background-type":"","background-media":"","overlay-type":"","overlay-color":"","overlay-opacity":"","overlay-gradient":""}},"footnotes":""},"class_list":["post-43","page","type-page","status-publish","hentry"],"uagb_featured_image_src":{"full":false,"thumbnail":false,"medium":false,"medium_large":false,"large":false,"1536x1536":false,"2048x2048":false,"trp-custom-language-flag":false},"uagb_author_info":{"display_name":"Dance Conmigo","author_link":"https:\/\/danceconmigo.com\/fr\/author\/danceconmigo\/"},"uagb_comment_info":1,"uagb_excerpt":"&nbsp; &nbsp; \u00a0Cours de Groupe &#8211; Salsa Les cours de groupe \u00e0 Dance Conmigo concentrer sur le plaisir, le confort, des explications claires et la technique solide.\u00a0Nous fournissons les outils pour facilement comprendre les mouvements, permettant un temps de pratique apr\u00e8s chaque nouvel \u00e9l\u00e9ment pour renforcer le confort et la confiance de l\u2019\u00e9tudiant. Nous enseignons&hellip;","jetpack_sharing_enabled":true,"jetpack_shortlink":"https:\/\/wp.me\/P3Ld37-H","_links":{"self":[{"href":"https:\/\/danceconmigo.com\/fr\/wp-json\/wp\/v2\/pages\/43","targetHints":{"allow":["GET"]}}],"collection":[{"href":"https:\/\/danceconmigo.com\/fr\/wp-json\/wp\/v2\/pages"}],"about":[{"href":"https:\/\/danceconmigo.com\/fr\/wp-json\/wp\/v2\/types\/page"}],"author":[{"embeddable":true,"href":"https:\/\/danceconmigo.com\/fr\/wp-json\/wp\/v2\/users\/3"}],"replies":[{"embeddable":true,"href":"https:\/\/danceconmigo.com\/fr\/wp-json\/wp\/v2\/comments?post=43"}],"version-history":[{"count":44,"href":"https:\/\/danceconmigo.com\/fr\/wp-json\/wp\/v2\/pages\/43\/revisions"}],"predecessor-version":[{"id":2333,"href":"https:\/\/danceconmigo.com\/fr\/wp-json\/wp\/v2\/pages\/43\/revisions\/2333"}],"wp:attachment":[{"href":"https:\/\/danceconmigo.com\/fr\/wp-json\/wp\/v2\/media?parent=43"}],"curies":[{"name":"wp","href":"https:\/\/api.w.org\/{rel}","templated":true}]}}