{"id":40,"date":"2013-02-23T15:14:22","date_gmt":"2013-02-23T15:14:22","guid":{"rendered":"http:\/\/localhost\/danceconmigo\/dev\/ballroom-2\/"},"modified":"2015-01-05T21:15:05","modified_gmt":"2015-01-06T02:15:05","slug":"ballroom","status":"publish","type":"page","link":"https:\/\/danceconmigo.com\/fr\/ballroom\/","title":{"rendered":"Ballroom"},"content":{"rendered":"<p>&nbsp;<\/p>\n<h1><\/h1>\n<h1><strong><strong><img data-recalc-dims=\"1\" loading=\"lazy\" decoding=\"async\" class=\"alignleft\" alt=\"ballroom pose\" src=\"https:\/\/i0.wp.com\/www.danceconmigo.com\/Images\/ballroomPage\/BallroomPagePic_1.jpg?resize=285%2C348\" width=\"285\" height=\"348\" \/><\/strong><\/strong><\/h1>\n<h1>Cours priv\u00e9s &#8211; Ballroom<\/h1>\n<p>&nbsp;<br \/>\nApprenez les danses sociales si populaires &#8211; pour l&#8217;amusement, l&#8217;exercice, ou pour votre mariage ou \u00e9v\u00e9nement sp\u00e9cial!<\/p>\n<p style=\"text-align: center;\">LES DANSES &#8220;SMOOTH&#8221;<\/p>\n<p style=\"text-align: center;\"><strong>Valse<\/strong> &#8211; <strong>Tango Am\u00e9ricain<\/strong> &#8211; <strong>Foxtrot<\/strong> &#8211; <strong>Valse Viennoise<\/strong><\/p>\n<p style=\"text-align: center;\">LES DANSES &#8220;RHYTHM&#8221;<\/p>\n<p style=\"text-align: center;\"><strong>Cha-Cha<\/strong> &#8211; <strong>Rumba<\/strong> &#8211; <strong>Samba<\/strong> &#8211;<strong> Triple Swing<\/strong> &#8211; <strong>Merengue &#8211; Mambo<\/strong>\n<\/p>\n<p>Pour plus d\u2019informations,\u00a0<a href=\"http:\/\/www.danceconmigo.com\/fr\/coursprives\/\">svp,\u00a0Consultez notre Page de Cours Priv\u00e9s.<\/a><\/p>\n<p>Pour reserver un Cours Priv\u00e9s,\u00a0<a href=\"http:\/\/www.danceconmigo.com\/fr\/nousjoindre\/\">svp,\u00a0Contactez-nous.<\/a><\/p>\n<p><a href=\"http:\/\/www.danceconmigo.com\/fr\/nousjoindre\/\">\u00a0<\/a><br \/>\n&nbsp;<br \/>\n&nbsp;<\/p>\n<p><strong>Les cours priv\u00e9s sont id\u00e9ales pour\u00a0:<\/strong><\/p>\n<p>&#8211; Les couples qui se marient et qui veulent pr\u00e9parer leur premi\u00e8re danse<br \/>\n&#8211; les c\u00e9libataires ou les couples qui veulent apprendre \u00e0 leur propre rythme<br \/>\n&#8211; les c\u00e9libataires ou les couples qui veulent \u00e9tablir le programme\/l\u2019horaire de leurs cours<br \/>\n&#8211; les c\u00e9libataires ou les couples qui pr\u00e9f\u00e8rent un cadre priv\u00e9 plut\u00f4t qu\u2019un groupe<br \/>\n&#8211; pour 3 ou plus \u00e9l\u00e8ves (semi-priv\u00e9), svp, consulter notre\u00a0<a href=\"http:\/\/www.danceconmigo.com\/fr\/coursdegroupe\/\">Page de Groupe<\/a><\/p>\n<form action=\"https:\/\/www.paypal.com\/cgi-bin\/webscr\" method=\"post\"><img data-recalc-dims=\"1\" loading=\"lazy\" decoding=\"async\" class=\"aligncenter\" alt=\"\" src=\"https:\/\/i0.wp.com\/www.danceconmigo.com\/Images\/dc-wp-divider.png?resize=850%2C30\" width=\"850\" height=\"30\" \/><\/form>\n<p>&nbsp;<\/p>\n<div class=\"alignright\"><iframe loading=\"lazy\" src=\"http:\/\/www.youtube.com\/embed\/XF9T71cBrbE?rel=0\" height=\"318\" width=\"434\" allowfullscreen=\"\" frameborder=\"0\"><\/iframe><\/div>\n<h1 align=\"center\">Cours de Groupe<br \/>\nBallroom Sociale<\/h1>\n<p>Les cours de groupe \u00e0 Dance Conmigo concentrer sur le plaisir, le confort, des explications claires et la technique solide.\u00a0Nous fournissons les outils pour facilement comprendre les mouvements, permettant un temps de pratique apr\u00e8s chaque nouvel \u00e9l\u00e9ment pour renforcer le confort et la confiance de l&#8217;\u00e9tudiant.<\/p>\n<p>&#8211; Pour voir quels groupes nous offrons actuellement, <a href=\"http:\/\/www.danceconmigo.com\/fr\/coursdegroupe\/\">svp, consultez notre Page de Cours de Groupe.<\/a><\/p>\n<p>&#8211; Si nous n&#8217;offrons pas la danse (ou niveau) de votre choix, <a href=\"http:\/\/www.danceconmigo.com\/fr\/coursdegroupe\/\">svp, consid\u00e9rez d&#8217;organiser votre propre groupe.<\/a><\/p>","protected":false},"excerpt":{"rendered":"<p>&nbsp; Cours priv\u00e9s &#8211; Ballroom &nbsp; Apprenez les danses sociales si populaires &#8211; pour l&#8217;amusement, l&#8217;exercice, ou pour votre mariage ou \u00e9v\u00e9nement sp\u00e9cial! LES DANSES &#8220;SMOOTH&#8221; Valse &#8211; Tango Am\u00e9ricain &#8211; Foxtrot &#8211; Valse Viennoise LES DANSES &#8220;RHYTHM&#8221; Cha-Cha &#8211; Rumba &#8211; Samba &#8211; Triple Swing &#8211; Merengue &#8211; Mambo Pour plus d\u2019informations,\u00a0svp,\u00a0Consultez notre Page [&hellip;]<\/p>\n","protected":false},"author":3,"featured_media":0,"parent":0,"menu_order":19,"comment_status":"open","ping_status":"open","template":"","meta":{"_uag_custom_page_level_css":"","site-sidebar-layout":"default","site-content-layout":"","ast-site-content-layout":"default","site-content-style":"default","site-sidebar-style":"default","ast-global-header-display":"","ast-banner-title-visibility":"","ast-main-header-display":"","ast-hfb-above-header-display":"","ast-hfb-below-header-display":"","ast-hfb-mobile-header-display":"","site-post-title":"","ast-breadcrumbs-content":"","ast-featured-img":"","footer-sml-layout":"","ast-disable-related-posts":"","theme-transparent-header-meta":"","adv-header-id-meta":"","stick-header-meta":"","header-above-stick-meta":"","header-main-stick-meta":"","header-below-stick-meta":"","astra-migrate-meta-layouts":"default","ast-page-background-enabled":"default","ast-page-background-meta":{"desktop":{"background-color":"","background-image":"","background-repeat":"repeat","background-position":"center center","background-size":"auto","background-attachment":"scroll","background-type":"","background-media":"","overlay-type":"","overlay-color":"","overlay-opacity":"","overlay-gradient":""},"tablet":{"background-color":"","background-image":"","background-repeat":"repeat","background-position":"center center","background-size":"auto","background-attachment":"scroll","background-type":"","background-media":"","overlay-type":"","overlay-color":"","overlay-opacity":"","overlay-gradient":""},"mobile":{"background-color":"","background-image":"","background-repeat":"repeat","background-position":"center center","background-size":"auto","background-attachment":"scroll","background-type":"","background-media":"","overlay-type":"","overlay-color":"","overlay-opacity":"","overlay-gradient":""}},"ast-content-background-meta":{"desktop":{"background-color":"var(--ast-global-color-5)","background-image":"","background-repeat":"repeat","background-position":"center center","background-size":"auto","background-attachment":"scroll","background-type":"","background-media":"","overlay-type":"","overlay-color":"","overlay-opacity":"","overlay-gradient":""},"tablet":{"background-color":"var(--ast-global-color-5)","background-image":"","background-repeat":"repeat","background-position":"center center","background-size":"auto","background-attachment":"scroll","background-type":"","background-media":"","overlay-type":"","overlay-color":"","overlay-opacity":"","overlay-gradient":""},"mobile":{"background-color":"var(--ast-global-color-5)","background-image":"","background-repeat":"repeat","background-position":"center center","background-size":"auto","background-attachment":"scroll","background-type":"","background-media":"","overlay-type":"","overlay-color":"","overlay-opacity":"","overlay-gradient":""}},"footnotes":""},"class_list":["post-40","page","type-page","status-publish","hentry"],"uagb_featured_image_src":{"full":false,"thumbnail":false,"medium":false,"medium_large":false,"large":false,"1536x1536":false,"2048x2048":false,"trp-custom-language-flag":false},"uagb_author_info":{"display_name":"Dance Conmigo","author_link":"https:\/\/danceconmigo.com\/fr\/author\/danceconmigo\/"},"uagb_comment_info":0,"uagb_excerpt":"&nbsp; Cours priv\u00e9s &#8211; Ballroom &nbsp; Apprenez les danses sociales si populaires &#8211; pour l&#8217;amusement, l&#8217;exercice, ou pour votre mariage ou \u00e9v\u00e9nement sp\u00e9cial! LES DANSES &#8220;SMOOTH&#8221; Valse &#8211; Tango Am\u00e9ricain &#8211; Foxtrot &#8211; Valse Viennoise LES DANSES &#8220;RHYTHM&#8221; Cha-Cha &#8211; Rumba &#8211; Samba &#8211; Triple Swing &#8211; Merengue &#8211; Mambo Pour plus d\u2019informations,\u00a0svp,\u00a0Consultez notre Page&hellip;","jetpack_sharing_enabled":true,"jetpack_shortlink":"https:\/\/wp.me\/P3Ld37-E","_links":{"self":[{"href":"https:\/\/danceconmigo.com\/fr\/wp-json\/wp\/v2\/pages\/40","targetHints":{"allow":["GET"]}}],"collection":[{"href":"https:\/\/danceconmigo.com\/fr\/wp-json\/wp\/v2\/pages"}],"about":[{"href":"https:\/\/danceconmigo.com\/fr\/wp-json\/wp\/v2\/types\/page"}],"author":[{"embeddable":true,"href":"https:\/\/danceconmigo.com\/fr\/wp-json\/wp\/v2\/users\/3"}],"replies":[{"embeddable":true,"href":"https:\/\/danceconmigo.com\/fr\/wp-json\/wp\/v2\/comments?post=40"}],"version-history":[{"count":27,"href":"https:\/\/danceconmigo.com\/fr\/wp-json\/wp\/v2\/pages\/40\/revisions"}],"predecessor-version":[{"id":825,"href":"https:\/\/danceconmigo.com\/fr\/wp-json\/wp\/v2\/pages\/40\/revisions\/825"}],"wp:attachment":[{"href":"https:\/\/danceconmigo.com\/fr\/wp-json\/wp\/v2\/media?parent=40"}],"curies":[{"name":"wp","href":"https:\/\/api.w.org\/{rel}","templated":true}]}}