{"id":3432,"date":"2023-10-10T22:26:16","date_gmt":"2023-10-11T02:26:16","guid":{"rendered":"https:\/\/www.danceconmigo.com\/?page_id=3432"},"modified":"2023-10-11T01:27:30","modified_gmt":"2023-10-11T05:27:30","slug":"inscription-registration-mix","status":"publish","type":"page","link":"https:\/\/danceconmigo.com\/fr\/inscription-registration-mix\/","title":{"rendered":"Inscription \/ Registration Mix"},"content":{"rendered":"\n<p>Apprenez les bases d&#8217;une danse diff\u00e9rente chaque semaine ! Ce cours vous pr\u00e9sentera les rythmes, le lead and follow, et les pas de base de de huit danses amusantes, adapt\u00e9es aux d\u00e9butants. Vous pouvez vous inscrire par classe (15$) ou vous inscrire pour les 8 semaine pour 80$<\/p>\n\n\n\n<p><strong><em>Learn the basics of a different dance each week!<\/em><\/strong>  <em><strong>This course will introduce you to the dance hold, lead-and-follow, rhythms, and basic patterns of eight fun, beginner-friendly dances. <\/strong><\/em> <strong>You can register by the class ($15) or commit to the full 8 weeks for $80<\/strong><\/p>\n\n\n\n<figure class=\"wp-block-image size-full is-resized\"><a href=\"https:\/\/i0.wp.com\/danceconmigo.com\/wp-content\/uploads\/2023\/10\/BallroomLatinSched.png?ssl=1\"><img data-recalc-dims=\"1\" loading=\"lazy\" decoding=\"async\" src=\"https:\/\/i0.wp.com\/danceconmigo.com\/wp-content\/uploads\/2023\/10\/BallroomLatinSched.png?resize=962%2C541&#038;ssl=1\" alt=\"\" class=\"wp-image-3440\" style=\"width:962px;height:541px\" width=\"962\" height=\"541\" srcset=\"https:\/\/i0.wp.com\/danceconmigo.com\/wp-content\/uploads\/2023\/10\/BallroomLatinSched.png?w=666&amp;ssl=1 666w, https:\/\/i0.wp.com\/danceconmigo.com\/wp-content\/uploads\/2023\/10\/BallroomLatinSched.png?resize=300%2C169&amp;ssl=1 300w, https:\/\/i0.wp.com\/danceconmigo.com\/wp-content\/uploads\/2023\/10\/BallroomLatinSched.png?resize=18%2C10&amp;ssl=1 18w\" sizes=\"auto, (max-width: 962px) 100vw, 962px\" \/><\/a><\/figure>\n\n\n\n<h2 class=\"wp-block-heading\">BALLROOM &amp; LATIN mix<\/h2>\n\n\n\n<div class=\"wp-block-group is-nowrap is-layout-flex wp-container-core-group-is-layout-bcde1d39 wp-block-group-is-layout-flex\" style=\"padding-top:0;padding-right:0;padding-bottom:0;padding-left:0\">\n<div class=\"wp-block-group is-vertical is-layout-flex wp-container-core-group-is-layout-fe9cc265 wp-block-group-is-layout-flex\">\n<p><strong>Samedis<\/strong> <strong>13h-14h<\/strong>\/Saturdays 1pm-2pm<br><strong>21 oct- 9 d\u00e9c (8 sem.)<\/strong> \/ Oct 21 &#8211; Dec 9 (8 weeks)<br><strong>15$\/classe (Interac ou comptant) ou <\/strong><br><strong>80$\/session (Interac ou Paypal<\/strong>)<br>$15\/class (Interac or cash) <br>or $80\/session (Interac or Paypal)<\/p>\n\n\n\n<p><strong>@ LA MAISON DE L&#8217;AMITI\u00c9<br><\/strong>120 Duluth ave. Est<\/p>\n<\/div>\n\n\n\n<figure class=\"wp-block-image size-full is-resized\"><a href=\"https:\/\/i0.wp.com\/danceconmigo.com\/wp-content\/uploads\/2023\/10\/BallroomRegistration.png?ssl=1\"><img data-recalc-dims=\"1\" loading=\"lazy\" decoding=\"async\" src=\"https:\/\/i0.wp.com\/danceconmigo.com\/wp-content\/uploads\/2023\/10\/BallroomRegistration.png?resize=271%2C341&#038;ssl=1\" alt=\"\" class=\"wp-image-3462\" style=\"width:271px;height:341px\" width=\"271\" height=\"341\" srcset=\"https:\/\/i0.wp.com\/danceconmigo.com\/wp-content\/uploads\/2023\/10\/BallroomRegistration.png?w=295&amp;ssl=1 295w, https:\/\/i0.wp.com\/danceconmigo.com\/wp-content\/uploads\/2023\/10\/BallroomRegistration.png?resize=239%2C300&amp;ssl=1 239w, https:\/\/i0.wp.com\/danceconmigo.com\/wp-content\/uploads\/2023\/10\/BallroomRegistration.png?resize=10%2C12&amp;ssl=1 10w\" sizes=\"auto, (max-width: 271px) 100vw, 271px\" \/><\/a><\/figure>\n<\/div>\n\n\n\n<div style=\"height:100px\" aria-hidden=\"true\" class=\"wp-block-spacer\"><\/div>\n\n\n\n<p><strong>Pour s\u2019inscrire\/To register and secure your place:<\/strong><\/p>\n\n\n\n<div class=\"wp-block-group is-nowrap is-layout-flex wp-container-core-group-is-layout-b6b71352 wp-block-group-is-layout-flex\" style=\"padding-right:0;padding-left:0\">\n<figure class=\"wp-block-image size-full is-resized\"><a href=\"https:\/\/i0.wp.com\/danceconmigo.com\/wp-content\/uploads\/2022\/12\/interac.png?ssl=1\"><img data-recalc-dims=\"1\" loading=\"lazy\" decoding=\"async\" src=\"https:\/\/i0.wp.com\/danceconmigo.com\/wp-content\/uploads\/2022\/12\/interac.png?resize=92%2C92&#038;ssl=1\" alt=\"\" class=\"wp-image-2405\" style=\"width:92px;height:92px\" width=\"92\" height=\"92\" srcset=\"https:\/\/i0.wp.com\/danceconmigo.com\/wp-content\/uploads\/2022\/12\/interac.png?w=600&amp;ssl=1 600w, https:\/\/i0.wp.com\/danceconmigo.com\/wp-content\/uploads\/2022\/12\/interac.png?resize=300%2C300&amp;ssl=1 300w, https:\/\/i0.wp.com\/danceconmigo.com\/wp-content\/uploads\/2022\/12\/interac.png?resize=150%2C150&amp;ssl=1 150w, https:\/\/i0.wp.com\/danceconmigo.com\/wp-content\/uploads\/2022\/12\/interac.png?resize=100%2C100&amp;ssl=1 100w\" sizes=\"auto, (max-width: 92px) 100vw, 92px\" \/><\/a><\/figure>\n\n\n\n<p>To pay with Interac,<a href=\"https:\/\/danceconmigo.com\/interac\/\"> click here<br><\/a>Pour payer avec Interac,<a href=\"https:\/\/danceconmigo.com\/interac\/\"> cliquez ici<\/a><\/p>\n<\/div>\n\n\n\n<p>Pour payer la S\u00c9ANCE COMPL\u00c8TE avec paypal \/ To Pay for FULL SESSION using Paypal: <\/p>\n\n\n\n<div id=\"smart-button-container\">\n      <div style=\"text-align: center;\">\n        <div id=\"paypal-button-container\"><\/div>\n      <\/div>\n    <\/div>\n  <script src=\"https:\/\/www.paypal.com\/sdk\/js?client-id=AVLGgb8vwhUDc_mpFr_H79s7rsLdGc422p7hoM6xZMVhSCGrb-O2Hw72pWQHDOwArVPWKey-o0b1aYUk&amp;enable-funding=venmo&amp;currency=CAD\" data-sdk-integration-source=\"button-factory\"><\/script>\n  <script>\n    function initPayPalButton() {\n      paypal.Buttons({\n        style: {\n          shape: 'pill',\n          color: 'gold',\n          layout: 'vertical',\n          label: 'paypal',\n          \n        },\n\n        createOrder: function(data, actions) {\n          return actions.order.create({\n            purchase_units: [{\"description\":\"Ballroom & Latin 1\",\"amount\":{\"currency_code\":\"CAD\",\"value\":80}}]\n          });\n        },\n\n        onApprove: function(data, actions) {\n          return actions.order.capture().then(function(orderData) {\n            \n            \/\/ Full available details\n            console.log('Capture result', orderData, JSON.stringify(orderData, null, 2));\n\n            \/\/ Show a success message within this page, e.g.\n            const element = document.getElementById('paypal-button-container');\n            element.innerHTML = '';\n            element.innerHTML = '<h3>Thank you for your payment!<\/h3>';\n\n            \/\/ Or go to another URL:  actions.redirect('thank_you.html');\n            \n          });\n        },\n\n        onError: function(err) {\n          console.log(err);\n        }\n      }).render('#paypal-button-container');\n    }\n    initPayPalButton();\n  <\/script>\n\n\n\n<p><strong>On se verra en classe!<\/strong><em> See you in class!<\/em><\/p>\n","protected":false},"excerpt":{"rendered":"<p>Apprenez les bases d&#8217;une danse diff\u00e9rente chaque semaine ! Ce cours vous pr\u00e9sentera les rythmes, le lead and follow, et les pas de base de de huit danses amusantes, adapt\u00e9es aux d\u00e9butants. Vous pouvez vous inscrire par classe (15$) ou vous inscrire pour les 8 semaine pour 80$ Learn the basics of a different dance [&hellip;]<\/p>\n","protected":false},"author":3,"featured_media":0,"parent":0,"menu_order":0,"comment_status":"closed","ping_status":"closed","template":"","meta":{"_uag_custom_page_level_css":"","site-sidebar-layout":"default","site-content-layout":"","ast-site-content-layout":"default","site-content-style":"default","site-sidebar-style":"default","ast-global-header-display":"","ast-banner-title-visibility":"","ast-main-header-display":"","ast-hfb-above-header-display":"","ast-hfb-below-header-display":"","ast-hfb-mobile-header-display":"","site-post-title":"","ast-breadcrumbs-content":"","ast-featured-img":"","footer-sml-layout":"","ast-disable-related-posts":"","theme-transparent-header-meta":"","adv-header-id-meta":"","stick-header-meta":"","header-above-stick-meta":"","header-main-stick-meta":"","header-below-stick-meta":"","astra-migrate-meta-layouts":"default","ast-page-background-enabled":"default","ast-page-background-meta":{"desktop":{"background-color":"","background-image":"","background-repeat":"repeat","background-position":"center center","background-size":"auto","background-attachment":"scroll","background-type":"","background-media":"","overlay-type":"","overlay-color":"","overlay-opacity":"","overlay-gradient":""},"tablet":{"background-color":"","background-image":"","background-repeat":"repeat","background-position":"center center","background-size":"auto","background-attachment":"scroll","background-type":"","background-media":"","overlay-type":"","overlay-color":"","overlay-opacity":"","overlay-gradient":""},"mobile":{"background-color":"","background-image":"","background-repeat":"repeat","background-position":"center center","background-size":"auto","background-attachment":"scroll","background-type":"","background-media":"","overlay-type":"","overlay-color":"","overlay-opacity":"","overlay-gradient":""}},"ast-content-background-meta":{"desktop":{"background-color":"var(--ast-global-color-5)","background-image":"","background-repeat":"repeat","background-position":"center center","background-size":"auto","background-attachment":"scroll","background-type":"","background-media":"","overlay-type":"","overlay-color":"","overlay-opacity":"","overlay-gradient":""},"tablet":{"background-color":"var(--ast-global-color-5)","background-image":"","background-repeat":"repeat","background-position":"center center","background-size":"auto","background-attachment":"scroll","background-type":"","background-media":"","overlay-type":"","overlay-color":"","overlay-opacity":"","overlay-gradient":""},"mobile":{"background-color":"var(--ast-global-color-5)","background-image":"","background-repeat":"repeat","background-position":"center center","background-size":"auto","background-attachment":"scroll","background-type":"","background-media":"","overlay-type":"","overlay-color":"","overlay-opacity":"","overlay-gradient":""}},"jetpack_post_was_ever_published":false,"footnotes":""},"class_list":["post-3432","page","type-page","status-publish","hentry"],"uagb_featured_image_src":{"full":false,"thumbnail":false,"medium":false,"medium_large":false,"large":false,"1536x1536":false,"2048x2048":false,"trp-custom-language-flag":false},"uagb_author_info":{"display_name":"Dance Conmigo","author_link":"https:\/\/danceconmigo.com\/fr\/author\/danceconmigo\/"},"uagb_comment_info":0,"uagb_excerpt":"Apprenez les bases d&#8217;une danse diff\u00e9rente chaque semaine ! Ce cours vous pr\u00e9sentera les rythmes, le lead and follow, et les pas de base de de huit danses amusantes, adapt\u00e9es aux d\u00e9butants. Vous pouvez vous inscrire par classe (15$) ou vous inscrire pour les 8 semaine pour 80$ Learn the basics of a different dance&hellip;","jetpack_sharing_enabled":true,"jetpack_shortlink":"https:\/\/wp.me\/P3Ld37-Tm","_links":{"self":[{"href":"https:\/\/danceconmigo.com\/fr\/wp-json\/wp\/v2\/pages\/3432","targetHints":{"allow":["GET"]}}],"collection":[{"href":"https:\/\/danceconmigo.com\/fr\/wp-json\/wp\/v2\/pages"}],"about":[{"href":"https:\/\/danceconmigo.com\/fr\/wp-json\/wp\/v2\/types\/page"}],"author":[{"embeddable":true,"href":"https:\/\/danceconmigo.com\/fr\/wp-json\/wp\/v2\/users\/3"}],"replies":[{"embeddable":true,"href":"https:\/\/danceconmigo.com\/fr\/wp-json\/wp\/v2\/comments?post=3432"}],"version-history":[{"count":5,"href":"https:\/\/danceconmigo.com\/fr\/wp-json\/wp\/v2\/pages\/3432\/revisions"}],"predecessor-version":[{"id":3486,"href":"https:\/\/danceconmigo.com\/fr\/wp-json\/wp\/v2\/pages\/3432\/revisions\/3486"}],"wp:attachment":[{"href":"https:\/\/danceconmigo.com\/fr\/wp-json\/wp\/v2\/media?parent=3432"}],"curies":[{"name":"wp","href":"https:\/\/api.w.org\/{rel}","templated":true}]}}