{"id":3430,"date":"2023-10-10T22:21:37","date_gmt":"2023-10-11T02:21:37","guid":{"rendered":"https:\/\/www.danceconmigo.com\/?page_id=3430"},"modified":"2023-10-11T01:24:08","modified_gmt":"2023-10-11T05:24:08","slug":"inscription-registration-salsa","status":"publish","type":"page","link":"https:\/\/danceconmigo.com\/fr\/inscription-registration-salsa\/","title":{"rendered":"Inscription \/ Registration salsa"},"content":{"rendered":"\n<p>D\u00e9couvrez la Salsa &#8211; dans un environnement amusant et convivial. Cette classe d&#8217;introduction est con\u00e7ue pour les d\u00e9butants complets ou ceux qui souhaitent revoir leurs bases. Apprenez le rythme, la prise de danse, les pas de base et les tours de cette danse la plus populaire &#8211; et soyez pr\u00eat(e) pour les clubs !<\/p>\n\n\n\n<p><strong><em>Discover Salsa \u2013 in a fun and friendly environment.&nbsp; This 8-week introduction class is designed for complete beginners or those who want to brush up on their basics.&nbsp; Learn the rhythm, dance hold, basic steps and turns of this most popular dance \u2013 and be ready for the clubs!<\/em><\/strong><\/p>\n\n\n\n<div style=\"height:36px\" aria-hidden=\"true\" class=\"wp-block-spacer\"><\/div>\n\n\n\n<h2 class=\"wp-block-heading\"><strong>SALSA 1 <\/strong><\/h2>\n\n\n\n<div class=\"wp-block-group alignfull is-content-justification-left is-nowrap is-layout-flex wp-container-core-group-is-layout-2c3c8400 wp-block-group-is-layout-flex\" style=\"margin-top:0;margin-bottom:0;padding-top:var(--wp--preset--spacing--60);padding-right:var(--wp--preset--spacing--80);padding-bottom:var(--wp--preset--spacing--60);padding-left:var(--wp--preset--spacing--80)\">\n<div class=\"wp-block-group is-vertical is-layout-flex wp-container-core-group-is-layout-fe9cc265 wp-block-group-is-layout-flex\">\n<p><strong>Samedis<\/strong> <strong>12h-13h<\/strong>\/Saturdays 12pm-1pm<br><strong>21 oct- 9 d\u00e9c (8 sem.)<\/strong> \/ Oct 21 &#8211; Dec 9 (8 weeks)<br><strong>120$\/personne<\/strong> \/ $120\/person<\/p>\n\n\n\n<p><strong>@ LA MAISON DE L&#8217;AMITI\u00c9<br><\/strong>120 Duluth ave. Est<\/p>\n<\/div>\n\n\n\n<figure class=\"wp-block-image size-full\"><a href=\"https:\/\/i0.wp.com\/danceconmigo.com\/wp-content\/uploads\/2023\/10\/SalsaRegistration.png?ssl=1\"><img data-recalc-dims=\"1\" loading=\"lazy\" decoding=\"async\" width=\"275\" height=\"348\" src=\"https:\/\/i0.wp.com\/danceconmigo.com\/wp-content\/uploads\/2023\/10\/SalsaRegistration.png?resize=275%2C348&#038;ssl=1\" alt=\"\" class=\"wp-image-3457\" srcset=\"https:\/\/i0.wp.com\/danceconmigo.com\/wp-content\/uploads\/2023\/10\/SalsaRegistration.png?w=275&amp;ssl=1 275w, https:\/\/i0.wp.com\/danceconmigo.com\/wp-content\/uploads\/2023\/10\/SalsaRegistration.png?resize=237%2C300&amp;ssl=1 237w, https:\/\/i0.wp.com\/danceconmigo.com\/wp-content\/uploads\/2023\/10\/SalsaRegistration.png?resize=9%2C12&amp;ssl=1 9w\" sizes=\"auto, (max-width: 275px) 100vw, 275px\" \/><\/a><\/figure>\n<\/div>\n\n\n\n<div style=\"height:61px\" aria-hidden=\"true\" class=\"wp-block-spacer\"><\/div>\n\n\n\n<p><strong>Pour s\u2019inscrire\/To register and secure your place:<\/strong><\/p>\n\n\n\n<div class=\"wp-block-group is-nowrap is-layout-flex wp-container-core-group-is-layout-b6b71352 wp-block-group-is-layout-flex\" style=\"padding-right:0;padding-left:0\">\n<figure class=\"wp-block-image size-full is-resized\"><a href=\"https:\/\/i0.wp.com\/danceconmigo.com\/wp-content\/uploads\/2022\/12\/interac.png?ssl=1\"><img data-recalc-dims=\"1\" loading=\"lazy\" decoding=\"async\" src=\"https:\/\/i0.wp.com\/danceconmigo.com\/wp-content\/uploads\/2022\/12\/interac.png?resize=92%2C92&#038;ssl=1\" alt=\"\" class=\"wp-image-2405\" style=\"width:92px;height:92px\" width=\"92\" height=\"92\" srcset=\"https:\/\/i0.wp.com\/danceconmigo.com\/wp-content\/uploads\/2022\/12\/interac.png?w=600&amp;ssl=1 600w, https:\/\/i0.wp.com\/danceconmigo.com\/wp-content\/uploads\/2022\/12\/interac.png?resize=300%2C300&amp;ssl=1 300w, https:\/\/i0.wp.com\/danceconmigo.com\/wp-content\/uploads\/2022\/12\/interac.png?resize=150%2C150&amp;ssl=1 150w, https:\/\/i0.wp.com\/danceconmigo.com\/wp-content\/uploads\/2022\/12\/interac.png?resize=100%2C100&amp;ssl=1 100w\" sizes=\"auto, (max-width: 92px) 100vw, 92px\" \/><\/a><\/figure>\n\n\n\n<p>To pay with Interac,<a href=\"https:\/\/danceconmigo.com\/interac\/\"> click here<br><\/a>Pour payer avec Interac,<a href=\"https:\/\/danceconmigo.com\/interac\/\"> cliquez ici<\/a><\/p>\n<\/div>\n\n\n\n<div id=\"smart-button-container\">\n      <div style=\"text-align: center;\">\n        <div id=\"paypal-button-container\"><\/div>\n      <\/div>\n    <\/div>\n  <script src=\"https:\/\/www.paypal.com\/sdk\/js?client-id=AVLGgb8vwhUDc_mpFr_H79s7rsLdGc422p7hoM6xZMVhSCGrb-O2Hw72pWQHDOwArVPWKey-o0b1aYUk&amp;enable-funding=venmo&amp;currency=CAD\" data-sdk-integration-source=\"button-factory\"><\/script>\n  <script>\n    function initPayPalButton() {\n      paypal.Buttons({\n        style: {\n          shape: 'pill',\n          color: 'gold',\n          layout: 'vertical',\n          label: 'paypal',\n          \n        },\n\n        createOrder: function(data, actions) {\n          return actions.order.create({\n            purchase_units: [{\"description\":\"Cours de Salsa 1 \/ Salsa 1 Class\",\"amount\":{\"currency_code\":\"CAD\",\"value\":120}}]\n          });\n        },\n\n        onApprove: function(data, actions) {\n          return actions.order.capture().then(function(orderData) {\n            \n            \/\/ Full available details\n            console.log('Capture result', orderData, JSON.stringify(orderData, null, 2));\n\n            \/\/ Show a success message within this page, e.g.\n            const element = document.getElementById('paypal-button-container');\n            element.innerHTML = '';\n            element.innerHTML = '<h3>Thank you for your payment!<\/h3>';\n\n            \/\/ Or go to another URL:  actions.redirect('thank_you.html');\n            \n          });\n        },\n\n        onError: function(err) {\n          console.log(err);\n        }\n      }).render('#paypal-button-container');\n    }\n    initPayPalButton();\n  <\/script>\n\n\n\n<p><strong>On se verra en classe!<\/strong><em>  See you in class!<\/em><\/p>\n","protected":false},"excerpt":{"rendered":"<p>D\u00e9couvrez la Salsa &#8211; dans un environnement amusant et convivial. Cette classe d&#8217;introduction est con\u00e7ue pour les d\u00e9butants complets ou ceux qui souhaitent revoir leurs bases. Apprenez le rythme, la prise de danse, les pas de base et les tours de cette danse la plus populaire &#8211; et soyez pr\u00eat(e) pour les clubs ! Discover [&hellip;]<\/p>\n","protected":false},"author":3,"featured_media":0,"parent":0,"menu_order":0,"comment_status":"closed","ping_status":"closed","template":"","meta":{"_uag_custom_page_level_css":"","site-sidebar-layout":"default","site-content-layout":"","ast-site-content-layout":"default","site-content-style":"default","site-sidebar-style":"default","ast-global-header-display":"","ast-banner-title-visibility":"","ast-main-header-display":"","ast-hfb-above-header-display":"","ast-hfb-below-header-display":"","ast-hfb-mobile-header-display":"","site-post-title":"","ast-breadcrumbs-content":"","ast-featured-img":"","footer-sml-layout":"","ast-disable-related-posts":"","theme-transparent-header-meta":"","adv-header-id-meta":"","stick-header-meta":"","header-above-stick-meta":"","header-main-stick-meta":"","header-below-stick-meta":"","astra-migrate-meta-layouts":"default","ast-page-background-enabled":"default","ast-page-background-meta":{"desktop":{"background-color":"","background-image":"","background-repeat":"repeat","background-position":"center center","background-size":"auto","background-attachment":"scroll","background-type":"","background-media":"","overlay-type":"","overlay-color":"","overlay-opacity":"","overlay-gradient":""},"tablet":{"background-color":"","background-image":"","background-repeat":"repeat","background-position":"center center","background-size":"auto","background-attachment":"scroll","background-type":"","background-media":"","overlay-type":"","overlay-color":"","overlay-opacity":"","overlay-gradient":""},"mobile":{"background-color":"","background-image":"","background-repeat":"repeat","background-position":"center center","background-size":"auto","background-attachment":"scroll","background-type":"","background-media":"","overlay-type":"","overlay-color":"","overlay-opacity":"","overlay-gradient":""}},"ast-content-background-meta":{"desktop":{"background-color":"var(--ast-global-color-5)","background-image":"","background-repeat":"repeat","background-position":"center center","background-size":"auto","background-attachment":"scroll","background-type":"","background-media":"","overlay-type":"","overlay-color":"","overlay-opacity":"","overlay-gradient":""},"tablet":{"background-color":"var(--ast-global-color-5)","background-image":"","background-repeat":"repeat","background-position":"center center","background-size":"auto","background-attachment":"scroll","background-type":"","background-media":"","overlay-type":"","overlay-color":"","overlay-opacity":"","overlay-gradient":""},"mobile":{"background-color":"var(--ast-global-color-5)","background-image":"","background-repeat":"repeat","background-position":"center center","background-size":"auto","background-attachment":"scroll","background-type":"","background-media":"","overlay-type":"","overlay-color":"","overlay-opacity":"","overlay-gradient":""}},"jetpack_post_was_ever_published":false,"footnotes":""},"class_list":["post-3430","page","type-page","status-publish","hentry"],"uagb_featured_image_src":{"full":false,"thumbnail":false,"medium":false,"medium_large":false,"large":false,"1536x1536":false,"2048x2048":false,"trp-custom-language-flag":false},"uagb_author_info":{"display_name":"Dance Conmigo","author_link":"https:\/\/danceconmigo.com\/fr\/author\/danceconmigo\/"},"uagb_comment_info":0,"uagb_excerpt":"D\u00e9couvrez la Salsa &#8211; dans un environnement amusant et convivial. Cette classe d&#8217;introduction est con\u00e7ue pour les d\u00e9butants complets ou ceux qui souhaitent revoir leurs bases. Apprenez le rythme, la prise de danse, les pas de base et les tours de cette danse la plus populaire &#8211; et soyez pr\u00eat(e) pour les clubs ! Discover&hellip;","jetpack_sharing_enabled":true,"jetpack_shortlink":"https:\/\/wp.me\/P3Ld37-Tk","_links":{"self":[{"href":"https:\/\/danceconmigo.com\/fr\/wp-json\/wp\/v2\/pages\/3430","targetHints":{"allow":["GET"]}}],"collection":[{"href":"https:\/\/danceconmigo.com\/fr\/wp-json\/wp\/v2\/pages"}],"about":[{"href":"https:\/\/danceconmigo.com\/fr\/wp-json\/wp\/v2\/types\/page"}],"author":[{"embeddable":true,"href":"https:\/\/danceconmigo.com\/fr\/wp-json\/wp\/v2\/users\/3"}],"replies":[{"embeddable":true,"href":"https:\/\/danceconmigo.com\/fr\/wp-json\/wp\/v2\/comments?post=3430"}],"version-history":[{"count":5,"href":"https:\/\/danceconmigo.com\/fr\/wp-json\/wp\/v2\/pages\/3430\/revisions"}],"predecessor-version":[{"id":3485,"href":"https:\/\/danceconmigo.com\/fr\/wp-json\/wp\/v2\/pages\/3430\/revisions\/3485"}],"wp:attachment":[{"href":"https:\/\/danceconmigo.com\/fr\/wp-json\/wp\/v2\/media?parent=3430"}],"curies":[{"name":"wp","href":"https:\/\/api.w.org\/{rel}","templated":true}]}}