{"id":3131,"date":"2023-06-16T19:54:50","date_gmt":"2023-06-16T23:54:50","guid":{"rendered":"https:\/\/www.danceconmigo.com\/?page_id=3131"},"modified":"2024-05-02T15:25:37","modified_gmt":"2024-05-02T19:25:37","slug":"animation","status":"publish","type":"page","link":"https:\/\/danceconmigo.com\/fr\/animation\/","title":{"rendered":"Animation"},"content":{"rendered":"<div class=\"wp-block-uagb-container uagb-block-b2f9639a alignfull uagb-is-root-container\"><div class=\"uagb-container-inner-blocks-wrap\">\n<div class=\"wp-block-uagb-advanced-heading uagb-block-45d24194\"><h1 class=\"uagb-heading-text\">Animation<\/h1><\/div>\n<\/div><\/div>\n\n\n\n<div class=\"wp-block-columns is-layout-flex wp-container-core-columns-is-layout-28f84493 wp-block-columns-is-layout-flex\">\n<div class=\"wp-block-column is-layout-flow wp-block-column-is-layout-flow\">\n<p><strong>Menu<\/strong><\/p>\n\n\n\n<ul class=\"wp-block-list\">\n<li><a href=\"#First-dance\" target=\"_blank\" rel=\"noreferrer noopener\">Premi\u00e8re Danse<\/a><\/li>\n\n\n\n<li><a href=\"#Bachelorette\" target=\"_blank\" rel=\"noreferrer noopener\">Enterrements de vie de jeune fille<\/a><\/li>\n\n\n\n<li><a href=\"#Flash-Mobs\" target=\"_blank\" rel=\"noreferrer noopener\">Flash mobs des gar\u00e7ons d'honneur et\/ou des demoiselles d'honneur<\/a><\/li>\n\n\n\n<li><a href=\"#Others\" target=\"_blank\" rel=\"noreferrer noopener\">Autres danses et services<\/a><\/li>\n<\/ul>\n<\/div>\n\n\n\n<div class=\"wp-block-column is-layout-flow wp-block-column-is-layout-flow\"><\/div>\n<\/div>\n\n\n\n<h3 class=\"wp-block-heading has-text-align-center\" id=\"high-schools\">Cours dans les \u00e9coles secondaires pour activit\u00e9s culturelles<\/h3>\n\n\n\n<div class=\"wp-block-columns is-layout-flex wp-container-core-columns-is-layout-28f84493 wp-block-columns-is-layout-flex\">\n<div class=\"wp-block-column is-layout-flow wp-block-column-is-layout-flow\">\n<div class=\"wp-block-columns is-layout-flex wp-container-core-columns-is-layout-28f84493 wp-block-columns-is-layout-flex\">\n<div class=\"wp-block-column is-layout-flow wp-block-column-is-layout-flow\">\n<p>Nous proposons des ateliers de danse captivants pour les \u00e9l\u00e8ves du secondaire, les CEGEPs et les \u00e9tudiants universitaires. <\/p>\n\n\n\n<p>Ces ateliers servent non seulement d'activit\u00e9s interculturelles mais sont souvent int\u00e9gr\u00e9s aux programmes de cours d'espagnol, nous permettant d'enseigner des danses latines comme la salsa et la bachata en espagnol. En combinant les danses latines avec le programme d'espagnol, nous cr\u00e9ons une exp\u00e9rience d'apprentissage dynamique qui embrasse \u00e0 la fois la diversit\u00e9 culturelle et le plaisir de bouger.<\/p>\n<\/div>\n\n\n\n<div class=\"wp-block-column is-layout-flow wp-block-column-is-layout-flow\">\n<iframe loading=\"lazy\" width=\"560\" height=\"315\" src=\"https:\/\/www.youtube.com\/embed\/gxvmFBWHLZE\" title=\"YouTube video player\" frameborder=\"0\" allow=\"accelerometer; autoplay; clipboard-write; encrypted-media; gyroscope; picture-in-picture; web-share\" allowfullscreen><\/iframe>\n<\/div>\n<\/div>\n<\/div>\n<\/div>\n\n\n\n<div style=\"height:50px\" aria-hidden=\"true\" class=\"wp-block-spacer\"><\/div>\n\n\n\n<h3 class=\"wp-block-heading has-text-align-center\" id=\"Party-animation\">Animation de f\u00eates <\/h3>\n\n\n\n<div class=\"wp-block-columns is-layout-flex wp-container-core-columns-is-layout-28f84493 wp-block-columns-is-layout-flex\">\n<div class=\"wp-block-column is-layout-flow wp-block-column-is-layout-flow\">\n<div class=\"wp-block-columns is-layout-flex wp-container-core-columns-is-layout-28f84493 wp-block-columns-is-layout-flex\">\n<div class=\"wp-block-column is-layout-flow wp-block-column-is-layout-flow\">\n<p>En tant que professeurs de danse, nous pouvons animer votre prochaine c\u00e9l\u00e9bration, qu'il s'agisse d'un mariage, d'une f\u00eate d'anniversaire ou d'un \u00e9v\u00e9nement d'entreprise.<\/p>\n\n\n\n<p>Laissez-nous guider vos invit\u00e9s \u00e0 travers des routines de danse captivantes ou leur enseigner les pas fondamentaux d'une danse latine. Notre approche interactive cr\u00e9e un esprit de f\u00eate tandis que les participants apprennent, s'amusent, rient \u2013 et d\u00e9veloppent la confiance n\u00e9cessaire pour fouler la piste de danse avec assurance.<\/p>\n<\/div>\n\n\n\n<div class=\"wp-block-column is-layout-flow wp-block-column-is-layout-flow\">\n<iframe loading=\"lazy\" width=\"560\" height=\"315\" src=\"https:\/\/www.youtube.com\/embed\/B-E3_4FSY0E\" title=\"YouTube video player\" frameborder=\"0\" allow=\"accelerometer; autoplay; clipboard-write; encrypted-media; gyroscope; picture-in-picture; web-share\" allowfullscreen><\/iframe>\n<\/div>\n<\/div>\n<\/div>\n<\/div>\n\n\n\n<div style=\"height:50px\" aria-hidden=\"true\" class=\"wp-block-spacer\"><\/div>\n\n\n\n<h3 class=\"wp-block-heading has-text-align-center\" id=\"Team-building\">Renforcement d'\u00e9quipe \/ Appr\u00e9ciation du personnel pour les entreprises<\/h3>\n\n\n\n<div class=\"wp-block-columns is-layout-flex wp-container-core-columns-is-layout-28f84493 wp-block-columns-is-layout-flex\">\n<div class=\"wp-block-column is-layout-flow wp-block-column-is-layout-flow\">\n<div class=\"wp-block-columns is-layout-flex wp-container-core-columns-is-layout-28f84493 wp-block-columns-is-layout-flex\">\n<div class=\"wp-block-column is-layout-flow wp-block-column-is-layout-flow\">\n<p>Invitez-nous dans votre entreprise pour donner un cours unique lors de la journ\u00e9e d'appr\u00e9ciation du personnel \u2013 ou pour une s\u00e9rie de cours dans le cadre d'un programme progressif.<\/p>\n\n\n\n<p>Au-del\u00e0 des b\u00e9n\u00e9fices physiques, la danse favorise un environnement de collaboration, de confiance et de camaraderie entre les employ\u00e9s. En s'engageant dans l'apprentissage d'une danse, les participants apprennent \u00e0 communiquer efficacement, \u00e0 s'adapter \u00e0 diff\u00e9rents r\u00f4les et \u00e0 compter les uns sur les autres pour une coordination sans faille. L'exp\u00e9rience partag\u00e9e de l'apprentissage de la danse encourage le soutien mutuel et l'empathie, renfor\u00e7ant ainsi les relations au sein des \u00e9quipes.<\/p>\n<\/div>\n\n\n\n<div class=\"wp-block-column is-layout-flow wp-block-column-is-layout-flow\">\n<iframe loading=\"lazy\" width=\"560\" height=\"315\" src=\"https:\/\/www.youtube.com\/embed\/f34xOfr5rO4\" title=\"YouTube video player\" frameborder=\"0\" allow=\"accelerometer; autoplay; clipboard-write; encrypted-media; gyroscope; picture-in-picture; web-share\" allowfullscreen><\/iframe>\n<\/div>\n<\/div>\n<\/div>\n<\/div>\n\n\n\n<div style=\"height:50px\" aria-hidden=\"true\" class=\"wp-block-spacer\"><\/div>\n\n\n\n<h3 class=\"wp-block-heading has-text-align-center\" id=\"medicine\">La danse comme m\u00e9decine<\/h3>\n\n\n\n<div class=\"wp-block-columns is-layout-flex wp-container-core-columns-is-layout-28f84493 wp-block-columns-is-layout-flex\">\n<div class=\"wp-block-column is-layout-flow wp-block-column-is-layout-flow\">\n<div class=\"wp-block-columns is-layout-flex wp-container-core-columns-is-layout-28f84493 wp-block-columns-is-layout-flex\">\n<div class=\"wp-block-column is-layout-flow wp-block-column-is-layout-flow\">\n<p>Nous avons travaill\u00e9 avec l'H\u00f4pital G\u00e9n\u00e9ral de Montr\u00e9al et plusieurs CLSC pour utiliser la danse comme m\u00e9decine.<\/p>\n\n\n\n<p>La danse offre de nombreux bienfaits pour la sant\u00e9 et le bien-\u00eatre. Tout d'abord, la danse constitue une forme agr\u00e9able d'exercice physique, favorisant la sant\u00e9 cardiovasculaire, l'endurance et la condition physique g\u00e9n\u00e9rale. Les mouvements et la coordination impliqu\u00e9s dans la danse am\u00e9liorent l'\u00e9quilibre, la flexibilit\u00e9 et la coordination. La danse agit \u00e9galement comme un stimulant de l'humeur, lib\u00e9rant des endorphines qui soulagent le stress, l'anxi\u00e9t\u00e9 et la d\u00e9pression, tout en favorisant un \u00e9tat d'esprit positif. De plus, la danse offre un exutoire social, favorisant les connexions et un sentiment d'appartenance \u00e0 travers des cours de groupe ou des performances.<\/p>\n<\/div>\n\n\n\n<div class=\"wp-block-column is-layout-flow wp-block-column-is-layout-flow\">\n<iframe loading=\"lazy\" width=\"560\" height=\"315\" src=\"https:\/\/www.youtube.com\/embed\/RjfCM7laXXQ\" title=\"YouTube video player\" frameborder=\"0\" allow=\"accelerometer; autoplay; clipboard-write; encrypted-media; gyroscope; picture-in-picture; web-share\" allowfullscreen><\/iframe>\n<\/div>\n<\/div>\n<\/div>\n<\/div>","protected":false},"excerpt":{"rendered":"<p>Animation Menu Classes at high schools for cultural activity We teach engaging dance workshops for high school students, CEGEPs, and college students. These workshops not only serve as intercultural activities but are frequently integrated into Spanish programs, enabling us to teach Latin dances like salsa and bachata in Spanish. By combining Latin dances with the [&hellip;]<\/p>\n","protected":false},"author":3,"featured_media":0,"parent":0,"menu_order":0,"comment_status":"closed","ping_status":"closed","template":"","meta":{"_uag_custom_page_level_css":"","site-sidebar-layout":"no-sidebar","site-content-layout":"page-builder","ast-site-content-layout":"full-width-container","site-content-style":"unboxed","site-sidebar-style":"unboxed","ast-global-header-display":"","ast-banner-title-visibility":"","ast-main-header-display":"","ast-hfb-above-header-display":"","ast-hfb-below-header-display":"","ast-hfb-mobile-header-display":"","site-post-title":"disabled","ast-breadcrumbs-content":"","ast-featured-img":"","footer-sml-layout":"","ast-disable-related-posts":"","theme-transparent-header-meta":"disabled","adv-header-id-meta":"","stick-header-meta":"","header-above-stick-meta":"","header-main-stick-meta":"","header-below-stick-meta":"","astra-migrate-meta-layouts":"set","ast-page-background-enabled":"default","ast-page-background-meta":{"desktop":{"background-color":"","background-image":"","background-repeat":"repeat","background-position":"center center","background-size":"auto","background-attachment":"scroll","background-type":"","background-media":"","overlay-type":"","overlay-color":"","overlay-opacity":"","overlay-gradient":""},"tablet":{"background-color":"","background-image":"","background-repeat":"repeat","background-position":"center center","background-size":"auto","background-attachment":"scroll","background-type":"","background-media":"","overlay-type":"","overlay-color":"","overlay-opacity":"","overlay-gradient":""},"mobile":{"background-color":"","background-image":"","background-repeat":"repeat","background-position":"center center","background-size":"auto","background-attachment":"scroll","background-type":"","background-media":"","overlay-type":"","overlay-color":"","overlay-opacity":"","overlay-gradient":""}},"ast-content-background-meta":{"desktop":{"background-color":"var(--ast-global-color-5)","background-image":"","background-repeat":"repeat","background-position":"center center","background-size":"auto","background-attachment":"scroll","background-type":"","background-media":"","overlay-type":"","overlay-color":"","overlay-opacity":"","overlay-gradient":""},"tablet":{"background-color":"var(--ast-global-color-5)","background-image":"","background-repeat":"repeat","background-position":"center center","background-size":"auto","background-attachment":"scroll","background-type":"","background-media":"","overlay-type":"","overlay-color":"","overlay-opacity":"","overlay-gradient":""},"mobile":{"background-color":"var(--ast-global-color-5)","background-image":"","background-repeat":"repeat","background-position":"center center","background-size":"auto","background-attachment":"scroll","background-type":"","background-media":"","overlay-type":"","overlay-color":"","overlay-opacity":"","overlay-gradient":""}},"jetpack_post_was_ever_published":false,"footnotes":""},"class_list":["post-3131","page","type-page","status-publish","hentry"],"uagb_featured_image_src":{"full":false,"thumbnail":false,"medium":false,"medium_large":false,"large":false,"1536x1536":false,"2048x2048":false,"trp-custom-language-flag":false},"uagb_author_info":{"display_name":"Dance Conmigo","author_link":"https:\/\/danceconmigo.com\/fr\/author\/danceconmigo\/"},"uagb_comment_info":0,"uagb_excerpt":"Animation Menu Classes at high schools for cultural activity We teach engaging dance workshops for high school students, CEGEPs, and college students. These workshops not only serve as intercultural activities but are frequently integrated into Spanish programs, enabling us to teach Latin dances like salsa and bachata in Spanish. By combining Latin dances with the&hellip;","jetpack_sharing_enabled":true,"jetpack_shortlink":"https:\/\/wp.me\/P3Ld37-Ov","_links":{"self":[{"href":"https:\/\/danceconmigo.com\/fr\/wp-json\/wp\/v2\/pages\/3131","targetHints":{"allow":["GET"]}}],"collection":[{"href":"https:\/\/danceconmigo.com\/fr\/wp-json\/wp\/v2\/pages"}],"about":[{"href":"https:\/\/danceconmigo.com\/fr\/wp-json\/wp\/v2\/types\/page"}],"author":[{"embeddable":true,"href":"https:\/\/danceconmigo.com\/fr\/wp-json\/wp\/v2\/users\/3"}],"replies":[{"embeddable":true,"href":"https:\/\/danceconmigo.com\/fr\/wp-json\/wp\/v2\/comments?post=3131"}],"version-history":[{"count":5,"href":"https:\/\/danceconmigo.com\/fr\/wp-json\/wp\/v2\/pages\/3131\/revisions"}],"predecessor-version":[{"id":3890,"href":"https:\/\/danceconmigo.com\/fr\/wp-json\/wp\/v2\/pages\/3131\/revisions\/3890"}],"wp:attachment":[{"href":"https:\/\/danceconmigo.com\/fr\/wp-json\/wp\/v2\/media?parent=3131"}],"curies":[{"name":"wp","href":"https:\/\/api.w.org\/{rel}","templated":true}]}}