{"id":311,"date":"2013-05-07T19:53:18","date_gmt":"2013-05-08T00:53:18","guid":{"rendered":"http:\/\/www.danceconmigo.com\/contact-2\/"},"modified":"2014-12-31T00:17:54","modified_gmt":"2014-12-31T05:17:54","slug":"nousjoindre","status":"publish","type":"page","link":"https:\/\/danceconmigo.com\/fr\/nousjoindre\/","title":{"rendered":"Nous Joindre"},"content":{"rendered":"<div class=\"checkout-wrapper\">\n<div class=\"pay-faq\">\n<p>&nbsp;<\/p>\n<p><span style=\"color: #ff9900;\"><a href=\"https:\/\/i0.wp.com\/www.danceconmigo.com\/wp-content\/uploads\/2013\/05\/AlainCherylCONTACT.jpg\"><img data-recalc-dims=\"1\" loading=\"lazy\" decoding=\"async\" class=\"size-medium wp-image-739 alignleft\" alt=\"Alain&amp;CherylCONTACT\" src=\"https:\/\/i0.wp.com\/www.danceconmigo.com\/wp-content\/uploads\/2013\/05\/AlainCherylCONTACT-238x300.jpg?resize=238%2C300\" width=\"238\" height=\"300\" \/><\/a><\/span><\/p>\n<p><span style=\"color: #ff9900;\">La meilleure fa\u00e7on de nous rejoindre (Alain ou Cheryl) est par courriel:<\/span><\/p>\n<h1 align=\"left\">danceconmigo@gmail.com<\/h1>\n<p><span style=\"color: #ff9900;\">Nous vous r\u00e9pondrons imm\u00e9diatement.\u00a0\u00a0\u00c0 bient\u00f4t !<\/span><\/p>\n<h4><\/h4>\n<p>&nbsp;<\/p>\n<\/div>\n<div class=\"pay-faq\"><\/div>\n<div class=\"pay-faq\">Nous esp\u00e9rons que vous aimerez danser avec nous! Voici quelques r\u00e9ponses aux questions fr\u00e9quemment pos\u00e9es par de nouveaux \u00e9tudiants:<\/div>\n<p>&nbsp;<\/p>\n<div class=\"pay-faq\"><\/div>\n<div class=\"pay-faq\"><span style=\"color: #ff6600;\"><strong>Q &#8211; Que devrais-je porter en classe ?<\/strong><\/span><\/div>\n<div class=\"pay-faq\"><\/div>\n<div class=\"pay-faq\"><span style=\"color: #ff6600;\"><strong>R &#8211; <\/strong><\/span>Pour toutes les danses en couple, nous vous recommandons de porter des v\u00eatements confortables qui ne limitent pas vos mouvements. Ce que porte la plupart des gens pour le travail ou l&#8217;\u00e9cole est parfaitement appropri\u00e9.<\/div>\n<p>&nbsp;<\/p>\n<div class=\"pay-faq\"><\/div>\n<div class=\"pay-faq\"><span style=\"color: #ff6600;\"><strong><br \/>\nQ &#8211; Quels types de chaussures devrais-je porter?<\/strong><\/span><\/div>\n<p><img data-recalc-dims=\"1\" loading=\"lazy\" decoding=\"async\" class=\"size-medium wp-image-734 alignright\" alt=\"dance-shoes-faq\" src=\"https:\/\/i0.wp.com\/www.danceconmigo.com\/wp-content\/uploads\/2013\/05\/dance-shoes-faq-300x129.jpg?resize=300%2C129\" width=\"300\" height=\"129\" srcset=\"https:\/\/i0.wp.com\/danceconmigo.com\/wp-content\/uploads\/2013\/05\/dance-shoes-faq.jpg?resize=300%2C129&amp;ssl=1 300w, https:\/\/i0.wp.com\/danceconmigo.com\/wp-content\/uploads\/2013\/05\/dance-shoes-faq.jpg?w=315&amp;ssl=1 315w\" sizes=\"auto, (max-width: 300px) 100vw, 300px\" \/><\/p>\n<div class=\"pay-faq\"><span style=\"color: #ff6600;\"><strong>R &#8211; <\/strong><\/span>Pour la danse \u00e0 deux, nous recommandons une chaussure qui tient votre pied (c&#8217;est-\u00e0-dire. aucune sandale ou talons sans bretelles), avec une semelle qui vous permet de tourner un peu (c&#8217;est-\u00e0-dire aucune semelle en caoutchouc qui accroche le plancher).S&#8217;il vous pla\u00eet assurez-vous aussi que les semelles de vos chaussures soient propres. Apr\u00e8s avoir progress\u00e9 dans votre danse, si vous d\u00e9cidez que c&#8217;est une activit\u00e9 que vous voulez poursuivre, nous vous recommandons fortement d\u2019investir dans une bonne paire de chaussures de danse. Vous verrez et sentirez la diff\u00e9rence!<\/div>\n<\/div>","protected":false},"excerpt":{"rendered":"<p>&nbsp; La meilleure fa\u00e7on de nous rejoindre (Alain ou Cheryl) est par courriel: danceconmigo@gmail.com Nous vous r\u00e9pondrons imm\u00e9diatement.\u00a0\u00a0\u00c0 bient\u00f4t ! &nbsp; Nous esp\u00e9rons que vous aimerez danser avec nous! Voici quelques r\u00e9ponses aux questions fr\u00e9quemment pos\u00e9es par de nouveaux \u00e9tudiants: &nbsp; Q &#8211; Que devrais-je porter en classe ? R &#8211; Pour toutes les danses [&hellip;]<\/p>\n","protected":false},"author":3,"featured_media":0,"parent":0,"menu_order":0,"comment_status":"open","ping_status":"open","template":"","meta":{"_uag_custom_page_level_css":"","site-sidebar-layout":"default","site-content-layout":"","ast-site-content-layout":"default","site-content-style":"default","site-sidebar-style":"default","ast-global-header-display":"","ast-banner-title-visibility":"","ast-main-header-display":"","ast-hfb-above-header-display":"","ast-hfb-below-header-display":"","ast-hfb-mobile-header-display":"","site-post-title":"","ast-breadcrumbs-content":"","ast-featured-img":"","footer-sml-layout":"","ast-disable-related-posts":"","theme-transparent-header-meta":"","adv-header-id-meta":"","stick-header-meta":"","header-above-stick-meta":"","header-main-stick-meta":"","header-below-stick-meta":"","astra-migrate-meta-layouts":"default","ast-page-background-enabled":"default","ast-page-background-meta":{"desktop":{"background-color":"","background-image":"","background-repeat":"repeat","background-position":"center center","background-size":"auto","background-attachment":"scroll","background-type":"","background-media":"","overlay-type":"","overlay-color":"","overlay-opacity":"","overlay-gradient":""},"tablet":{"background-color":"","background-image":"","background-repeat":"repeat","background-position":"center center","background-size":"auto","background-attachment":"scroll","background-type":"","background-media":"","overlay-type":"","overlay-color":"","overlay-opacity":"","overlay-gradient":""},"mobile":{"background-color":"","background-image":"","background-repeat":"repeat","background-position":"center center","background-size":"auto","background-attachment":"scroll","background-type":"","background-media":"","overlay-type":"","overlay-color":"","overlay-opacity":"","overlay-gradient":""}},"ast-content-background-meta":{"desktop":{"background-color":"var(--ast-global-color-5)","background-image":"","background-repeat":"repeat","background-position":"center center","background-size":"auto","background-attachment":"scroll","background-type":"","background-media":"","overlay-type":"","overlay-color":"","overlay-opacity":"","overlay-gradient":""},"tablet":{"background-color":"var(--ast-global-color-5)","background-image":"","background-repeat":"repeat","background-position":"center center","background-size":"auto","background-attachment":"scroll","background-type":"","background-media":"","overlay-type":"","overlay-color":"","overlay-opacity":"","overlay-gradient":""},"mobile":{"background-color":"var(--ast-global-color-5)","background-image":"","background-repeat":"repeat","background-position":"center center","background-size":"auto","background-attachment":"scroll","background-type":"","background-media":"","overlay-type":"","overlay-color":"","overlay-opacity":"","overlay-gradient":""}},"jetpack_post_was_ever_published":false,"footnotes":""},"class_list":["post-311","page","type-page","status-publish","hentry"],"uagb_featured_image_src":{"full":false,"thumbnail":false,"medium":false,"medium_large":false,"large":false,"1536x1536":false,"2048x2048":false,"trp-custom-language-flag":false},"uagb_author_info":{"display_name":"Dance Conmigo","author_link":"https:\/\/danceconmigo.com\/fr\/author\/danceconmigo\/"},"uagb_comment_info":0,"uagb_excerpt":"&nbsp; La meilleure fa\u00e7on de nous rejoindre (Alain ou Cheryl) est par courriel: danceconmigo@gmail.com Nous vous r\u00e9pondrons imm\u00e9diatement.\u00a0\u00a0\u00c0 bient\u00f4t ! &nbsp; Nous esp\u00e9rons que vous aimerez danser avec nous! Voici quelques r\u00e9ponses aux questions fr\u00e9quemment pos\u00e9es par de nouveaux \u00e9tudiants: &nbsp; Q &#8211; Que devrais-je porter en classe ? R &#8211; Pour toutes les danses&hellip;","jetpack_sharing_enabled":true,"jetpack_shortlink":"https:\/\/wp.me\/P3Ld37-51","_links":{"self":[{"href":"https:\/\/danceconmigo.com\/fr\/wp-json\/wp\/v2\/pages\/311","targetHints":{"allow":["GET"]}}],"collection":[{"href":"https:\/\/danceconmigo.com\/fr\/wp-json\/wp\/v2\/pages"}],"about":[{"href":"https:\/\/danceconmigo.com\/fr\/wp-json\/wp\/v2\/types\/page"}],"author":[{"embeddable":true,"href":"https:\/\/danceconmigo.com\/fr\/wp-json\/wp\/v2\/users\/3"}],"replies":[{"embeddable":true,"href":"https:\/\/danceconmigo.com\/fr\/wp-json\/wp\/v2\/comments?post=311"}],"version-history":[{"count":21,"href":"https:\/\/danceconmigo.com\/fr\/wp-json\/wp\/v2\/pages\/311\/revisions"}],"predecessor-version":[{"id":744,"href":"https:\/\/danceconmigo.com\/fr\/wp-json\/wp\/v2\/pages\/311\/revisions\/744"}],"wp:attachment":[{"href":"https:\/\/danceconmigo.com\/fr\/wp-json\/wp\/v2\/media?parent=311"}],"curies":[{"name":"wp","href":"https:\/\/api.w.org\/{rel}","templated":true}]}}