{"id":3059,"date":"2023-06-15T12:54:11","date_gmt":"2023-06-15T16:54:11","guid":{"rendered":"https:\/\/www.danceconmigo.com\/?page_id=3059"},"modified":"2026-03-26T17:21:34","modified_gmt":"2026-03-26T21:21:34","slug":"classes","status":"publish","type":"page","link":"https:\/\/danceconmigo.com\/fr\/classes\/","title":{"rendered":"Classes"},"content":{"rendered":"<div class=\"wp-block-uagb-container uagb-block-026a262f alignfull uagb-is-root-container\"><div class=\"uagb-container-inner-blocks-wrap\">\n<div class=\"wp-block-uagb-advanced-heading uagb-block-b4becf90\"><h1 class=\"uagb-heading-text\">Private and Group Classes<\/h1><\/div>\n<\/div><\/div>\n\n\n\n<div style=\"height:50px\" aria-hidden=\"true\" class=\"wp-block-spacer\"><\/div>\n\n\n\n<h2 class=\"wp-block-heading has-text-align-center Privateclasses\" id=\"Privateclasses\">Cours priv\u00e9s<\/h2>\n\n\n\n<div class=\"wp-block-columns is-layout-flex wp-container-core-columns-is-layout-28f84493 wp-block-columns-is-layout-flex\">\n<div class=\"wp-block-column is-layout-flow wp-block-column-is-layout-flow\">\n<div class=\"wp-block-media-text alignwide has-media-on-the-right is-stacked-on-mobile\" style=\"grid-template-columns:auto 39%\"><div class=\"wp-block-media-text__content\">\n<p><strong>Salsa, Bachata<\/strong><\/p>\n\n\n\n<p><strong>Tango argentin<\/strong><\/p>\n\n\n\n<p><strong>West Coast Swing<\/strong><\/p>\n\n\n\n<p><strong>La Danse Sociale<\/strong> (Valse lente, Tango, Foxtrot, Valse viennoise, Cha-Cha, Merengue, Rumba, Samba, Mambo, East Coast Swing, Hustle)<\/p>\n\n\n\n<p>Que vous soyez seul ou en couple, vous travaillerez avec un instructeur sur la (les) danse(s) de votre choix \u00e0 une heure qui vous convient.<\/p>\n\n\n\n<p>Nous enseignons du lundi au vendredi de 13h \u00e0 22h*, et le samedi et dimanche de 13h \u00e0 20h.<br>*Veuillez noter que les soir\u00e9es en semaine entre 18h et 21h sont les plus charg\u00e9es et peuvent ne pas \u00eatre disponibles.<br><a href=\"https:\/\/danceconmigo.com\/fr\/contact\/\" target=\"_blank\" rel=\"noreferrer noopener\">Envoyez-nous un e-mail pour r\u00e9server une heure pour votre cours.<\/a><\/p>\n<\/div><figure class=\"wp-block-media-text__media\"><img data-recalc-dims=\"1\" loading=\"lazy\" decoding=\"async\" width=\"312\" height=\"207\" src=\"https:\/\/i0.wp.com\/danceconmigo.com\/wp-content\/uploads\/2013\/03\/Private-Class.jpg?resize=312%2C207&#038;ssl=1\" alt=\"\" class=\"wp-image-495 size-full\" srcset=\"https:\/\/i0.wp.com\/danceconmigo.com\/wp-content\/uploads\/2013\/03\/Private-Class.jpg?w=312&amp;ssl=1 312w, https:\/\/i0.wp.com\/danceconmigo.com\/wp-content\/uploads\/2013\/03\/Private-Class.jpg?resize=300%2C199&amp;ssl=1 300w\" sizes=\"auto, (max-width: 312px) 100vw, 312px\" \/><\/figure><\/div>\n\n\n\n<div style=\"height:50px\" aria-hidden=\"true\" class=\"wp-block-spacer\"><\/div>\n\n\n\n<div class=\"wp-block-columns is-layout-flex wp-container-core-columns-is-layout-28f84493 wp-block-columns-is-layout-flex\">\n<div class=\"wp-block-column is-layout-flow wp-block-column-is-layout-flow\">\n<figure class=\"wp-block-image size-full\"><a href=\"https:\/\/i0.wp.com\/danceconmigo.com\/wp-content\/uploads\/2024\/08\/Dance-Conmigo-Price-Packages-FRENCHsmall-1.png?ssl=1\"><img data-recalc-dims=\"1\" loading=\"lazy\" decoding=\"async\" width=\"600\" height=\"600\" src=\"https:\/\/i0.wp.com\/danceconmigo.com\/wp-content\/uploads\/2024\/08\/Dance-Conmigo-Price-Packages-FRENCHsmall-1.png?resize=600%2C600&#038;ssl=1\" alt=\"\" class=\"wp-image-4259\" srcset=\"https:\/\/i0.wp.com\/danceconmigo.com\/wp-content\/uploads\/2024\/08\/Dance-Conmigo-Price-Packages-FRENCHsmall-1.png?w=600&amp;ssl=1 600w, https:\/\/i0.wp.com\/danceconmigo.com\/wp-content\/uploads\/2024\/08\/Dance-Conmigo-Price-Packages-FRENCHsmall-1.png?resize=300%2C300&amp;ssl=1 300w, https:\/\/i0.wp.com\/danceconmigo.com\/wp-content\/uploads\/2024\/08\/Dance-Conmigo-Price-Packages-FRENCHsmall-1.png?resize=150%2C150&amp;ssl=1 150w, https:\/\/i0.wp.com\/danceconmigo.com\/wp-content\/uploads\/2024\/08\/Dance-Conmigo-Price-Packages-FRENCHsmall-1.png?resize=12%2C12&amp;ssl=1 12w\" sizes=\"auto, (max-width: 600px) 100vw, 600px\" \/><\/a><\/figure>\n<\/div>\n\n\n\n<div class=\"wp-block-column is-layout-flow wp-block-column-is-layout-flow\">\n<h3 class=\"wp-block-heading\">Prix et lieu des cours priv\u00e9s<\/h3>\n\n\n\n<p><strong>Les cours priv\u00e9s sont \u00e0 70 $\/heure.&nbsp;<\/strong> Pour r\u00e9server un cours,&nbsp; <br>envoyez 70 $ par virement \u00e9lectronique \u00e0 : danceconmigo@gmail.com<br>Nous proposons \u00e9galement des forfaits de 6 cours pour 390 $.<\/p>\n\n\n\n<p>Le lieu de nos cours priv\u00e9s est :<br>ESPACES DES ARTS<br>9 Ste-Catherine EST, coin St-Laurent, 2e \u00e9tage, M\u00c9TRO St-Laurent<\/p>\n\n\n\n<p><a href=\"https:\/\/danceconmigo.com\/fr\/contact\/\" target=\"_blank\" rel=\"noreferrer noopener\">Contactez-nous pour plus d'informations ou pour r\u00e9server un cours priv\u00e9.<\/a><br><em>Frais d'annulation (moins de 28 heures) : 25 $<br>Frais d'annulation (moins de 2 heures) : 70 $<\/em><\/p>\n<\/div>\n<\/div>\n\n\n\n<div style=\"height:44px\" aria-hidden=\"true\" class=\"wp-block-spacer\"><\/div>\n\n\n\n<div class=\"wp-block-media-text alignwide has-media-on-the-right is-stacked-on-mobile\" style=\"grid-template-columns:auto 34%\"><div class=\"wp-block-media-text__content\">\n<p style=\"font-size:30px\"><strong>Les cours priv\u00e9s sont id\u00e9aux pour :<\/strong><\/p>\n\n\n\n<ul class=\"wp-block-list\">\n<li>Couples de mari\u00e9s qui souhaitent pr\u00e9parer leur premi\u00e8re danse<\/li>\n\n\n\n<li>C\u00e9libataires ou couples qui pr\u00e9f\u00e8rent un cadre priv\u00e9 plut\u00f4t qu'un cadre de groupe<\/li>\n\n\n\n<li>C\u00e9libataires ou couples qui veulent apprendre \u00e0 leur propre rythme (plus lentement ou plus rapidement que dans un groupe)<br>ou<\/li>\n\n\n\n<li>C\u00e9libataires ou couples qui veulent \u00e9tablir le programme de leurs cours<\/li>\n<\/ul>\n\n\n\n<p>Pour 3 \u00e9l\u00e8ves ou plus (semi-priv\u00e9), <a href=\"https:\/\/danceconmigo.com\/fr\/classes\/#group\">please consult our&nbsp;Group Class info<\/a><\/p>\n<\/div><figure class=\"wp-block-media-text__media\"><img data-recalc-dims=\"1\" loading=\"lazy\" decoding=\"async\" width=\"565\" height=\"552\" src=\"https:\/\/i0.wp.com\/danceconmigo.com\/wp-content\/uploads\/2015\/06\/Nicole.png?resize=565%2C552&#038;ssl=1\" alt=\"\" class=\"wp-image-1512 size-full\" srcset=\"https:\/\/i0.wp.com\/danceconmigo.com\/wp-content\/uploads\/2015\/06\/Nicole.png?w=565&amp;ssl=1 565w, https:\/\/i0.wp.com\/danceconmigo.com\/wp-content\/uploads\/2015\/06\/Nicole.png?resize=300%2C293&amp;ssl=1 300w\" sizes=\"auto, (max-width: 565px) 100vw, 565px\" \/><\/figure><\/div>\n<\/div>\n<\/div>\n\n\n\n<div style=\"height:61px\" aria-hidden=\"true\" class=\"wp-block-spacer\"><\/div>\n\n\n\n<div style=\"height:27px\" aria-hidden=\"true\" class=\"wp-block-spacer\"><\/div>\n\n\n\n<h2 class=\"wp-block-heading has-text-align-center\"><strong>Organiser votre propre cours de groupe<\/strong><\/h2>\n\n\n\n<div class=\"wp-block-columns is-layout-flex wp-container-core-columns-is-layout-28f84493 wp-block-columns-is-layout-flex\">\n<div class=\"wp-block-column is-layout-flow wp-block-column-is-layout-flow\">\n<div class=\"wp-block-media-text has-media-on-the-right is-stacked-on-mobile\" style=\"grid-template-columns:auto 45%\"><div class=\"wp-block-media-text__content\">\n<p>Voulez-vous, vos amis, coll\u00e8gues ou votre organisation apprendre \u00e0 danser ensemble ? Pour le plaisir, pour s'am\u00e9liorer, pour faire de l'exercice, essayer quelque chose de nouveau, ou<a href=\"https:\/\/danceconmigo.com\/fr\/wedding\/\" target=\"_blank\" rel=\"noreferrer noopener\"> pour se pr\u00e9parer \u00e0 un mariage ou un \u00e9v\u00e9nement sp\u00e9cial \u00e0 venir ?<\/a><\/p>\n\n\n\n<p>Dance Conmigo vous offre l'opportunit\u00e9 d'apprendre en groupe, parmi des personnes que vous connaissez, et \u00e0 l'heure que votre groupe a d\u00e9cid\u00e9e. Organisez votre propre cours de groupe en deux \u00e9tapes faciles :<\/p>\n<\/div><figure class=\"wp-block-media-text__media\"><img data-recalc-dims=\"1\" loading=\"lazy\" decoding=\"async\" width=\"809\" height=\"595\" src=\"https:\/\/i0.wp.com\/danceconmigo.com\/wp-content\/uploads\/2021\/08\/AlainCherylSalsaTurn.png?resize=809%2C595&#038;ssl=1\" alt=\"group salsa class Montreal\" class=\"wp-image-2058 size-full\" srcset=\"https:\/\/i0.wp.com\/danceconmigo.com\/wp-content\/uploads\/2021\/08\/AlainCherylSalsaTurn.png?w=809&amp;ssl=1 809w, https:\/\/i0.wp.com\/danceconmigo.com\/wp-content\/uploads\/2021\/08\/AlainCherylSalsaTurn.png?resize=300%2C221&amp;ssl=1 300w, https:\/\/i0.wp.com\/danceconmigo.com\/wp-content\/uploads\/2021\/08\/AlainCherylSalsaTurn.png?resize=768%2C565&amp;ssl=1 768w\" sizes=\"auto, (max-width: 809px) 100vw, 809px\" \/><\/figure><\/div>\n<\/div>\n<\/div>\n\n\n\n<div class=\"wp-block-columns is-layout-flex wp-container-core-columns-is-layout-28f84493 wp-block-columns-is-layout-flex\">\n<div class=\"wp-block-column is-layout-flow wp-block-column-is-layout-flow\">\n<p>1) Consultez le tableau ci-dessous pour conna\u00eetre les tarifs.<br>et&nbsp;<a href=\"https:\/\/danceconmigo.com\/fr\/contact\/\" target=\"_blank\" rel=\"noreferrer noopener\">Contact Us to reserve a time&nbsp;for your group.<\/a><\/p>\n\n\n\n<figure class=\"wp-block-table\"><table><tbody><tr><th>&nbsp;<\/th><th>1 Teacher<\/th><th>2 Teachers<\/th><\/tr><tr><th>1 - 3 \u00e9l\u00e8ves<\/th><td>70$\/h<\/td><td>120$\/h ( 1-2 \u00e9l\u00e8ves) 140$\/h (3 \u00e9l\u00e8ves)<\/td><\/tr><tr><th>4 - 6 \u00e9l\u00e8ves<\/th><td>110$\/h<\/td><td>145$\/h<\/td><\/tr><tr><th>7 - 12 \u00e9l\u00e8ves<\/th><td>125$\/h<\/td><td>165$\/h<\/td><\/tr><tr><th>13+&nbsp; students<\/th><td>10$\/\u00e9l\u00e8ve\/h<\/td><td>15$\/\u00e9l\u00e8ve\/h<\/td><\/tr><\/tbody><\/table><\/figure>\n\n\n\n<p>Nous enseignons nos cours de groupe dans les studios d'Espace des Arts (<a href=\"https:\/\/goo.gl\/maps\/MLWA1iKSg1owFPtJ6\" target=\"_blank\" rel=\"noreferrer noopener\">9 Ste-Catherine Est<\/a>, coin St-Laurent, 2e \u00e9tage, m\u00e9tro St-Laurent). Cependant, il est \u00e9galement possible d'avoir des instructeurs de Dance Conmigo qui enseignent dans votre propre lieu. Veuillez&nbsp;<a href=\"https:\/\/danceconmigo.com\/fr\/contact\/\">nous contacter<\/a>&nbsp;pour plus d'informations.<\/p>\n<\/div>\n<\/div>","protected":false},"excerpt":{"rendered":"<p>Private and Group Classes Private Classes Salsa, Bachata Argentine Tango West Coast Swing Social Ballroom (Slow Waltz, Tango, Foxtrot, Viennese Waltz, Cha-Cha, Merengue, Rumba, Samba, Mambo, East Coast Swing, Hustle) Either one-on-one, or as a couple, you will work with an instructor on the dance(s) of your choice at an hour that suits you. We [&hellip;]<\/p>\n","protected":false},"author":3,"featured_media":0,"parent":0,"menu_order":0,"comment_status":"closed","ping_status":"closed","template":"","meta":{"_uag_custom_page_level_css":"","site-sidebar-layout":"default","site-content-layout":"page-builder","ast-site-content-layout":"full-width-container","site-content-style":"unboxed","site-sidebar-style":"unboxed","ast-global-header-display":"","ast-banner-title-visibility":"","ast-main-header-display":"","ast-hfb-above-header-display":"","ast-hfb-below-header-display":"","ast-hfb-mobile-header-display":"","site-post-title":"disabled","ast-breadcrumbs-content":"","ast-featured-img":"","footer-sml-layout":"","ast-disable-related-posts":"","theme-transparent-header-meta":"disabled","adv-header-id-meta":"","stick-header-meta":"","header-above-stick-meta":"","header-main-stick-meta":"","header-below-stick-meta":"","astra-migrate-meta-layouts":"set","ast-page-background-enabled":"default","ast-page-background-meta":{"desktop":{"background-color":"","background-image":"","background-repeat":"repeat","background-position":"center center","background-size":"auto","background-attachment":"scroll","background-type":"","background-media":"","overlay-type":"","overlay-color":"","overlay-opacity":"","overlay-gradient":""},"tablet":{"background-color":"","background-image":"","background-repeat":"repeat","background-position":"center center","background-size":"auto","background-attachment":"scroll","background-type":"","background-media":"","overlay-type":"","overlay-color":"","overlay-opacity":"","overlay-gradient":""},"mobile":{"background-color":"","background-image":"","background-repeat":"repeat","background-position":"center center","background-size":"auto","background-attachment":"scroll","background-type":"","background-media":"","overlay-type":"","overlay-color":"","overlay-opacity":"","overlay-gradient":""}},"ast-content-background-meta":{"desktop":{"background-color":"var(--ast-global-color-5)","background-image":"","background-repeat":"repeat","background-position":"center center","background-size":"auto","background-attachment":"scroll","background-type":"","background-media":"","overlay-type":"","overlay-color":"","overlay-opacity":"","overlay-gradient":""},"tablet":{"background-color":"var(--ast-global-color-5)","background-image":"","background-repeat":"repeat","background-position":"center center","background-size":"auto","background-attachment":"scroll","background-type":"","background-media":"","overlay-type":"","overlay-color":"","overlay-opacity":"","overlay-gradient":""},"mobile":{"background-color":"var(--ast-global-color-5)","background-image":"","background-repeat":"repeat","background-position":"center center","background-size":"auto","background-attachment":"scroll","background-type":"","background-media":"","overlay-type":"","overlay-color":"","overlay-opacity":"","overlay-gradient":""}},"jetpack_post_was_ever_published":false,"footnotes":""},"class_list":["post-3059","page","type-page","status-publish","hentry"],"uagb_featured_image_src":{"full":false,"thumbnail":false,"medium":false,"medium_large":false,"large":false,"1536x1536":false,"2048x2048":false,"trp-custom-language-flag":false},"uagb_author_info":{"display_name":"Dance Conmigo","author_link":"https:\/\/danceconmigo.com\/fr\/author\/danceconmigo\/"},"uagb_comment_info":0,"uagb_excerpt":"Private and Group Classes Private Classes Salsa, Bachata Argentine Tango West Coast Swing Social Ballroom (Slow Waltz, Tango, Foxtrot, Viennese Waltz, Cha-Cha, Merengue, Rumba, Samba, Mambo, East Coast Swing, Hustle) Either one-on-one, or as a couple, you will work with an instructor on the dance(s) of your choice at an hour that suits you. We&hellip;","jetpack_sharing_enabled":true,"jetpack_shortlink":"https:\/\/wp.me\/P3Ld37-Nl","_links":{"self":[{"href":"https:\/\/danceconmigo.com\/fr\/wp-json\/wp\/v2\/pages\/3059","targetHints":{"allow":["GET"]}}],"collection":[{"href":"https:\/\/danceconmigo.com\/fr\/wp-json\/wp\/v2\/pages"}],"about":[{"href":"https:\/\/danceconmigo.com\/fr\/wp-json\/wp\/v2\/types\/page"}],"author":[{"embeddable":true,"href":"https:\/\/danceconmigo.com\/fr\/wp-json\/wp\/v2\/users\/3"}],"replies":[{"embeddable":true,"href":"https:\/\/danceconmigo.com\/fr\/wp-json\/wp\/v2\/comments?post=3059"}],"version-history":[{"count":5,"href":"https:\/\/danceconmigo.com\/fr\/wp-json\/wp\/v2\/pages\/3059\/revisions"}],"predecessor-version":[{"id":7595,"href":"https:\/\/danceconmigo.com\/fr\/wp-json\/wp\/v2\/pages\/3059\/revisions\/7595"}],"wp:attachment":[{"href":"https:\/\/danceconmigo.com\/fr\/wp-json\/wp\/v2\/media?parent=3059"}],"curies":[{"name":"wp","href":"https:\/\/api.w.org\/{rel}","templated":true}]}}