{"id":272,"date":"2013-03-23T20:51:37","date_gmt":"2013-03-24T01:51:37","guid":{"rendered":"http:\/\/www.danceconmigo.com\/dev\/private-2\/"},"modified":"2017-09-05T11:46:38","modified_gmt":"2017-09-05T15:46:38","slug":"coursprives","status":"publish","type":"page","link":"https:\/\/danceconmigo.com\/fr\/coursprives\/","title":{"rendered":"Cours Priv\u00e9s"},"content":{"rendered":"<form action=\"https:\/\/www.paypal.com\/cgi-bin\/webscr\" method=\"post\">\n<h1><input name=\"business\" type=\"hidden\" value=\"VKCFEV7BCBK78\" \/> <!-- Specify a Buy Now button. --> <input name=\"cmd\" type=\"hidden\" value=\"_xclick\" \/> <!-- Specify details about the item that buyers will purchase. --> <input name=\"item_name\" type=\"hidden\" value=\"Private Class\" \/> <input name=\"amount\" type=\"hidden\" value=\"50\" \/> <input name=\"currency_code\" type=\"hidden\" value=\"CAD\" \/> <!-- Provide a dropdown menu option field. --> <!-- Display the payment button. -->\u00a0Cours Priv\u00e9s<\/h1>\n<h1><a href=\"https:\/\/i0.wp.com\/www.danceconmigo.com\/wp-content\/uploads\/2013\/03\/Private-Class1.jpg\"><img data-recalc-dims=\"1\" loading=\"lazy\" decoding=\"async\" class=\"alignright size-medium wp-image-522\" src=\"https:\/\/i0.wp.com\/www.danceconmigo.com\/wp-content\/uploads\/2013\/03\/Private-Class1-300x199.jpg?resize=300%2C199\" alt=\"Private Class\" width=\"300\" height=\"199\" srcset=\"https:\/\/i0.wp.com\/danceconmigo.com\/wp-content\/uploads\/2013\/03\/Private-Class1.jpg?resize=300%2C199&amp;ssl=1 300w, https:\/\/i0.wp.com\/danceconmigo.com\/wp-content\/uploads\/2013\/03\/Private-Class1.jpg?w=312&amp;ssl=1 312w\" sizes=\"auto, (max-width: 300px) 100vw, 300px\" \/><\/a><\/h1>\n<p>&#8211; Salsa, Bachata, Merengue, Cha-Cha<br \/>\n&#8211; Tango Argentin<br \/>\n&#8211; West Coast Swing<br \/>\n&#8211; La Danse Sociale (Valse Lente, Tango, Foxtrot, La Valse Viennoise, Cha-Cha, Rumba, Samba, Mambo, East Coast Swing, Hustle)<\/p>\n<p>Les cours priv\u00e9s sont la meilleure fa\u00e7on d&#8217;apprendre \u00e0 votre propre rythme. Soit un-\u00e0-un ou en couple, vous allez travailler avec un instructeur qui vous enseignera la\/les danse(s) de votre choix \u00e0 l&#8217;heure qui vous convient.Nous enseignons \u00e0 partir de midi-22 heures, 7 jours par semaine.<br \/>\n<a href=\"http:\/\/www.danceconmigo.com\/fr\/nousjoindre\/\">Envoyez-nous un courriel pour r\u00e9server un temps pour votre classe.<\/a><\/p>\n<p>&nbsp;<\/p>\n<p>&nbsp;<\/p>\n<h1><a href=\"https:\/\/i0.wp.com\/www.danceconmigo.com\/wp-content\/uploads\/2013\/03\/CherylRogerio.jpg\"><img data-recalc-dims=\"1\" loading=\"lazy\" decoding=\"async\" class=\"size-medium wp-image-726 alignleft\" src=\"https:\/\/i0.wp.com\/www.danceconmigo.com\/wp-content\/uploads\/2013\/03\/CherylRogerio-162x300.jpg?resize=162%2C300\" alt=\"Cheryl&amp;Rogerio\" width=\"162\" height=\"300\" srcset=\"https:\/\/i0.wp.com\/danceconmigo.com\/wp-content\/uploads\/2013\/03\/CherylRogerio.jpg?resize=162%2C300&amp;ssl=1 162w, https:\/\/i0.wp.com\/danceconmigo.com\/wp-content\/uploads\/2013\/03\/CherylRogerio.jpg?resize=554%2C1024&amp;ssl=1 554w, https:\/\/i0.wp.com\/danceconmigo.com\/wp-content\/uploads\/2013\/03\/CherylRogerio.jpg?w=754&amp;ssl=1 754w\" sizes=\"auto, (max-width: 162px) 100vw, 162px\" \/><\/a>Le Prix d&#8217;un Cour Priv\u00e9<\/h1>\n<p>Le prix d&#8217;un cour priv\u00e9 est 60$\/hr (pour un\u00a0ou deux \u00e9l\u00e8ves)<\/p>\n<p style=\"text-align: left;\"><strong>*** PROMOTION 2017 &#8211; 30$\/hr***<br \/>\n<\/strong><br \/>\nSVP, <a href=\"http:\/\/www.danceconmigo.com\/fr\/nousjoindre\/\">demandez-nous<\/a>\u00a0des informations sur nos cours priv\u00e9s de 30$\/hr<br \/>\n(disponible sous certaines conditions)<\/p>\n<h1>L&#8217;endroit de nos Cours Priv\u00e9s<\/h1>\n<p>La plupart de nos cours sont offerts aux studios Espace des Arts \u00e0 Montr\u00e9al (9 Ste-Catherine Est, coin boulevard St-Laurent, 2i\u00e8me \u00e9tage, suite 101, METRO St-Laurent)<\/p>\n<p><a href=\"http:\/\/www.danceconmigo.com\/fr\/nousjoindre\/\">Contactez-nous pour des informations ou pour r\u00e9server une classe\u00a0<\/a><br \/>\n<em>Frais d&#8217;annulation au derni\u00e8re minute (moins de 24 heures): 20$<\/em><\/p>\n<p>&nbsp;<\/p>\n<p>&nbsp;<\/p>\n<h1><a href=\"https:\/\/i0.wp.com\/www.danceconmigo.com\/wp-content\/uploads\/2013\/03\/chrischantal1.jpg\"><img data-recalc-dims=\"1\" loading=\"lazy\" decoding=\"async\" class=\"alignright size-full wp-image-727\" src=\"https:\/\/i0.wp.com\/www.danceconmigo.com\/wp-content\/uploads\/2013\/03\/chrischantal1.jpg?resize=300%2C225\" alt=\"chrischantal1\" width=\"300\" height=\"225\" \/><\/a>Les cours priv\u00e9s sont id\u00e9ales pour\u00a0:<\/h1>\n<p>&#8211; Les couples qui se marient et qui veulent pr\u00e9parer leur premi\u00e8re danse<br \/>\n&#8211; les c\u00e9libataires ou les couples qui veulent apprendre \u00e0 leur propre rythme (soit plus lente ou plus rapide que dans un groupe)<br \/>\n&#8211; c\u00e9libataires ou les couples qui veulent \u00e9tablir le programme et les heures de leurs cours<br \/>\n&#8211; les c\u00e9libataires ou les couples qui pr\u00e9f\u00e8rent un cadre priv\u00e9 plut\u00f4t qu\u2019un groupe<br \/>\n&#8211; pour 3 ou plus \u00e9l\u00e8ves (semi-priv\u00e9), svp, consulter notre <a href=\"http:\/\/www.danceconmigo.com\/fr\/coursdegroupe\/\">Page de Groupe<\/a><\/p>\n<\/form>","protected":false},"excerpt":{"rendered":"<p>\u00a0Cours Priv\u00e9s &#8211; Salsa, Bachata, Merengue, Cha-Cha &#8211; Tango Argentin &#8211; West Coast Swing &#8211; La Danse Sociale (Valse Lente, Tango, Foxtrot, La Valse Viennoise, Cha-Cha, Rumba, Samba, Mambo, East Coast Swing, Hustle) Les cours priv\u00e9s sont la meilleure fa\u00e7on d&#8217;apprendre \u00e0 votre propre rythme. Soit un-\u00e0-un ou en couple, vous allez travailler avec un [&hellip;]<\/p>\n","protected":false},"author":3,"featured_media":0,"parent":0,"menu_order":31,"comment_status":"open","ping_status":"open","template":"","meta":{"_uag_custom_page_level_css":"","site-sidebar-layout":"default","site-content-layout":"","ast-site-content-layout":"default","site-content-style":"default","site-sidebar-style":"default","ast-global-header-display":"","ast-banner-title-visibility":"","ast-main-header-display":"","ast-hfb-above-header-display":"","ast-hfb-below-header-display":"","ast-hfb-mobile-header-display":"","site-post-title":"","ast-breadcrumbs-content":"","ast-featured-img":"","footer-sml-layout":"","ast-disable-related-posts":"","theme-transparent-header-meta":"","adv-header-id-meta":"","stick-header-meta":"","header-above-stick-meta":"","header-main-stick-meta":"","header-below-stick-meta":"","astra-migrate-meta-layouts":"default","ast-page-background-enabled":"default","ast-page-background-meta":{"desktop":{"background-color":"","background-image":"","background-repeat":"repeat","background-position":"center center","background-size":"auto","background-attachment":"scroll","background-type":"","background-media":"","overlay-type":"","overlay-color":"","overlay-opacity":"","overlay-gradient":""},"tablet":{"background-color":"","background-image":"","background-repeat":"repeat","background-position":"center center","background-size":"auto","background-attachment":"scroll","background-type":"","background-media":"","overlay-type":"","overlay-color":"","overlay-opacity":"","overlay-gradient":""},"mobile":{"background-color":"","background-image":"","background-repeat":"repeat","background-position":"center center","background-size":"auto","background-attachment":"scroll","background-type":"","background-media":"","overlay-type":"","overlay-color":"","overlay-opacity":"","overlay-gradient":""}},"ast-content-background-meta":{"desktop":{"background-color":"var(--ast-global-color-5)","background-image":"","background-repeat":"repeat","background-position":"center center","background-size":"auto","background-attachment":"scroll","background-type":"","background-media":"","overlay-type":"","overlay-color":"","overlay-opacity":"","overlay-gradient":""},"tablet":{"background-color":"var(--ast-global-color-5)","background-image":"","background-repeat":"repeat","background-position":"center center","background-size":"auto","background-attachment":"scroll","background-type":"","background-media":"","overlay-type":"","overlay-color":"","overlay-opacity":"","overlay-gradient":""},"mobile":{"background-color":"var(--ast-global-color-5)","background-image":"","background-repeat":"repeat","background-position":"center center","background-size":"auto","background-attachment":"scroll","background-type":"","background-media":"","overlay-type":"","overlay-color":"","overlay-opacity":"","overlay-gradient":""}},"jetpack_post_was_ever_published":false,"footnotes":""},"class_list":["post-272","page","type-page","status-publish","hentry"],"uagb_featured_image_src":{"full":false,"thumbnail":false,"medium":false,"medium_large":false,"large":false,"1536x1536":false,"2048x2048":false,"trp-custom-language-flag":false},"uagb_author_info":{"display_name":"Dance Conmigo","author_link":"https:\/\/danceconmigo.com\/fr\/author\/danceconmigo\/"},"uagb_comment_info":0,"uagb_excerpt":"\u00a0Cours Priv\u00e9s &#8211; Salsa, Bachata, Merengue, Cha-Cha &#8211; Tango Argentin &#8211; West Coast Swing &#8211; La Danse Sociale (Valse Lente, Tango, Foxtrot, La Valse Viennoise, Cha-Cha, Rumba, Samba, Mambo, East Coast Swing, Hustle) Les cours priv\u00e9s sont la meilleure fa\u00e7on d&#8217;apprendre \u00e0 votre propre rythme. Soit un-\u00e0-un ou en couple, vous allez travailler avec un&hellip;","jetpack_sharing_enabled":true,"jetpack_shortlink":"https:\/\/wp.me\/P3Ld37-4o","_links":{"self":[{"href":"https:\/\/danceconmigo.com\/fr\/wp-json\/wp\/v2\/pages\/272","targetHints":{"allow":["GET"]}}],"collection":[{"href":"https:\/\/danceconmigo.com\/fr\/wp-json\/wp\/v2\/pages"}],"about":[{"href":"https:\/\/danceconmigo.com\/fr\/wp-json\/wp\/v2\/types\/page"}],"author":[{"embeddable":true,"href":"https:\/\/danceconmigo.com\/fr\/wp-json\/wp\/v2\/users\/3"}],"replies":[{"embeddable":true,"href":"https:\/\/danceconmigo.com\/fr\/wp-json\/wp\/v2\/comments?post=272"}],"version-history":[{"count":31,"href":"https:\/\/danceconmigo.com\/fr\/wp-json\/wp\/v2\/pages\/272\/revisions"}],"predecessor-version":[{"id":1713,"href":"https:\/\/danceconmigo.com\/fr\/wp-json\/wp\/v2\/pages\/272\/revisions\/1713"}],"wp:attachment":[{"href":"https:\/\/danceconmigo.com\/fr\/wp-json\/wp\/v2\/media?parent=272"}],"curies":[{"name":"wp","href":"https:\/\/api.w.org\/{rel}","templated":true}]}}