{"id":270,"date":"2013-03-23T20:51:37","date_gmt":"2013-03-24T01:51:37","guid":{"rendered":"http:\/\/www.danceconmigo.com\/dev\/?page_id=270"},"modified":"2023-08-29T21:09:20","modified_gmt":"2023-08-30T01:09:20","slug":"private","status":"publish","type":"page","link":"https:\/\/danceconmigo.com\/fr\/private\/","title":{"rendered":"cours priv\u00e9s"},"content":{"rendered":"<h1>Cours priv\u00e9s<\/h1>\n<p><img data-recalc-dims=\"1\" loading=\"lazy\" decoding=\"async\" class=\"size-medium wp-image-495 alignright\" src=\"https:\/\/i0.wp.com\/www.danceconmigo.com\/wp-content\/uploads\/2013\/03\/Private-Class-300x199.jpg?resize=300%2C199\" alt=\"Private Class\" width=\"300\" height=\"199\" srcset=\"https:\/\/i0.wp.com\/danceconmigo.com\/wp-content\/uploads\/2013\/03\/Private-Class.jpg?resize=300%2C199&amp;ssl=1 300w, https:\/\/i0.wp.com\/danceconmigo.com\/wp-content\/uploads\/2013\/03\/Private-Class.jpg?w=312&amp;ssl=1 312w\" sizes=\"auto, (max-width: 300px) 100vw, 300px\" \/>&#8211; Salsa, Bachata<br \/>\n&#8211; Argentine Tango<br \/>\n&#8211; West Coast Swing<br \/>\n&#8211; Social Ballroom (Slow Waltz, Tango, Foxtrot, Viennese Waltz, Cha-Cha, Merengue, Rumba, Samba, Mambo, East Coast Swing, Hustle)<\/p>\n<p>Que vous soyez seul ou en couple, vous travaillerez avec un instructeur sur la (les) danse(s) de votre choix \u00e0 une heure qui vous convient.<\/p>\n<p>Nous enseignons du lundi au vendredi de 13h \u00e0 22h*, et le samedi et dimanche de 13h \u00e0 20h.<br \/>\n*Veuillez noter que les soir\u00e9es en semaine entre 18h et 21h sont les plus charg\u00e9es et peuvent ne pas \u00eatre disponibles.<br \/>\n<a href=\"https:\/\/danceconmigo.com\/fr\/contact\/\">Envoyez-nous un e-mail pour r\u00e9server une heure pour votre cours.<\/a><\/p>\n<h1>Price &amp; Location of Private Classes<\/h1>\n<p>Private classes are $70\/hr.\u00a0 To reserve a class,\u00a0 send $70 by e-transfer to: danceconmigo@gmail.com<\/p>\n<p>Le lieu de nos cours priv\u00e9s est :<br \/>\nESPACES DES ARTS<br \/>\n9 Ste-Catherine EST, coin St-Laurent, 2e \u00e9tage, M\u00c9TRO St-Laurent<\/p>\n<p><a href=\"https:\/\/danceconmigo.com\/fr\/contact\/\">Envoyez-nous un e-mail pour plus d'informations ou pour r\u00e9server un cours priv\u00e9.<\/a><br \/>\n<em>Frais d'annulation (moins de 28 heures) : 25 $<br \/>\nFrais d'annulation (moins de 2 heures) : 70 $<\/p>\n<p><\/em><\/p>\n<h1><strong><a href=\"https:\/\/i0.wp.com\/www.danceconmigo.com\/wp-content\/uploads\/2013\/03\/chrischantal1.jpg\"><img data-recalc-dims=\"1\" loading=\"lazy\" decoding=\"async\" class=\"alignright size-full wp-image-727\" src=\"https:\/\/i0.wp.com\/www.danceconmigo.com\/wp-content\/uploads\/2013\/03\/chrischantal1.jpg?resize=300%2C225\" alt=\"chrischantal1\" width=\"300\" height=\"225\" \/><\/a><\/strong>Private Classes are ideal for:<\/h1>\n<p>&#8211;\u00a0<a href=\"https:\/\/danceconmigo.com\/fr\/wedding\/\">Les couples de mariage<\/a> qui veulent se pr\u00e9parer \u00e0 leur premi\u00e8re danse<br \/>\n- Les c\u00e9libataires ou les couples qui pr\u00e9f\u00e8rent un cadre priv\u00e9 plut\u00f4t qu'un cadre de groupe<br \/>\n- Les c\u00e9libataires ou les couples qui veulent apprendre \u00e0 leur propre rythme<br \/>\nou<br \/>\n- Les c\u00e9libataires ou les couples qui souhaitent d\u00e9finir l'ordre du jour de leurs cours<br \/>\n- pour 3 \u00e9tudiants ou plus (cours semi-priv\u00e9s), veuillez consulter notre page sur les\u00a0<a href=\"https:\/\/danceconmigo.com\/fr\/self-organized-group-classes\/\">cours de groupe.<\/a><\/p>\n<p><!--End mc_embed_signup--><\/p>","protected":false},"excerpt":{"rendered":"<p>Private Classes &#8211; Salsa, Bachata &#8211; Argentine Tango &#8211; West Coast Swing &#8211; Social Ballroom (Slow Waltz, Tango, Foxtrot, Viennese Waltz, Cha-Cha, Merengue, Rumba, Samba, Mambo, East Coast Swing, Hustle) Either one-on-one, or as a couple, you will work with an instructor on the dance(s) of your choice at an hour that suits you. We [&hellip;]<\/p>\n","protected":false},"author":3,"featured_media":0,"parent":0,"menu_order":31,"comment_status":"closed","ping_status":"closed","template":"","meta":{"_uag_custom_page_level_css":"","site-sidebar-layout":"default","site-content-layout":"","ast-site-content-layout":"default","site-content-style":"default","site-sidebar-style":"default","ast-global-header-display":"","ast-banner-title-visibility":"","ast-main-header-display":"","ast-hfb-above-header-display":"","ast-hfb-below-header-display":"","ast-hfb-mobile-header-display":"","site-post-title":"","ast-breadcrumbs-content":"","ast-featured-img":"","footer-sml-layout":"","ast-disable-related-posts":"","theme-transparent-header-meta":"","adv-header-id-meta":"","stick-header-meta":"","header-above-stick-meta":"","header-main-stick-meta":"","header-below-stick-meta":"","astra-migrate-meta-layouts":"default","ast-page-background-enabled":"default","ast-page-background-meta":{"desktop":{"background-color":"","background-image":"","background-repeat":"repeat","background-position":"center center","background-size":"auto","background-attachment":"scroll","background-type":"","background-media":"","overlay-type":"","overlay-color":"","overlay-opacity":"","overlay-gradient":""},"tablet":{"background-color":"","background-image":"","background-repeat":"repeat","background-position":"center center","background-size":"auto","background-attachment":"scroll","background-type":"","background-media":"","overlay-type":"","overlay-color":"","overlay-opacity":"","overlay-gradient":""},"mobile":{"background-color":"","background-image":"","background-repeat":"repeat","background-position":"center center","background-size":"auto","background-attachment":"scroll","background-type":"","background-media":"","overlay-type":"","overlay-color":"","overlay-opacity":"","overlay-gradient":""}},"ast-content-background-meta":{"desktop":{"background-color":"var(--ast-global-color-5)","background-image":"","background-repeat":"repeat","background-position":"center center","background-size":"auto","background-attachment":"scroll","background-type":"","background-media":"","overlay-type":"","overlay-color":"","overlay-opacity":"","overlay-gradient":""},"tablet":{"background-color":"var(--ast-global-color-5)","background-image":"","background-repeat":"repeat","background-position":"center center","background-size":"auto","background-attachment":"scroll","background-type":"","background-media":"","overlay-type":"","overlay-color":"","overlay-opacity":"","overlay-gradient":""},"mobile":{"background-color":"var(--ast-global-color-5)","background-image":"","background-repeat":"repeat","background-position":"center center","background-size":"auto","background-attachment":"scroll","background-type":"","background-media":"","overlay-type":"","overlay-color":"","overlay-opacity":"","overlay-gradient":""}},"jetpack_post_was_ever_published":false,"footnotes":""},"class_list":["post-270","page","type-page","status-publish","hentry"],"uagb_featured_image_src":{"full":false,"thumbnail":false,"medium":false,"medium_large":false,"large":false,"1536x1536":false,"2048x2048":false,"trp-custom-language-flag":false},"uagb_author_info":{"display_name":"Dance Conmigo","author_link":"https:\/\/danceconmigo.com\/fr\/author\/danceconmigo\/"},"uagb_comment_info":0,"uagb_excerpt":"Private Classes &#8211; Salsa, Bachata &#8211; Argentine Tango &#8211; West Coast Swing &#8211; Social Ballroom (Slow Waltz, Tango, Foxtrot, Viennese Waltz, Cha-Cha, Merengue, Rumba, Samba, Mambo, East Coast Swing, Hustle) Either one-on-one, or as a couple, you will work with an instructor on the dance(s) of your choice at an hour that suits you. We&hellip;","jetpack_sharing_enabled":true,"jetpack_shortlink":"https:\/\/wp.me\/P3Ld37-4m","_links":{"self":[{"href":"https:\/\/danceconmigo.com\/fr\/wp-json\/wp\/v2\/pages\/270","targetHints":{"allow":["GET"]}}],"collection":[{"href":"https:\/\/danceconmigo.com\/fr\/wp-json\/wp\/v2\/pages"}],"about":[{"href":"https:\/\/danceconmigo.com\/fr\/wp-json\/wp\/v2\/types\/page"}],"author":[{"embeddable":true,"href":"https:\/\/danceconmigo.com\/fr\/wp-json\/wp\/v2\/users\/3"}],"replies":[{"embeddable":true,"href":"https:\/\/danceconmigo.com\/fr\/wp-json\/wp\/v2\/comments?post=270"}],"version-history":[{"count":6,"href":"https:\/\/danceconmigo.com\/fr\/wp-json\/wp\/v2\/pages\/270\/revisions"}],"predecessor-version":[{"id":3384,"href":"https:\/\/danceconmigo.com\/fr\/wp-json\/wp\/v2\/pages\/270\/revisions\/3384"}],"wp:attachment":[{"href":"https:\/\/danceconmigo.com\/fr\/wp-json\/wp\/v2\/media?parent=270"}],"curies":[{"name":"wp","href":"https:\/\/api.w.org\/{rel}","templated":true}]}}