{"id":2646,"date":"2021-04-06T10:36:55","date_gmt":"2021-04-06T10:36:55","guid":{"rendered":"https:\/\/www.danceconmigo.com\/services\/"},"modified":"2025-08-02T01:29:51","modified_gmt":"2025-08-02T05:29:51","slug":"services","status":"publish","type":"page","link":"https:\/\/danceconmigo.com\/fr\/services\/","title":{"rendered":"Services"},"content":{"rendered":"<div class=\"wp-block-uagb-container uagb-block-603e364f alignfull uagb-is-root-container\"><div class=\"uagb-container-inner-blocks-wrap\">\n<div class=\"wp-block-uagb-advanced-heading uagb-block-0d3aabae\"><h1 class=\"uagb-heading-text\">Services<\/h1><\/div>\n<\/div><\/div>\n\n\n\n<div style=\"height:51px\" aria-hidden=\"true\" class=\"wp-block-spacer\"><\/div>\n\n\n\n<div class=\"wp-block-columns has-ast-global-color-4-background-color has-background is-layout-flex wp-container-core-columns-is-layout-28f84493 wp-block-columns-is-layout-flex\">\n<div class=\"wp-block-column has-black-color has-text-color has-background is-layout-flow wp-block-column-is-layout-flow\" style=\"background-color:#fcb9007a\">\n<div class=\"wp-block-media-text alignwide has-media-on-the-right is-stacked-on-mobile has-ast-global-color-4-background-color has-background\" style=\"grid-template-columns:auto 41%\"><div class=\"wp-block-media-text__content\">\n<ul class=\"wp-block-list has-ast-global-color-4-background-color has-background\">\n<li><a href=\"https:\/\/danceconmigo.com\/fr\/classes\/#Privateclasses\" target=\"_blank\" rel=\"noreferrer noopener\">Cours priv\u00e9s<\/a><\/li>\n\n\n\n<li><a href=\"https:\/\/danceconmigo.com\/fr\/classes\/#Group\">Cours de groupe<\/a><\/li>\n\n\n\n<li><a href=\"https:\/\/danceconmigo.com\/fr\/wedding\/\" target=\"_blank\" rel=\"noreferrer noopener\">Mariages et autres<\/a>\n<ul class=\"wp-block-list\">\n<li>Premi\u00e8re danse, Flash-mob, chor\u00e9graphie de bachelorette, danse m\u00e8re-fils, danse p\u00e8re-fille. <\/li>\n<\/ul>\n<\/li>\n\n\n\n<li><a href=\"https:\/\/danceconmigo.com\/fr\/animation\/\" target=\"_blank\" rel=\"noreferrer noopener\">Ateliers, animation et divertissement<\/a>\n<ul class=\"wp-block-list\">\n<li>Activit\u00e9s culturelles dans les lyc\u00e9es, chor\u00e9graphie et animation de soir\u00e9es, chor\u00e9graphies de team building pour les entreprises.<\/li>\n<\/ul>\n<\/li>\n<\/ul>\n<\/div><figure class=\"wp-block-media-text__media\"><img data-recalc-dims=\"1\" loading=\"lazy\" decoding=\"async\" width=\"800\" height=\"533\" src=\"https:\/\/i0.wp.com\/danceconmigo.com\/wp-content\/uploads\/2023\/06\/IMG_0061.jpeg?resize=800%2C533&#038;ssl=1\" alt=\"\" class=\"wp-image-2909 size-full\" srcset=\"https:\/\/i0.wp.com\/danceconmigo.com\/wp-content\/uploads\/2023\/06\/IMG_0061.jpeg?w=800&amp;ssl=1 800w, https:\/\/i0.wp.com\/danceconmigo.com\/wp-content\/uploads\/2023\/06\/IMG_0061.jpeg?resize=300%2C200&amp;ssl=1 300w, https:\/\/i0.wp.com\/danceconmigo.com\/wp-content\/uploads\/2023\/06\/IMG_0061.jpeg?resize=768%2C512&amp;ssl=1 768w, https:\/\/i0.wp.com\/danceconmigo.com\/wp-content\/uploads\/2023\/06\/IMG_0061.jpeg?resize=18%2C12&amp;ssl=1 18w\" sizes=\"auto, (max-width: 800px) 100vw, 800px\" \/><\/figure><\/div>\n<\/div>\n<\/div>","protected":false},"excerpt":{"rendered":"<p>Services<\/p>","protected":false},"author":3,"featured_media":0,"parent":0,"menu_order":0,"comment_status":"closed","ping_status":"closed","template":"","meta":{"_uag_custom_page_level_css":"","site-sidebar-layout":"no-sidebar","site-content-layout":"page-builder","ast-site-content-layout":"full-width-container","site-content-style":"unboxed","site-sidebar-style":"unboxed","ast-global-header-display":"","ast-banner-title-visibility":"","ast-main-header-display":"","ast-hfb-above-header-display":"","ast-hfb-below-header-display":"","ast-hfb-mobile-header-display":"","site-post-title":"disabled","ast-breadcrumbs-content":"disabled","ast-featured-img":"disabled","footer-sml-layout":"","ast-disable-related-posts":"","theme-transparent-header-meta":"disabled","adv-header-id-meta":"","stick-header-meta":"","header-above-stick-meta":"","header-main-stick-meta":"","header-below-stick-meta":"","astra-migrate-meta-layouts":"set","ast-page-background-enabled":"default","ast-page-background-meta":{"desktop":{"background-color":"","background-image":"","background-repeat":"repeat","background-position":"center center","background-size":"auto","background-attachment":"scroll","background-type":"","background-media":"","overlay-type":"","overlay-color":"","overlay-opacity":"","overlay-gradient":""},"tablet":{"background-color":"","background-image":"","background-repeat":"repeat","background-position":"center center","background-size":"auto","background-attachment":"scroll","background-type":"","background-media":"","overlay-type":"","overlay-color":"","overlay-opacity":"","overlay-gradient":""},"mobile":{"background-color":"","background-image":"","background-repeat":"repeat","background-position":"center center","background-size":"auto","background-attachment":"scroll","background-type":"","background-media":"","overlay-type":"","overlay-color":"","overlay-opacity":"","overlay-gradient":""}},"ast-content-background-meta":{"desktop":{"background-color":"var(--ast-global-color-5)","background-image":"","background-repeat":"repeat","background-position":"center center","background-size":"auto","background-attachment":"scroll","background-type":"","background-media":"","overlay-type":"","overlay-color":"","overlay-opacity":"","overlay-gradient":""},"tablet":{"background-color":"var(--ast-global-color-5)","background-image":"","background-repeat":"repeat","background-position":"center center","background-size":"auto","background-attachment":"scroll","background-type":"","background-media":"","overlay-type":"","overlay-color":"","overlay-opacity":"","overlay-gradient":""},"mobile":{"background-color":"var(--ast-global-color-5)","background-image":"","background-repeat":"repeat","background-position":"center center","background-size":"auto","background-attachment":"scroll","background-type":"","background-media":"","overlay-type":"","overlay-color":"","overlay-opacity":"","overlay-gradient":""}},"jetpack_post_was_ever_published":false,"footnotes":""},"class_list":["post-2646","page","type-page","status-publish","hentry"],"uagb_featured_image_src":{"full":false,"thumbnail":false,"medium":false,"medium_large":false,"large":false,"1536x1536":false,"2048x2048":false,"trp-custom-language-flag":false},"uagb_author_info":{"display_name":"Dance Conmigo","author_link":"https:\/\/danceconmigo.com\/fr\/author\/danceconmigo\/"},"uagb_comment_info":0,"uagb_excerpt":"Services","jetpack_sharing_enabled":true,"jetpack_shortlink":"https:\/\/wp.me\/P3Ld37-GG","_links":{"self":[{"href":"https:\/\/danceconmigo.com\/fr\/wp-json\/wp\/v2\/pages\/2646","targetHints":{"allow":["GET"]}}],"collection":[{"href":"https:\/\/danceconmigo.com\/fr\/wp-json\/wp\/v2\/pages"}],"about":[{"href":"https:\/\/danceconmigo.com\/fr\/wp-json\/wp\/v2\/types\/page"}],"author":[{"embeddable":true,"href":"https:\/\/danceconmigo.com\/fr\/wp-json\/wp\/v2\/users\/3"}],"replies":[{"embeddable":true,"href":"https:\/\/danceconmigo.com\/fr\/wp-json\/wp\/v2\/comments?post=2646"}],"version-history":[{"count":4,"href":"https:\/\/danceconmigo.com\/fr\/wp-json\/wp\/v2\/pages\/2646\/revisions"}],"predecessor-version":[{"id":5995,"href":"https:\/\/danceconmigo.com\/fr\/wp-json\/wp\/v2\/pages\/2646\/revisions\/5995"}],"wp:attachment":[{"href":"https:\/\/danceconmigo.com\/fr\/wp-json\/wp\/v2\/media?parent=2646"}],"curies":[{"name":"wp","href":"https:\/\/api.w.org\/{rel}","templated":true}]}}