{"id":2447,"date":"2023-01-18T14:44:32","date_gmt":"2023-01-18T19:44:32","guid":{"rendered":"https:\/\/www.danceconmigo.com\/?page_id=2447"},"modified":"2025-11-01T02:33:55","modified_gmt":"2025-11-01T06:33:55","slug":"dance-styles","status":"publish","type":"page","link":"https:\/\/danceconmigo.com\/fr\/dance-styles\/","title":{"rendered":"Styles de danse"},"content":{"rendered":"<div class=\"wp-block-uagb-advanced-heading uagb-block-c37f299b\"><h1 class=\"uagb-heading-text\">Styles de danse<\/h1><\/div>\n\n\n\n<div style=\"height:50px\" aria-hidden=\"true\" class=\"wp-block-spacer\"><\/div>\n\n\n\n<div class=\"wp-block-columns is-layout-flex wp-container-core-columns-is-layout-28f84493 wp-block-columns-is-layout-flex\">\n<div class=\"wp-block-column is-layout-flow wp-block-column-is-layout-flow\">\n<p>Nous nous concentrons sur les styles de danse sociale suivants : <\/p>\n\n\n\n<ul class=\"wp-block-list\">\n<li><a href=\"#Salsa\" target=\"_blank\" rel=\"noreferrer noopener\">Salsa<\/a><\/li>\n\n\n\n<li><a href=\"#Tango\" target=\"_blank\" rel=\"noreferrer noopener\">Tango argentin<\/a><\/li>\n\n\n\n<li><a rel=\"noreferrer noopener\" href=\"#WCS\" target=\"_blank\">West Coast Swing<\/a><\/li>\n\n\n\n<li><a href=\"#Ballroom\" target=\"_blank\" rel=\"noreferrer noopener\">Ballroom<\/a><\/li>\n\n\n\n<li><a href=\"#Choreography\" target=\"_blank\" rel=\"noreferrer noopener\">Chor\u00e9graphie sur mesure<\/a> pour diff\u00e9rents \u00e9v\u00e9nements<\/li>\n<\/ul>\n\n\n\n<p><strong>Le prix de nos cours priv\u00e9s est de 70$\/heure.<\/strong>Cliquez ici pour plus d'informations sur nos <a rel=\"noreferrer noopener\" href=\"https:\/\/danceconmigo.com\/fr\/classes\/#Privateclasses\" target=\"_blank\">cours priv\u00e9s<\/a>. <br>Le prix des cours de groupe d\u00e9pend de la taille et de la localisation de votre groupe. <a rel=\"noreferrer noopener\" href=\"https:\/\/danceconmigo.com\/fr\/classes\/#group\" target=\"_blank\">Cliquez ici pour conna\u00eetre les tarifs des cours de groupe <\/a><br><\/p>\n<\/div>\n<\/div>\n\n\n\n<div style=\"height:93px\" aria-hidden=\"true\" class=\"wp-block-spacer\"><\/div>\n\n\n\n<h2 class=\"wp-block-heading has-text-align-center\" id=\"Salsa\">Salsa Patterns \u2013 Mardis \u2013 d\u00e9but le 18 nov. !<\/h2>\n\n\n\n<h3 class=\"wp-block-heading has-text-align-center\"><a href=\"https:\/\/danceconmigo.com\/fr\/classes\/#SalsaPay\">** Infos et inscription <em>ICI<\/em> **<\/a><\/h3>\n\n\n\n<figure class=\"wp-block-image aligncenter size-full\"><a href=\"https:\/\/i0.wp.com\/danceconmigo.com\/wp-content\/uploads\/2025\/11\/Salsa-Patterns-2.jpg?ssl=1\"><img data-recalc-dims=\"1\" loading=\"lazy\" decoding=\"async\" width=\"940\" height=\"788\" src=\"https:\/\/i0.wp.com\/danceconmigo.com\/wp-content\/uploads\/2025\/11\/Salsa-Patterns-2.jpg?resize=940%2C788&#038;ssl=1\" alt=\"\" class=\"wp-image-6869\" srcset=\"https:\/\/i0.wp.com\/danceconmigo.com\/wp-content\/uploads\/2025\/11\/Salsa-Patterns-2.jpg?w=940&amp;ssl=1 940w, https:\/\/i0.wp.com\/danceconmigo.com\/wp-content\/uploads\/2025\/11\/Salsa-Patterns-2.jpg?resize=300%2C251&amp;ssl=1 300w, https:\/\/i0.wp.com\/danceconmigo.com\/wp-content\/uploads\/2025\/11\/Salsa-Patterns-2.jpg?resize=768%2C644&amp;ssl=1 768w, https:\/\/i0.wp.com\/danceconmigo.com\/wp-content\/uploads\/2025\/11\/Salsa-Patterns-2.jpg?resize=14%2C12&amp;ssl=1 14w\" sizes=\"auto, (max-width: 940px) 100vw, 940px\" \/><\/a><\/figure>\n\n\n\n<div style=\"height:57px\" aria-hidden=\"true\" class=\"wp-block-spacer\"><\/div>\n\n\n\n<h2 class=\"wp-block-heading has-text-align-center\" id=\"Salsa\">Salsa<\/h2>\n\n\n\n<div class=\"wp-block-columns is-layout-flex wp-container-core-columns-is-layout-28f84493 wp-block-columns-is-layout-flex\">\n<div class=\"wp-block-column is-layout-flow wp-block-column-is-layout-flow\">\n<div class=\"wp-block-media-text has-media-on-the-right is-stacked-on-mobile\" style=\"grid-template-columns:auto 23%\"><div class=\"wp-block-media-text__content\">\n<h4 class=\"wp-block-heading\"><strong>Les le\u00e7ons priv\u00e9es de salsa sont id\u00e9ales pour :<\/strong><\/h4>\n\n\n\n<p>- Les c\u00e9libataires ou les couples qui veulent apprendre \u00e0 leur propre rythme<br>- Les c\u00e9libataires ou les couples qui souhaitent d\u00e9finir l'ordre du jour de leurs cours<br>&#8211; <a href=\"https:\/\/danceconmigo.com\/fr\/wedding\/\">Les couples de mariage<\/a> qui veulent se pr\u00e9parer \u00e0 leur premi\u00e8re danse<br>- Les c\u00e9libataires ou les couples qui pr\u00e9f\u00e8rent un cadre priv\u00e9 plut\u00f4t qu'un cadre de groupe<br>- pour 3 \u00e9tudiants ou plus (cours semi-priv\u00e9s), veuillez consulter notre page sur les <a href=\"https:\/\/danceconmigo.com\/fr\/classes\/#group\" target=\"_blank\" rel=\"noreferrer noopener\">cours de groupe.<\/a><\/p>\n<\/div><figure class=\"wp-block-media-text__media\"><img data-recalc-dims=\"1\" loading=\"lazy\" decoding=\"async\" width=\"302\" height=\"400\" src=\"https:\/\/i0.wp.com\/danceconmigo.com\/wp-content\/uploads\/2013\/02\/CherylAlainSalsaSweetheart.jpg?resize=302%2C400&#038;ssl=1\" alt=\"Salsa dancer from Dance Conmigo dance school\" class=\"wp-image-427 size-full\" srcset=\"https:\/\/i0.wp.com\/danceconmigo.com\/wp-content\/uploads\/2013\/02\/CherylAlainSalsaSweetheart.jpg?w=302&amp;ssl=1 302w, https:\/\/i0.wp.com\/danceconmigo.com\/wp-content\/uploads\/2013\/02\/CherylAlainSalsaSweetheart.jpg?resize=226%2C300&amp;ssl=1 226w\" sizes=\"auto, (max-width: 302px) 100vw, 302px\" \/><\/figure><\/div>\n<\/div>\n<\/div>\n\n\n\n<p class=\"has-text-align-center\"><strong>Salsa Tempo<\/strong><\/p>\n\n\n\n<figure class=\"wp-block-audio aligncenter\"><audio controls src=\"https:\/\/danceconmigo.com\/wp-content\/uploads\/2025\/07\/Salsa-Tempo.mp3\"><\/audio><\/figure>\n\n\n\n<div class=\"wp-block-columns is-layout-flex wp-container-core-columns-is-layout-28f84493 wp-block-columns-is-layout-flex\">\n<div class=\"wp-block-column is-layout-flow wp-block-column-is-layout-flow\">\n<div class=\"wp-block-columns is-layout-flex wp-container-core-columns-is-layout-28f84493 wp-block-columns-is-layout-flex\">\n<div class=\"wp-block-column is-layout-flow wp-block-column-is-layout-flow\">\n<h4 class=\"wp-block-heading\"><strong>Cours priv\u00e9 dans un club de salsa<\/strong><\/h4>\n\n\n\n<p>Vous avez envie d'essayer de danser la salsa dans un club, mais vous n'\u00eates pas tout \u00e0 fait pr\u00eat \u00e0 le faire seul ?  Dance Conmigo offre des s\u00e9ances d'entra\u00eenement individuelles dans diff\u00e9rentes salles de salsa de Montr\u00e9al.  Voici comment cela fonctionne :<\/p>\n\n\n\n<ul class=\"wp-block-list\">\n<li>L'\u00e9l\u00e8ve et le professeur se rencontrent \u00e0 l'heure convenue sur le lieu du cours de salsa.<\/li>\n\n\n\n<li>Le cours est principalement une session de pratique avec quelques indications mineures pour les corrections.<\/li>\n\n\n\n<li>Dansez la salsa (et\/ou la bachata, le cha-cha) dans un v\u00e9ritable cadre de danse !<\/li>\n<\/ul>\n\n\n\n<p><strong>Ce cours est id\u00e9al pour :<\/strong><\/p>\n\n\n\n<ul class=\"wp-block-list\">\n<li>Les \u00e9tudiants qui veulent d\u00e9velopper leur confiance en eux dans un environnement social.<\/li>\n\n\n\n<li>Les \u00e9tudiants qui veulent \u00eatre assur\u00e9s d'avoir un partenaire de danse solide (votre professeur !) pendant une heure enti\u00e8re.<\/li>\n<\/ul>\n<\/div>\n\n\n\n<div class=\"wp-block-column is-layout-flow wp-block-column-is-layout-flow\">\n<iframe loading=\"lazy\" width=\"560\" height=\"315\" src=\"https:\/\/www.youtube.com\/embed\/57-f8rM6hFc\" title=\"YouTube video player\" frameborder=\"0\" allow=\"accelerometer; autoplay; clipboard-write; encrypted-media; gyroscope; picture-in-picture; web-share\" allowfullscreen><\/iframe>\n<\/div>\n<\/div>\n\n\n\n<p>Le co\u00fbt d'un cours priv\u00e9 est de <strong>70$\/h<\/strong><a href=\"https:\/\/danceconmigo.com\/fr\/private\/\"><strong>.<\/strong><br><\/a>Pour r\u00e9server votre premi\u00e8re le\u00e7on priv\u00e9e, <a href=\"https:\/\/danceconmigo.com\/fr\/contact\/\">veuillez nous contacter.<\/a><\/p>\n\n\n\n<div style=\"height:42px\" aria-hidden=\"true\" class=\"wp-block-spacer\"><\/div>\n\n\n\n<div class=\"wp-block-columns is-layout-flex wp-container-core-columns-is-layout-28f84493 wp-block-columns-is-layout-flex\">\n<div class=\"wp-block-column is-layout-flow wp-block-column-is-layout-flow\">\n<h4 class=\"wp-block-heading\"><strong>Cours de salsa en groupe auto-organis\u00e9<\/strong><\/h4>\n\n\n\n<p>Peut-\u00eatre que vos amis ou coll\u00e8gues de travail aimeraient avoir un cours de groupe juste pour vous. Nous serions ravis d'enseigner \u00e0 votre groupe \u00e0 l'heure et \u00e0 l'endroit qui conviennent le mieux \u00e0 tous les participants. Consultez notre <a href=\"https:\/\/danceconmigo.com\/fr\/classes\/#group\" target=\"_blank\" rel=\"noreferrer noopener\">page des groupes<\/a> pour plus d'informations. <\/p>\n<\/div>\n<\/div>\n<\/div>\n<\/div>\n\n\n\n<div style=\"height:50px\" aria-hidden=\"true\" class=\"wp-block-spacer\"><\/div>\n\n\n\n<h2 class=\"wp-block-heading has-text-align-center\" id=\"Tango\">Tango argentin<\/h2>\n\n\n\n<div class=\"wp-block-columns is-layout-flex wp-container-core-columns-is-layout-28f84493 wp-block-columns-is-layout-flex\">\n<div class=\"wp-block-column is-layout-flow wp-block-column-is-layout-flow\">\n<div class=\"wp-block-columns is-layout-flex wp-container-core-columns-is-layout-28f84493 wp-block-columns-is-layout-flex\">\n<div class=\"wp-block-column is-layout-flow wp-block-column-is-layout-flow\">\n<p>Faites le premier pas... et d\u00e9couvrez - ou renforcez - votre amour du tango !  Il y a autant de raisons d'aimer le tango qu'il y a de danseurs de tango : la musique, l'\u00e9l\u00e9gance, l'\u00e9treinte, la connexion avec son partenaire, un sentiment de libert\u00e9, d'abandon...<\/p>\n\n\n\n<p>\"Comment avez-vous choisi le tango ?\"<br>\"Je ne l'ai pas choisi.  C'est le tango qui m'a choisi\".<br>- The Tango Lesson<\/p>\n\n\n\n<p>Nous vous invitons \u00e0 commencer ou \u00e0 poursuivre votre voyage dans le monde merveilleux et inspirant du tango.<\/p>\n\n\n\n<p>- Essayer un&nbsp;<a href=\"https:\/\/danceconmigo.com\/fr\/classes\/#Privateclasses\" target=\"_blank\" rel=\"noreferrer noopener\">cours priv\u00e9<\/a><br>\u2013&nbsp;<a href=\"https:\/\/danceconmigo.com\/fr\/classes\/#group\" target=\"_blank\" rel=\"noreferrer noopener\">Organisez votre propre cours de groupe<\/a><br>- Engagez-nous pour pr\u00e9senter un tango lors de&nbsp;<a href=\"https:\/\/danceconmigo.com\/fr\/wedding\/\" target=\"_blank\" rel=\"noreferrer noopener\">votre mariage<\/a>&nbsp;ou autre \u00e9v\u00e9nement<\/p>\n<\/div>\n\n\n\n<div class=\"wp-block-column is-layout-flow wp-block-column-is-layout-flow\">\n<figure class=\"wp-block-image size-full\"><a href=\"https:\/\/i0.wp.com\/danceconmigo.com\/wp-content\/uploads\/2015\/01\/AlainCherylDIPCONTACT.jpg?ssl=1\"><img data-recalc-dims=\"1\" loading=\"lazy\" decoding=\"async\" width=\"417\" height=\"542\" src=\"https:\/\/i0.wp.com\/danceconmigo.com\/wp-content\/uploads\/2015\/01\/AlainCherylDIPCONTACT.jpg?resize=417%2C542&#038;ssl=1\" alt=\"Alain Guillot and Cheryl Williams dancing tango\" class=\"wp-image-887\" srcset=\"https:\/\/i0.wp.com\/danceconmigo.com\/wp-content\/uploads\/2015\/01\/AlainCherylDIPCONTACT.jpg?w=417&amp;ssl=1 417w, https:\/\/i0.wp.com\/danceconmigo.com\/wp-content\/uploads\/2015\/01\/AlainCherylDIPCONTACT.jpg?resize=230%2C300&amp;ssl=1 230w\" sizes=\"auto, (max-width: 417px) 100vw, 417px\" \/><\/a><\/figure>\n<\/div>\n<\/div>\n<\/div>\n<\/div>\n\n\n\n<div style=\"height:50px\" aria-hidden=\"true\" class=\"wp-block-spacer\"><\/div>\n\n\n\n<h2 class=\"wp-block-heading has-text-align-center\" id=\"WCS\">West Coast Swing<\/h2>\n\n\n\n<div class=\"wp-block-columns is-layout-flex wp-container-core-columns-is-layout-28f84493 wp-block-columns-is-layout-flex\">\n<div class=\"wp-block-column is-layout-flow wp-block-column-is-layout-flow\">\n<div class=\"wp-block-columns is-layout-flex wp-container-core-columns-is-layout-28f84493 wp-block-columns-is-layout-flex\">\n<div class=\"wp-block-column is-layout-flow wp-block-column-is-layout-flow\">\n<p>Lisse, \u00e9l\u00e9gant et sophistiqu\u00e9, le West Coast Swing est la danse incontournable pour tous ceux qui aiment la pop, la soul, le funk, le top 40, le blues ou le rhythm n blues !<\/p>\n\n\n\n<p>Dans\u00e9e sur une grande vari\u00e9t\u00e9 de musiques, cette danse polyvalente peut \u00eatre lente, sexy ou lyrique, avec beaucoup d'improvisation, ou encore vive et spectaculaire, avec des pirouettes et des ruptures spectaculaires.<\/p>\n\n\n\n<p>- Essayer un&nbsp;<a rel=\"noreferrer noopener\" href=\"https:\/\/danceconmigo.com\/fr\/classes\/#Privateclasses\" target=\"_blank\">cours priv\u00e9<\/a><br>\u2013&nbsp;<a rel=\"noreferrer noopener\" href=\"https:\/\/danceconmigo.com\/fr\/classes\/#group\" target=\"_blank\">Organisez votre propre cours de groupe<\/a><\/p>\n<\/div>\n\n\n\n<div class=\"wp-block-column is-layout-flow wp-block-column-is-layout-flow\">\n<figure class=\"wp-block-image size-full\"><a href=\"https:\/\/i0.wp.com\/danceconmigo.com\/wp-content\/uploads\/2023\/03\/IMG_7736.jpeg?ssl=1\"><img data-recalc-dims=\"1\" loading=\"lazy\" decoding=\"async\" width=\"800\" height=\"559\" src=\"https:\/\/i0.wp.com\/danceconmigo.com\/wp-content\/uploads\/2023\/03\/IMG_7736.jpeg?resize=800%2C559&#038;ssl=1\" alt=\"West Coast Swing dancers\" class=\"wp-image-2780\" srcset=\"https:\/\/i0.wp.com\/danceconmigo.com\/wp-content\/uploads\/2023\/03\/IMG_7736.jpeg?w=800&amp;ssl=1 800w, https:\/\/i0.wp.com\/danceconmigo.com\/wp-content\/uploads\/2023\/03\/IMG_7736.jpeg?resize=300%2C210&amp;ssl=1 300w, https:\/\/i0.wp.com\/danceconmigo.com\/wp-content\/uploads\/2023\/03\/IMG_7736.jpeg?resize=768%2C537&amp;ssl=1 768w, https:\/\/i0.wp.com\/danceconmigo.com\/wp-content\/uploads\/2023\/03\/IMG_7736.jpeg?resize=18%2C12&amp;ssl=1 18w\" sizes=\"auto, (max-width: 800px) 100vw, 800px\" \/><\/a><\/figure>\n<\/div>\n<\/div>\n<\/div>\n<\/div>\n\n\n\n<div style=\"height:50px\" aria-hidden=\"true\" class=\"wp-block-spacer\"><\/div>\n\n\n\n<h2 class=\"wp-block-heading has-text-align-center\" id=\"Ballroom\">Ballroom<\/h2>\n\n\n\n<div class=\"wp-block-columns is-layout-flex wp-container-core-columns-is-layout-28f84493 wp-block-columns-is-layout-flex\">\n<div class=\"wp-block-column is-layout-flow wp-block-column-is-layout-flow\">\n<div class=\"wp-block-columns is-layout-flex wp-container-core-columns-is-layout-28f84493 wp-block-columns-is-layout-flex\">\n<div class=\"wp-block-column is-layout-flow wp-block-column-is-layout-flow\">\n<p>Apprenez les danses de salon les plus populaires - pour vous amuser, faire de l'exercice ou pour votre mariage ou un \u00e9v\u00e9nement sp\u00e9cial !<\/p>\n\n\n\n<p>BALLROOM SMOOTH:<br><strong>Valse Lente<\/strong>&nbsp;\u2013&nbsp;<strong>American Tango<\/strong>&nbsp;\u2013&nbsp;<strong>Foxtrot<\/strong>&nbsp;\u2013&nbsp;<strong>Valse viennoise<\/strong><\/p>\n\n\n\n<p>BALLROOM RYTHME<br><strong>Cha-Cha<\/strong>&nbsp;\u2013&nbsp;<strong>Rumba<\/strong>&nbsp;\u2013&nbsp;<strong>Samba<\/strong>&nbsp;\u2013&nbsp;<strong>Triple Swing<\/strong>&nbsp;\u2013&nbsp;<strong>Merengue \u2013 Mambo<\/strong><\/p>\n\n\n\n<p>En participant \u00e0 des cours de danse de salon, les individus ont l'occasion de d\u00e9couvrir diff\u00e9rentes cultures, diff\u00e9rents genres musicaux et diff\u00e9rentes traditions de danse. Cela permet d'\u00e9largir la compr\u00e9hension et l'appr\u00e9ciation culturelles, et de favoriser un sentiment de conscience mondiale et d'inclusion.<\/p>\n\n\n\n<p>- Essayer un&nbsp;<a href=\"https:\/\/danceconmigo.com\/fr\/classes\/#Privateclasses\" target=\"_blank\" rel=\"noreferrer noopener\">cours priv\u00e9<\/a><br>\u2013&nbsp;<a href=\"https:\/\/danceconmigo.com\/fr\/classes\/#group\" target=\"_blank\" rel=\"noreferrer noopener\">Organisez votre propre cours de groupe<\/a><\/p>\n<\/div>\n\n\n\n<div class=\"wp-block-column is-layout-flow wp-block-column-is-layout-flow\">\n<iframe loading=\"lazy\" width=\"560\" height=\"315\" src=\"https:\/\/www.youtube.com\/embed\/f34xOfr5rO4\" title=\"YouTube video player\" frameborder=\"0\" allow=\"accelerometer; autoplay; clipboard-write; encrypted-media; gyroscope; picture-in-picture; web-share\" allowfullscreen><\/iframe>\n<\/div>\n<\/div>\n<\/div>\n<\/div>\n\n\n\n<div style=\"height:50px\" aria-hidden=\"true\" class=\"wp-block-spacer\"><\/div>\n\n\n\n<h2 class=\"wp-block-heading has-text-align-center\" id=\"Choreography\">Chor\u00e9graphie<\/h2>\n\n\n\n<div class=\"wp-block-columns is-layout-flex wp-container-core-columns-is-layout-28f84493 wp-block-columns-is-layout-flex\">\n<div class=\"wp-block-column is-layout-flow wp-block-column-is-layout-flow\">\n<div class=\"wp-block-columns is-layout-flex wp-container-core-columns-is-layout-28f84493 wp-block-columns-is-layout-flex\">\n<div class=\"wp-block-column is-layout-flow wp-block-column-is-layout-flow\">\n<p>Nous cr\u00e9ons des chor\u00e9graphies sur mesure pour votre \u00e9v\u00e9nement et pour les membres de votre groupe.  <\/p>\n\n\n\n<p>Les cours de chor\u00e9graphie de danse impliquent souvent de travailler avec un groupe de danseurs. Cela permet d'interagir socialement, de travailler en \u00e9quipe et de nouer de nouvelles amiti\u00e9s avec des personnes qui partagent la m\u00eame passion pour la danse. En outre, le fait de se produire devant d'autres personnes peut renforcer la confiance en soi et la pr\u00e9sence sur sc\u00e8ne.<\/p>\n\n\n\n<p>- Essayer un&nbsp;<a rel=\"noreferrer noopener\" href=\"https:\/\/danceconmigo.com\/fr\/classes\/#Privateclasses\" target=\"_blank\">cours priv\u00e9<\/a><br>\u2013&nbsp;<a rel=\"noreferrer noopener\" href=\"https:\/\/danceconmigo.com\/fr\/classes\/#group\" target=\"_blank\">Organisez votre propre cours de groupe<\/a><\/p>\n<\/div>\n\n\n\n<div class=\"wp-block-column is-layout-flow wp-block-column-is-layout-flow\">\n<figure class=\"wp-block-image size-full\"><a href=\"https:\/\/i0.wp.com\/danceconmigo.com\/wp-content\/uploads\/2023\/06\/IMG_0493.jpeg?ssl=1\"><img data-recalc-dims=\"1\" loading=\"lazy\" decoding=\"async\" width=\"800\" height=\"533\" src=\"https:\/\/i0.wp.com\/danceconmigo.com\/wp-content\/uploads\/2023\/06\/IMG_0493.jpeg?resize=800%2C533&#038;ssl=1\" alt=\"\" class=\"wp-image-2771\" srcset=\"https:\/\/i0.wp.com\/danceconmigo.com\/wp-content\/uploads\/2023\/06\/IMG_0493.jpeg?w=800&amp;ssl=1 800w, https:\/\/i0.wp.com\/danceconmigo.com\/wp-content\/uploads\/2023\/06\/IMG_0493.jpeg?resize=300%2C200&amp;ssl=1 300w, https:\/\/i0.wp.com\/danceconmigo.com\/wp-content\/uploads\/2023\/06\/IMG_0493.jpeg?resize=768%2C512&amp;ssl=1 768w, https:\/\/i0.wp.com\/danceconmigo.com\/wp-content\/uploads\/2023\/06\/IMG_0493.jpeg?resize=18%2C12&amp;ssl=1 18w\" sizes=\"auto, (max-width: 800px) 100vw, 800px\" \/><\/a><\/figure>\n<\/div>\n<\/div>\n<\/div>\n<\/div>","protected":false},"excerpt":{"rendered":"<p>Dance Styles We focus on social dancing on the following styles: The price for our private classes is $70\/hr. Click here for more information about our private classes. The price for group classes depend on the size and location of your group. Click here for group classes pricing. Salsa Patterns &#8211; Tuesdays &#8211; starts Nov [&hellip;]<\/p>\n","protected":false},"author":3,"featured_media":0,"parent":0,"menu_order":0,"comment_status":"closed","ping_status":"closed","template":"","meta":{"_uag_custom_page_level_css":"","site-sidebar-layout":"default","site-content-layout":"page-builder","ast-site-content-layout":"full-width-container","site-content-style":"unboxed","site-sidebar-style":"unboxed","ast-global-header-display":"","ast-banner-title-visibility":"","ast-main-header-display":"","ast-hfb-above-header-display":"","ast-hfb-below-header-display":"","ast-hfb-mobile-header-display":"","site-post-title":"disabled","ast-breadcrumbs-content":"","ast-featured-img":"","footer-sml-layout":"","ast-disable-related-posts":"","theme-transparent-header-meta":"disabled","adv-header-id-meta":"","stick-header-meta":"","header-above-stick-meta":"","header-main-stick-meta":"","header-below-stick-meta":"","astra-migrate-meta-layouts":"set","ast-page-background-enabled":"default","ast-page-background-meta":{"desktop":{"background-color":"","background-image":"","background-repeat":"repeat","background-position":"center center","background-size":"auto","background-attachment":"scroll","background-type":"","background-media":"","overlay-type":"","overlay-color":"","overlay-opacity":"","overlay-gradient":""},"tablet":{"background-color":"","background-image":"","background-repeat":"repeat","background-position":"center center","background-size":"auto","background-attachment":"scroll","background-type":"","background-media":"","overlay-type":"","overlay-color":"","overlay-opacity":"","overlay-gradient":""},"mobile":{"background-color":"","background-image":"","background-repeat":"repeat","background-position":"center center","background-size":"auto","background-attachment":"scroll","background-type":"","background-media":"","overlay-type":"","overlay-color":"","overlay-opacity":"","overlay-gradient":""}},"ast-content-background-meta":{"desktop":{"background-color":"var(--ast-global-color-5)","background-image":"","background-repeat":"repeat","background-position":"center center","background-size":"auto","background-attachment":"scroll","background-type":"","background-media":"","overlay-type":"","overlay-color":"","overlay-opacity":"","overlay-gradient":""},"tablet":{"background-color":"var(--ast-global-color-5)","background-image":"","background-repeat":"repeat","background-position":"center center","background-size":"auto","background-attachment":"scroll","background-type":"","background-media":"","overlay-type":"","overlay-color":"","overlay-opacity":"","overlay-gradient":""},"mobile":{"background-color":"var(--ast-global-color-5)","background-image":"","background-repeat":"repeat","background-position":"center center","background-size":"auto","background-attachment":"scroll","background-type":"","background-media":"","overlay-type":"","overlay-color":"","overlay-opacity":"","overlay-gradient":""}},"jetpack_post_was_ever_published":false,"footnotes":""},"class_list":["post-2447","page","type-page","status-publish","hentry"],"uagb_featured_image_src":{"full":false,"thumbnail":false,"medium":false,"medium_large":false,"large":false,"1536x1536":false,"2048x2048":false,"trp-custom-language-flag":false},"uagb_author_info":{"display_name":"Dance Conmigo","author_link":"https:\/\/danceconmigo.com\/fr\/author\/danceconmigo\/"},"uagb_comment_info":0,"uagb_excerpt":"Dance Styles We focus on social dancing on the following styles: The price for our private classes is $70\/hr. Click here for more information about our private classes. The price for group classes depend on the size and location of your group. Click here for group classes pricing. Salsa Patterns &#8211; Tuesdays &#8211; starts Nov&hellip;","jetpack_sharing_enabled":true,"jetpack_shortlink":"https:\/\/wp.me\/P3Ld37-Dt","_links":{"self":[{"href":"https:\/\/danceconmigo.com\/fr\/wp-json\/wp\/v2\/pages\/2447","targetHints":{"allow":["GET"]}}],"collection":[{"href":"https:\/\/danceconmigo.com\/fr\/wp-json\/wp\/v2\/pages"}],"about":[{"href":"https:\/\/danceconmigo.com\/fr\/wp-json\/wp\/v2\/types\/page"}],"author":[{"embeddable":true,"href":"https:\/\/danceconmigo.com\/fr\/wp-json\/wp\/v2\/users\/3"}],"replies":[{"embeddable":true,"href":"https:\/\/danceconmigo.com\/fr\/wp-json\/wp\/v2\/comments?post=2447"}],"version-history":[{"count":5,"href":"https:\/\/danceconmigo.com\/fr\/wp-json\/wp\/v2\/pages\/2447\/revisions"}],"predecessor-version":[{"id":6882,"href":"https:\/\/danceconmigo.com\/fr\/wp-json\/wp\/v2\/pages\/2447\/revisions\/6882"}],"wp:attachment":[{"href":"https:\/\/danceconmigo.com\/fr\/wp-json\/wp\/v2\/media?parent=2447"}],"curies":[{"name":"wp","href":"https:\/\/api.w.org\/{rel}","templated":true}]}}