{"id":2401,"date":"2022-12-29T13:52:52","date_gmt":"2022-12-29T18:52:52","guid":{"rendered":"https:\/\/www.danceconmigo.com\/?page_id=2401"},"modified":"2025-11-01T02:31:58","modified_gmt":"2025-11-01T06:31:58","slug":"interac","status":"publish","type":"page","link":"https:\/\/danceconmigo.com\/fr\/interac\/","title":{"rendered":"Interac"},"content":{"rendered":"<p><strong>Suivez les instructions ci-dessous:<\/strong><br><em>Follow the instructions below:<\/em><\/p>\n\n\n\n<figure class=\"wp-block-image aligncenter size-full is-resized\"><a href=\"https:\/\/i0.wp.com\/danceconmigo.com\/wp-content\/uploads\/2022\/12\/Interac2.png?ssl=1\"><img data-recalc-dims=\"1\" loading=\"lazy\" decoding=\"async\" width=\"600\" height=\"200\" src=\"https:\/\/i0.wp.com\/danceconmigo.com\/wp-content\/uploads\/2022\/12\/Interac2.png?resize=600%2C200&#038;ssl=1\" alt=\"\" class=\"wp-image-2402\" style=\"width:450px;height:150px\" srcset=\"https:\/\/i0.wp.com\/danceconmigo.com\/wp-content\/uploads\/2022\/12\/Interac2.png?w=600&amp;ssl=1 600w, https:\/\/i0.wp.com\/danceconmigo.com\/wp-content\/uploads\/2022\/12\/Interac2.png?resize=300%2C100&amp;ssl=1 300w\" sizes=\"auto, (max-width: 600px) 100vw, 600px\" \/><\/a><\/figure>\n\n\n\n<p><strong>1.\u00a0 Envoyez le paiement (60$\/personne) par virement \u00e9lectronique \u00e0\u00a0<a href=\"mailto:danceconmigo@gmail.com\" target=\"_blank\" rel=\"noreferrer noopener\">danceconmigo@gmail.com<\/a><\/strong>\u00a0:<br><em>Send a payment (60$\/person) by etransfer to<\/em>:\u00a0\u00a0<em><a href=\"mailto:danceconmigo@gmail.com\" target=\"_blank\" rel=\"noreferrer noopener\">danceconmigo@gmail.com<\/a>\u00a0<\/em><br><br><strong>2. Envoyez-nous votre nom et le cours auquel vous vous \u00eates inscrit(e):\u00a0\u00a0<a href=\"mailto:danceconmigo@gmail.com\" target=\"_blank\" rel=\"noreferrer noopener\">danceconmigo@gmail.com<\/a><\/strong><br><em>Email us your name <\/em>\u00a0<em>and the class you have registered for : <a href=\"mailto:danceconmigo@gmail.com\" target=\"_blank\" rel=\"noreferrer noopener\">danceconmigo@gmail.com<\/a><\/em><\/p>\n\n\n\n<p><strong>Nous vous enverrons une confirmation \u2014 \u00e0 tr\u00e8s bient\u00f4t en classe !<\/strong><br><em>We will send you confirmation \u2013 and see you in class!<\/em><\/p>\n\n\n\n<p class=\"has-large-font-size\"><strong>Merci\/ Thank you <\/strong>\ud83d\ude4f<\/p>","protected":false},"excerpt":{"rendered":"<p>Suivez les instructions ci-dessous:Follow the instructions below: 1.\u00a0 Envoyez le paiement (60$\/personne) par virement \u00e9lectronique \u00e0\u00a0danceconmigo@gmail.com\u00a0:Send a payment (60$\/person) by etransfer to:\u00a0\u00a0danceconmigo@gmail.com\u00a0 2. Envoyez-nous votre nom et le cours auquel vous vous \u00eates inscrit(e):\u00a0\u00a0danceconmigo@gmail.comEmail us your name \u00a0and the class you have registered for : danceconmigo@gmail.com Nous vous enverrons une confirmation \u2014 \u00e0 tr\u00e8s bient\u00f4t [&hellip;]<\/p>\n","protected":false},"author":3,"featured_media":0,"parent":0,"menu_order":0,"comment_status":"closed","ping_status":"closed","template":"","meta":{"_uag_custom_page_level_css":"","site-sidebar-layout":"default","site-content-layout":"","ast-site-content-layout":"default","site-content-style":"default","site-sidebar-style":"default","ast-global-header-display":"","ast-banner-title-visibility":"","ast-main-header-display":"","ast-hfb-above-header-display":"","ast-hfb-below-header-display":"","ast-hfb-mobile-header-display":"","site-post-title":"","ast-breadcrumbs-content":"","ast-featured-img":"","footer-sml-layout":"","ast-disable-related-posts":"","theme-transparent-header-meta":"","adv-header-id-meta":"","stick-header-meta":"","header-above-stick-meta":"","header-main-stick-meta":"","header-below-stick-meta":"","astra-migrate-meta-layouts":"set","ast-page-background-enabled":"default","ast-page-background-meta":{"desktop":{"background-color":"","background-image":"","background-repeat":"repeat","background-position":"center center","background-size":"auto","background-attachment":"scroll","background-type":"","background-media":"","overlay-type":"","overlay-color":"","overlay-opacity":"","overlay-gradient":""},"tablet":{"background-color":"","background-image":"","background-repeat":"repeat","background-position":"center center","background-size":"auto","background-attachment":"scroll","background-type":"","background-media":"","overlay-type":"","overlay-color":"","overlay-opacity":"","overlay-gradient":""},"mobile":{"background-color":"","background-image":"","background-repeat":"repeat","background-position":"center center","background-size":"auto","background-attachment":"scroll","background-type":"","background-media":"","overlay-type":"","overlay-color":"","overlay-opacity":"","overlay-gradient":""}},"ast-content-background-meta":{"desktop":{"background-color":"var(--ast-global-color-5)","background-image":"","background-repeat":"repeat","background-position":"center center","background-size":"auto","background-attachment":"scroll","background-type":"","background-media":"","overlay-type":"","overlay-color":"","overlay-opacity":"","overlay-gradient":""},"tablet":{"background-color":"var(--ast-global-color-5)","background-image":"","background-repeat":"repeat","background-position":"center center","background-size":"auto","background-attachment":"scroll","background-type":"","background-media":"","overlay-type":"","overlay-color":"","overlay-opacity":"","overlay-gradient":""},"mobile":{"background-color":"var(--ast-global-color-5)","background-image":"","background-repeat":"repeat","background-position":"center center","background-size":"auto","background-attachment":"scroll","background-type":"","background-media":"","overlay-type":"","overlay-color":"","overlay-opacity":"","overlay-gradient":""}},"jetpack_post_was_ever_published":false,"footnotes":""},"class_list":["post-2401","page","type-page","status-publish","hentry"],"uagb_featured_image_src":{"full":false,"thumbnail":false,"medium":false,"medium_large":false,"large":false,"1536x1536":false,"2048x2048":false,"trp-custom-language-flag":false},"uagb_author_info":{"display_name":"Dance Conmigo","author_link":"https:\/\/danceconmigo.com\/fr\/author\/danceconmigo\/"},"uagb_comment_info":0,"uagb_excerpt":"Suivez les instructions ci-dessous:Follow the instructions below: 1.\u00a0 Envoyez le paiement (60$\/personne) par virement \u00e9lectronique \u00e0\u00a0danceconmigo@gmail.com\u00a0:Send a payment (60$\/person) by etransfer to:\u00a0\u00a0danceconmigo@gmail.com\u00a0 2. Envoyez-nous votre nom et le cours auquel vous vous \u00eates inscrit(e):\u00a0\u00a0danceconmigo@gmail.comEmail us your name \u00a0and the class you have registered for : danceconmigo@gmail.com Nous vous enverrons une confirmation \u2014 \u00e0 tr\u00e8s bient\u00f4t&hellip;","jetpack_sharing_enabled":true,"jetpack_shortlink":"https:\/\/wp.me\/P3Ld37-CJ","_links":{"self":[{"href":"https:\/\/danceconmigo.com\/fr\/wp-json\/wp\/v2\/pages\/2401","targetHints":{"allow":["GET"]}}],"collection":[{"href":"https:\/\/danceconmigo.com\/fr\/wp-json\/wp\/v2\/pages"}],"about":[{"href":"https:\/\/danceconmigo.com\/fr\/wp-json\/wp\/v2\/types\/page"}],"author":[{"embeddable":true,"href":"https:\/\/danceconmigo.com\/fr\/wp-json\/wp\/v2\/users\/3"}],"replies":[{"embeddable":true,"href":"https:\/\/danceconmigo.com\/fr\/wp-json\/wp\/v2\/comments?post=2401"}],"version-history":[{"count":5,"href":"https:\/\/danceconmigo.com\/fr\/wp-json\/wp\/v2\/pages\/2401\/revisions"}],"predecessor-version":[{"id":6881,"href":"https:\/\/danceconmigo.com\/fr\/wp-json\/wp\/v2\/pages\/2401\/revisions\/6881"}],"wp:attachment":[{"href":"https:\/\/danceconmigo.com\/fr\/wp-json\/wp\/v2\/media?parent=2401"}],"curies":[{"name":"wp","href":"https:\/\/api.w.org\/{rel}","templated":true}]}}