{"id":1810,"date":"2018-01-08T19:35:17","date_gmt":"2018-01-09T00:35:17","guid":{"rendered":"http:\/\/www.danceconmigo.com\/?page_id=1810"},"modified":"2024-08-10T22:14:31","modified_gmt":"2024-08-11T02:14:31","slug":"wedding","status":"publish","type":"page","link":"https:\/\/danceconmigo.com\/fr\/wedding\/","title":{"rendered":"Weddings"},"content":{"rendered":"<div class=\"wp-block-uagb-container uagb-block-371049d8 alignfull uagb-is-root-container\"><div class=\"uagb-container-inner-blocks-wrap\">\n<div class=\"wp-block-uagb-advanced-heading uagb-block-e2f08c6e\"><h1 class=\"uagb-heading-text\">Weddings and More<\/h1><\/div>\n<\/div><\/div>\n\n\n\n<div class=\"wp-block-columns is-layout-flex wp-container-core-columns-is-layout-28f84493 wp-block-columns-is-layout-flex\">\n<div class=\"wp-block-column is-layout-flow wp-block-column-is-layout-flow\">\n<p><strong>Menu<\/strong><\/p>\n\n\n\n<ul class=\"wp-block-list\">\n<li><a href=\"#First-dance\" target=\"_blank\" rel=\"noreferrer noopener\">Premi\u00e8re Danse<\/a><\/li>\n\n\n\n<li><a href=\"#Bachelorette\" target=\"_blank\" rel=\"noreferrer noopener\">Enterrements de vie de jeune fille<\/a><\/li>\n\n\n\n<li><a href=\"#Flash-Mobs\" target=\"_blank\" rel=\"noreferrer noopener\">Flash mobs des gar\u00e7ons d'honneur et\/ou des demoiselles d'honneur<\/a><\/li>\n\n\n\n<li><a href=\"#Others\" target=\"_blank\" rel=\"noreferrer noopener\">Autres danses et services<\/a><\/li>\n<\/ul>\n<\/div>\n\n\n\n<div class=\"wp-block-column is-layout-flow wp-block-column-is-layout-flow\"><\/div>\n<\/div>\n\n\n\n<h2 class=\"wp-block-heading has-text-align-center\" id=\"First-dance\">Premi\u00e8re danse<\/h2>\n\n\n\n<div class=\"wp-block-columns is-layout-flex wp-container-core-columns-is-layout-28f84493 wp-block-columns-is-layout-flex\">\n<div class=\"wp-block-column is-layout-flow wp-block-column-is-layout-flow\">\n<div class=\"wp-block-media-text alignwide has-media-on-the-right is-stacked-on-mobile\"><div class=\"wp-block-media-text__content\">\n<p class=\"has-medium-font-size\"><strong>Vous vous mariez ? Faites de votre \u00abpremi\u00e8re danse\u00bb une danse inoubliable.&nbsp;<\/strong><\/p>\n\n\n\n<p>Dance Conmigo propose des cours particuliers pour vous aider \u00e0 vous sentir fantastique sur la piste de danse. Que vous souhaitiez simplement avoir l'air naturel en dansant les bases, ou que vous pr\u00e9f\u00e9riez une routine impressionnante, nous pouvons vous aider !<\/p>\n\n\n\n<p>De nombreux couples aujourd'hui personnalisent leur premi\u00e8re danse pour qu'elle corresponde \u00e0 leur go\u00fbt et style uniques. Envisagez un passionnant Tango Argentin, une romantique Rumba, une classique Valse, ou un spectaculaire Swing ou Salsa. Si vous avez d\u00e9j\u00e0 choisi une chanson, nous pouvons vous sugg\u00e9rer le style de danse associ\u00e9. &nbsp;<\/p>\n<\/div><figure class=\"wp-block-media-text__media\"><img data-recalc-dims=\"1\" loading=\"lazy\" decoding=\"async\" width=\"1024\" height=\"683\" src=\"https:\/\/i0.wp.com\/danceconmigo.com\/wp-content\/uploads\/2018\/02\/MyTienPatrick-copy.jpg?resize=1024%2C683&#038;ssl=1\" alt=\"\" class=\"wp-image-1836 size-full\" srcset=\"https:\/\/i0.wp.com\/danceconmigo.com\/wp-content\/uploads\/2018\/02\/MyTienPatrick-copy.jpg?resize=1024%2C683&amp;ssl=1 1024w, https:\/\/i0.wp.com\/danceconmigo.com\/wp-content\/uploads\/2018\/02\/MyTienPatrick-copy.jpg?resize=300%2C200&amp;ssl=1 300w, https:\/\/i0.wp.com\/danceconmigo.com\/wp-content\/uploads\/2018\/02\/MyTienPatrick-copy.jpg?resize=768%2C512&amp;ssl=1 768w, https:\/\/i0.wp.com\/danceconmigo.com\/wp-content\/uploads\/2018\/02\/MyTienPatrick-copy.jpg?w=1620&amp;ssl=1 1620w\" sizes=\"auto, (max-width: 1000px) 100vw, 1000px\" \/><\/figure><\/div>\n<\/div>\n<\/div>\n\n\n\n<div class=\"wp-block-columns is-layout-flex wp-container-core-columns-is-layout-28f84493 wp-block-columns-is-layout-flex\">\n<div class=\"wp-block-column is-layout-flow wp-block-column-is-layout-flow\">\n<div class=\"wp-block-columns is-layout-flex wp-container-core-columns-is-layout-28f84493 wp-block-columns-is-layout-flex\">\n<div class=\"wp-block-column is-layout-flow wp-block-column-is-layout-flow\">\n<iframe loading=\"lazy\" width=\"560\" height=\"315\" src=\"https:\/\/www.youtube.com\/embed\/6WRHI5LCDKM\" title=\"YouTube video player\" frameborder=\"0\" allow=\"accelerometer; autoplay; clipboard-write; encrypted-media; gyroscope; picture-in-picture; web-share\" allowfullscreen><\/iframe>\n<\/div>\n\n\n\n<div class=\"wp-block-column is-vertically-aligned-center is-layout-flow wp-block-column-is-layout-flow\">\n<div class=\"inherit-container-width wp-block-group is-layout-constrained wp-block-group-is-layout-constrained\">\n<p>Valse, Tango, Foxtrot, Rumba, Swing, West Coast Swing, Salsa, Bachata, Merengue, Cha-Cha, Samba, Blues, Disco, Hustle\u2026.<\/p>\n\n\n\n<p><strong>Les cours sont \u00e0 70 $\/h<\/strong> et sont offerts dans les magnifiques studios d'Espaces des Arts (9 St-Catherine Est, coin St-Laurent. M\u00e9tro St-Laurent).<br>\u00a0Nous proposons \u00e9galement des forfaits de 6 cours pour 390 $.<\/p>\n\n\n\n<p><a href=\"https:\/\/danceconmigo.com\/fr\/contact\/\">Contactez-nous pour r\u00e9server un cours<\/a>&nbsp;\u2013 ou faites-nous savoir si vous avez des questions. Nous serions ravis de vous aider !<\/p>\n<\/div>\n<\/div>\n<\/div>\n<\/div>\n<\/div>\n\n\n\n<div class=\"wp-block-columns is-layout-flex wp-container-core-columns-is-layout-28f84493 wp-block-columns-is-layout-flex\">\n<div class=\"wp-block-column is-layout-flow wp-block-column-is-layout-flow\">\n<figure class=\"wp-block-image alignright size-full is-resized\"><a href=\"https:\/\/i0.wp.com\/danceconmigo.com\/wp-content\/uploads\/2024\/08\/Dance-Conmigo-Price-PackagesSMALL-4.png?ssl=1\"><img data-recalc-dims=\"1\" loading=\"lazy\" decoding=\"async\" width=\"600\" height=\"600\" src=\"https:\/\/i0.wp.com\/danceconmigo.com\/wp-content\/uploads\/2024\/08\/Dance-Conmigo-Price-PackagesSMALL-4.png?resize=600%2C600&#038;ssl=1\" alt=\"\" class=\"wp-image-4262\" style=\"width:513px;height:auto\" srcset=\"https:\/\/i0.wp.com\/danceconmigo.com\/wp-content\/uploads\/2024\/08\/Dance-Conmigo-Price-PackagesSMALL-4.png?w=600&amp;ssl=1 600w, https:\/\/i0.wp.com\/danceconmigo.com\/wp-content\/uploads\/2024\/08\/Dance-Conmigo-Price-PackagesSMALL-4.png?resize=300%2C300&amp;ssl=1 300w, https:\/\/i0.wp.com\/danceconmigo.com\/wp-content\/uploads\/2024\/08\/Dance-Conmigo-Price-PackagesSMALL-4.png?resize=150%2C150&amp;ssl=1 150w, https:\/\/i0.wp.com\/danceconmigo.com\/wp-content\/uploads\/2024\/08\/Dance-Conmigo-Price-PackagesSMALL-4.png?resize=12%2C12&amp;ssl=1 12w\" sizes=\"auto, (max-width: 600px) 100vw, 600px\" \/><\/a><\/figure>\n<\/div>\n\n\n\n<div class=\"wp-block-column is-layout-flow wp-block-column-is-layout-flow\">\n<figure class=\"wp-block-image size-full is-resized\"><a href=\"https:\/\/i0.wp.com\/danceconmigo.com\/wp-content\/uploads\/2024\/08\/Dance-Conmigo-Price-Packages-FRENCHsmall-1.png?ssl=1\"><img data-recalc-dims=\"1\" loading=\"lazy\" decoding=\"async\" width=\"600\" height=\"600\" src=\"https:\/\/i0.wp.com\/danceconmigo.com\/wp-content\/uploads\/2024\/08\/Dance-Conmigo-Price-Packages-FRENCHsmall-1.png?resize=600%2C600&#038;ssl=1\" alt=\"\" class=\"wp-image-4259\" style=\"width:512px;height:auto\" srcset=\"https:\/\/i0.wp.com\/danceconmigo.com\/wp-content\/uploads\/2024\/08\/Dance-Conmigo-Price-Packages-FRENCHsmall-1.png?w=600&amp;ssl=1 600w, https:\/\/i0.wp.com\/danceconmigo.com\/wp-content\/uploads\/2024\/08\/Dance-Conmigo-Price-Packages-FRENCHsmall-1.png?resize=300%2C300&amp;ssl=1 300w, https:\/\/i0.wp.com\/danceconmigo.com\/wp-content\/uploads\/2024\/08\/Dance-Conmigo-Price-Packages-FRENCHsmall-1.png?resize=150%2C150&amp;ssl=1 150w, https:\/\/i0.wp.com\/danceconmigo.com\/wp-content\/uploads\/2024\/08\/Dance-Conmigo-Price-Packages-FRENCHsmall-1.png?resize=12%2C12&amp;ssl=1 12w\" sizes=\"auto, (max-width: 600px) 100vw, 600px\" \/><\/a><\/figure>\n<\/div>\n<\/div>\n\n\n\n<p><\/p>\n\n\n\n<p><\/p>\n\n\n\n<div style=\"height:50px\" aria-hidden=\"true\" class=\"wp-block-spacer\"><\/div>\n\n\n\n<h3 class=\"wp-block-heading has-text-align-center\" id=\"Bachelorette\">Enterrements de vie de jeune fille<\/h3>\n\n\n\n<div class=\"wp-block-columns is-layout-flex wp-container-core-columns-is-layout-28f84493 wp-block-columns-is-layout-flex\">\n<div class=\"wp-block-column is-layout-flow wp-block-column-is-layout-flow\">\n<div class=\"wp-block-media-text alignwide has-media-on-the-right is-stacked-on-mobile\" style=\"grid-template-columns:auto 46%\"><div class=\"wp-block-media-text__content\">\n<p>Faites quelque chose de cr\u00e9atif, amusant et diff\u00e9rent pour son enterrement de vie de jeune fille \u2013 organisez un cours de danse ! Apprenez un peu de salsa ensemble \u2013 puis allez dans les clubs de salsa pour une soir\u00e9e inoubliable. Que diriez-vous d'apprendre la valse classique \u2013 et de passer une heure \u00e0 danser comme des princesses ! Ou r\u00e9v\u00e9lez son c\u00f4t\u00e9 sensuel en apprenant une routine sexy toutes ensemble\u2026 et ensuite, si vous vous sentez audacieuses, vous pouvez la pr\u00e9senter au mariage ! Il y a tant de possibilit\u00e9s.<\/p>\n\n\n\n<p><strong>Le co\u00fbt est de <\/strong>110 $\/heure pour des groupes de 4 \u00e0 6 personnes, 125 $\/heure pour des groupes de 7 \u00e0 12 personnes \u2013 ou 10 $\/personne\/heure pour des groupes de 13 personnes ou plus.<\/p>\n<\/div><figure class=\"wp-block-media-text__media\"><img data-recalc-dims=\"1\" loading=\"lazy\" decoding=\"async\" width=\"960\" height=\"720\" src=\"https:\/\/i0.wp.com\/danceconmigo.com\/wp-content\/uploads\/2018\/02\/551653_519306958095771_71988897_n.jpg?resize=960%2C720&#038;ssl=1\" alt=\"\" class=\"wp-image-1837 size-full\" srcset=\"https:\/\/i0.wp.com\/danceconmigo.com\/wp-content\/uploads\/2018\/02\/551653_519306958095771_71988897_n.jpg?w=960&amp;ssl=1 960w, https:\/\/i0.wp.com\/danceconmigo.com\/wp-content\/uploads\/2018\/02\/551653_519306958095771_71988897_n.jpg?resize=300%2C225&amp;ssl=1 300w, https:\/\/i0.wp.com\/danceconmigo.com\/wp-content\/uploads\/2018\/02\/551653_519306958095771_71988897_n.jpg?resize=768%2C576&amp;ssl=1 768w\" sizes=\"auto, (max-width: 960px) 100vw, 960px\" \/><\/figure><\/div>\n<\/div>\n<\/div>\n\n\n\n<div style=\"height:50px\" aria-hidden=\"true\" class=\"wp-block-spacer\"><\/div>\n\n\n\n<h3 class=\"wp-block-heading has-text-align-center\" id=\"Flash-Mobs\">Flash mobs des gar\u00e7ons d'honneur et\/ou des demoiselles d'honneur<\/h3>\n\n\n\n<div class=\"wp-block-columns is-layout-flex wp-container-core-columns-is-layout-28f84493 wp-block-columns-is-layout-flex\">\n<div class=\"wp-block-column is-layout-flow wp-block-column-is-layout-flow\">\n<div class=\"wp-block-media-text alignwide has-media-on-the-right is-stacked-on-mobile\"><div class=\"wp-block-media-text__content\">\n<p>Gar\u00e7ons d'honneur \u2013 surprenez la mari\u00e9e,<br>Demoiselles d'honneur \u2013 surprenez le mari\u00e9\u2026<\/p>\n\n\n\n<p>ou r\u00e9unissez-vous et surprenez tous les invit\u00e9s avec une routine de danse de groupe qui fera vibrer la salle ! Dance Conmigo peut chor\u00e9graphier une routine personnalis\u00e9e pour correspondre \u00e0 votre vision. Non seulement cela suscitera de l'excitation lors de la r\u00e9ception, mais travailler ensemble pour atteindre cet objectif est une activit\u00e9 amusante et f\u00e9d\u00e9ratrice qui cr\u00e9era \u00e0 coup s\u00fbr de nombreux souvenirs durables.<\/p>\n\n\n\n<p>Time required depends on how elaborate the routine is \u2013 and how dedicated the team.&nbsp; However, most groups use between 2 and 6 lessons to achieve their goal.&nbsp; <strong><strong>Le co\u00fbt est de <\/strong><\/strong>110 $\/heure pour des groupes de 4 \u00e0 6 personnes, 125 $\/heure pour des groupes de 7 \u00e0 12 personnes \u2013 ou 10 $\/personne\/heure pour des groupes de 13 personnes ou plus.<\/p>\n<\/div><figure class=\"wp-block-media-text__media\"><img data-recalc-dims=\"1\" loading=\"lazy\" decoding=\"async\" width=\"720\" height=\"405\" src=\"https:\/\/i0.wp.com\/danceconmigo.com\/wp-content\/uploads\/2013\/03\/SalsaToastmastersClass.jpg?resize=720%2C405&#038;ssl=1\" alt=\"\" class=\"wp-image-666 size-full\" srcset=\"https:\/\/i0.wp.com\/danceconmigo.com\/wp-content\/uploads\/2013\/03\/SalsaToastmastersClass.jpg?w=720&amp;ssl=1 720w, https:\/\/i0.wp.com\/danceconmigo.com\/wp-content\/uploads\/2013\/03\/SalsaToastmastersClass.jpg?resize=300%2C168&amp;ssl=1 300w\" sizes=\"auto, (max-width: 720px) 100vw, 720px\" \/><\/figure><\/div>\n<\/div>\n<\/div>\n\n\n\n<h3 class=\"wp-block-heading has-text-align-center\" id=\"Others\">Autres danses et services<\/h3>\n\n\n\n<div class=\"wp-block-columns is-layout-flex wp-container-core-columns-is-layout-28f84493 wp-block-columns-is-layout-flex\">\n<div class=\"wp-block-column is-layout-flow wp-block-column-is-layout-flow\">\n<p>Nous cr\u00e9ons des routines de danse et dispensons des cours de danse pour d'autres occasions telles que :<\/p>\n\n\n\n<ul class=\"wp-block-list\">\n<li>Danse m\u00e8re-fils<\/li>\n\n\n\n<li>Danse p\u00e8re-fille<\/li>\n\n\n\n<li>Quincea\u00f1era<\/li>\n\n\n\n<li>Sweet sixteen<\/li>\n\n\n\n<li>et plus!<\/li>\n<\/ul>\n<\/div>\n\n\n\n<div class=\"wp-block-column is-layout-flow wp-block-column-is-layout-flow\">\n<iframe loading=\"lazy\" width=\"560\" height=\"315\" src=\"https:\/\/www.youtube.com\/embed\/N3zfgDzqcMw\" title=\"YouTube video player\" frameborder=\"0\" allow=\"accelerometer; autoplay; clipboard-write; encrypted-media; gyroscope; picture-in-picture; web-share\" allowfullscreen><\/iframe>\n<\/div>\n<\/div>","protected":false},"excerpt":{"rendered":"<p>Weddings and More Menu First dance Getting married? &nbsp;Make your \u201cfirst dance\u201d a dance to remember.&nbsp; Dance Conmigo offers private lessons to help you feel fantastic on the dance floor. &nbsp;Whether you just want to look natural dancing the basics, or you\u2019d prefer a full-on \u201cwow \u2019em\u201d routine, we can help! Many couples today are [&hellip;]<\/p>\n","protected":false},"author":3,"featured_media":0,"parent":0,"menu_order":0,"comment_status":"closed","ping_status":"closed","template":"","meta":{"_uag_custom_page_level_css":"","site-sidebar-layout":"default","site-content-layout":"page-builder","ast-site-content-layout":"full-width-container","site-content-style":"unboxed","site-sidebar-style":"unboxed","ast-global-header-display":"","ast-banner-title-visibility":"","ast-main-header-display":"","ast-hfb-above-header-display":"","ast-hfb-below-header-display":"","ast-hfb-mobile-header-display":"","site-post-title":"disabled","ast-breadcrumbs-content":"","ast-featured-img":"","footer-sml-layout":"","ast-disable-related-posts":"","theme-transparent-header-meta":"disabled","adv-header-id-meta":"","stick-header-meta":"","header-above-stick-meta":"","header-main-stick-meta":"","header-below-stick-meta":"","astra-migrate-meta-layouts":"set","ast-page-background-enabled":"default","ast-page-background-meta":{"desktop":{"background-color":"","background-image":"","background-repeat":"repeat","background-position":"center center","background-size":"auto","background-attachment":"scroll","background-type":"","background-media":"","overlay-type":"","overlay-color":"","overlay-opacity":"","overlay-gradient":""},"tablet":{"background-color":"","background-image":"","background-repeat":"repeat","background-position":"center center","background-size":"auto","background-attachment":"scroll","background-type":"","background-media":"","overlay-type":"","overlay-color":"","overlay-opacity":"","overlay-gradient":""},"mobile":{"background-color":"","background-image":"","background-repeat":"repeat","background-position":"center center","background-size":"auto","background-attachment":"scroll","background-type":"","background-media":"","overlay-type":"","overlay-color":"","overlay-opacity":"","overlay-gradient":""}},"ast-content-background-meta":{"desktop":{"background-color":"var(--ast-global-color-5)","background-image":"","background-repeat":"repeat","background-position":"center center","background-size":"auto","background-attachment":"scroll","background-type":"","background-media":"","overlay-type":"","overlay-color":"","overlay-opacity":"","overlay-gradient":""},"tablet":{"background-color":"var(--ast-global-color-5)","background-image":"","background-repeat":"repeat","background-position":"center center","background-size":"auto","background-attachment":"scroll","background-type":"","background-media":"","overlay-type":"","overlay-color":"","overlay-opacity":"","overlay-gradient":""},"mobile":{"background-color":"var(--ast-global-color-5)","background-image":"","background-repeat":"repeat","background-position":"center center","background-size":"auto","background-attachment":"scroll","background-type":"","background-media":"","overlay-type":"","overlay-color":"","overlay-opacity":"","overlay-gradient":""}},"jetpack_post_was_ever_published":false,"footnotes":""},"class_list":["post-1810","page","type-page","status-publish","hentry"],"uagb_featured_image_src":{"full":false,"thumbnail":false,"medium":false,"medium_large":false,"large":false,"1536x1536":false,"2048x2048":false,"trp-custom-language-flag":false},"uagb_author_info":{"display_name":"Dance Conmigo","author_link":"https:\/\/danceconmigo.com\/fr\/author\/danceconmigo\/"},"uagb_comment_info":0,"uagb_excerpt":"Weddings and More Menu First dance Getting married? &nbsp;Make your \u201cfirst dance\u201d a dance to remember.&nbsp; Dance Conmigo offers private lessons to help you feel fantastic on the dance floor. &nbsp;Whether you just want to look natural dancing the basics, or you\u2019d prefer a full-on \u201cwow \u2019em\u201d routine, we can help! Many couples today are&hellip;","jetpack_sharing_enabled":true,"jetpack_shortlink":"https:\/\/wp.me\/P3Ld37-tc","_links":{"self":[{"href":"https:\/\/danceconmigo.com\/fr\/wp-json\/wp\/v2\/pages\/1810","targetHints":{"allow":["GET"]}}],"collection":[{"href":"https:\/\/danceconmigo.com\/fr\/wp-json\/wp\/v2\/pages"}],"about":[{"href":"https:\/\/danceconmigo.com\/fr\/wp-json\/wp\/v2\/types\/page"}],"author":[{"embeddable":true,"href":"https:\/\/danceconmigo.com\/fr\/wp-json\/wp\/v2\/users\/3"}],"replies":[{"embeddable":true,"href":"https:\/\/danceconmigo.com\/fr\/wp-json\/wp\/v2\/comments?post=1810"}],"version-history":[{"count":5,"href":"https:\/\/danceconmigo.com\/fr\/wp-json\/wp\/v2\/pages\/1810\/revisions"}],"predecessor-version":[{"id":4264,"href":"https:\/\/danceconmigo.com\/fr\/wp-json\/wp\/v2\/pages\/1810\/revisions\/4264"}],"wp:attachment":[{"href":"https:\/\/danceconmigo.com\/fr\/wp-json\/wp\/v2\/media?parent=1810"}],"curies":[{"name":"wp","href":"https:\/\/api.w.org\/{rel}","templated":true}]}}