{"id":13,"date":"2013-02-23T15:13:46","date_gmt":"2013-02-23T15:13:46","guid":{"rendered":"http:\/\/localhost\/danceconmigo\/dev\/?page_id=13"},"modified":"2023-06-21T18:52:36","modified_gmt":"2023-06-21T22:52:36","slug":"tango-2","status":"publish","type":"page","link":"https:\/\/danceconmigo.com\/fr\/tango-2\/","title":{"rendered":"Tango"},"content":{"rendered":"<h2 class=\"wp-block-heading\"><\/h2>\n\n\n\n<h1 class=\"wp-block-heading\"><figure><img data-recalc-dims=\"1\" loading=\"lazy\" decoding=\"async\" class=\"alignleft\" style=\"font-size: 1.5rem;\" src=\"https:\/\/i0.wp.com\/www.danceconmigo.com\/Images\/cheryl_alain_tango.jpg?resize=285%2C428\" alt=\"\" width=\"285\" height=\"428\"><span style=\"color: revert; font-size: 1.5rem;\">Tango argentin<\/span><\/figure><\/h1>\n\n\n\n<p>Faites le premier pas... et d\u00e9couvrez - ou renforcez - votre amour du tango !  Il y a autant de raisons d'aimer le tango qu'il y a de danseurs de tango : la musique, l'\u00e9l\u00e9gance, l'\u00e9treinte, la connexion avec son partenaire, un sentiment de libert\u00e9, d'abandon...<\/p>\n\n\n\n<p>\"Comment avez-vous choisi le tango ?\"<br>\"Je ne l'ai pas choisi.  C'est le tango qui m'a choisi\".<br>&#8211; The Tango Lesson<\/p>\n\n\n\n<p>Nous vous invitons \u00e0 commencer ou \u00e0 poursuivre votre voyage dans le monde merveilleux et inspirant du tango.<\/p>\n\n\n\n<p>- Essayer un&nbsp;<a href=\"https:\/\/danceconmigo.com\/fr\/private\/\">cours priv\u00e9<\/a><br>\u2013&nbsp;<a href=\"https:\/\/danceconmigo.com\/fr\/self-organized-group-classes\/\">Organisez votre propre cours de groupe<\/a><br>- Engagez-nous pour pr\u00e9senter un tango lors de&nbsp;<a href=\"https:\/\/danceconmigo.com\/fr\/wedding\/\">votre mariage<\/a>&nbsp;ou autre \u00e9v\u00e9nement<\/p>\n\n\n\n<h1 class=\"wp-block-heading\">Private Instruction &#8211; Argentine Tango<\/h1>\n\n\n\n<p><figure><img data-recalc-dims=\"1\" loading=\"lazy\" decoding=\"async\" width=\"148\" height=\"256\" class=\"alignleft\" style=\"font-size: 2em;\" src=\"https:\/\/i0.wp.com\/www.danceconmigo.com\/Images\/tangoPage\/heather%26AlainDECORATION.JPG?resize=148%2C256\" alt=\"\"><\/figure><\/p>\n\n\n\n<p><strong>Private Tango lessons are ideal for:<\/strong><br>- Les c\u00e9libataires ou les couples qui veulent apprendre \u00e0 leur propre rythme<br>- Les c\u00e9libataires ou les couples qui souhaitent d\u00e9finir l'ordre du jour de leurs cours<br>&#8211;&nbsp;<a href=\"https:\/\/danceconmigo.com\/fr\/wedding\/\">Les couples de mariage<\/a> qui veulent se pr\u00e9parer \u00e0 leur premi\u00e8re danse<br>- Les c\u00e9libataires ou les couples qui pr\u00e9f\u00e8rent un cadre priv\u00e9 plut\u00f4t qu'un cadre de groupe<br>- pour 3 \u00e9tudiants ou plus (cours semi-priv\u00e9s), veuillez consulter notre page sur les&nbsp;<a href=\"https:\/\/danceconmigo.com\/fr\/self-organized-group-classes\/\">cours de groupe.<\/a><\/p>\n\n\n\n<p>For more information,&nbsp;<a href=\"https:\/\/danceconmigo.com\/fr\/private\/\">Consult our Private Classes Page.<br><\/a>Pour r\u00e9server votre premi\u00e8re le\u00e7on priv\u00e9e,&nbsp;<a href=\"https:\/\/danceconmigo.com\/fr\/contact\/\">please&nbsp;Contact Us.<\/a><\/p>\n\n\n\n<h1 class=\"wp-block-heading\">Private Lesson at a Tango Club or in a Public Space<\/h1>\n\n\n\n<figure class=\"wp-block-image alignright\"><img data-recalc-dims=\"1\" loading=\"lazy\" decoding=\"async\" width=\"198\" height=\"300\" src=\"https:\/\/i0.wp.com\/www.danceconmigo.com\/wp-content\/uploads\/2018\/02\/486807_466786123343482_1699292607_n-198x300.jpg?resize=198%2C300\" alt=\"\" class=\"wp-image-1848\" srcset=\"https:\/\/i0.wp.com\/danceconmigo.com\/wp-content\/uploads\/2018\/02\/486807_466786123343482_1699292607_n.jpg?resize=198%2C300&amp;ssl=1 198w, https:\/\/i0.wp.com\/danceconmigo.com\/wp-content\/uploads\/2018\/02\/486807_466786123343482_1699292607_n.jpg?w=635&amp;ssl=1 635w\" sizes=\"auto, (max-width: 198px) 100vw, 198px\" \/><\/figure>\n\n\n\n<p>Have you ever wanted to dance tango outside of the regular class setting?&nbsp; At a milonga, a practica, or in an inspired public space?&nbsp; Why not try a class in a true tango environment &#8211; or even outside the confines of a studio.&nbsp; Here&#8217;s your chance!<\/p>\n\n\n\n<ul class=\"wp-block-list\">\n<li>The student and teacher meet at the agreed club (or public space) at an arranged time.<\/li>\n\n\n\n<li>Le cours est principalement une session de pratique avec quelques indications mineures pour les corrections.<\/li>\n\n\n\n<li><a href=\"https:\/\/danceconmigo.com\/fr\/contact\/\">Book ahead<\/a> with Alain or Cheryl.<\/li>\n<\/ul>\n\n\n\n<p><strong>Ce cours est id\u00e9al pour :<\/strong><\/p>\n\n\n\n<ul class=\"wp-block-list\">\n<li>Les \u00e9tudiants qui veulent d\u00e9velopper leur confiance en eux dans un environnement social.<\/li>\n\n\n\n<li>Les \u00e9tudiants qui veulent \u00eatre assur\u00e9s d'avoir un partenaire de danse solide (votre professeur !) pendant une heure enti\u00e8re.<\/li>\n<\/ul>\n\n\n\n<p><strong>Cost:<\/strong>  $40-$60\/hr  <a href=\"https:\/\/danceconmigo.com\/fr\/contact\/\">Get in touch with us<\/a> to find out more<\/p>\n\n\n\n<h2 class=\"wp-block-heading\">Self-organized Argentine Tango Group Classes<\/h2>\n\n\n\n<p><strong>** If we&#8217;re not offering any Tango classes for your level, or at a time that suits you, consider organizing your own group (with friends or colleagues) &#8211; and hiring us to teach.&nbsp; <a href=\"https:\/\/danceconmigo.com\/fr\/self-organized-group-classes\/\">More info and rates at the bottom of our &#8220;Group&#8221; page.<\/a> **<\/strong><\/p>\n\n\n\n<p>Group Classes at Dance Conmigo focus on fun, comfort, clear explanations, and solid technique. &nbsp;We provide students with the tools to pick up moves easily, allowing practice time after each new element to reinforce the student\u2019s comfort and confidence.<\/p>\n\n\n\n<p>&#8211; To organize your own group class with friends, please <a href=\"https:\/\/danceconmigo.com\/fr\/self-organized-group-classes\/\">Consult our Group Class Page.<br><\/a><\/p>\n\n\n\n<div style=\"height:21px\" aria-hidden=\"true\" class=\"wp-block-spacer\"><\/div>\n\n\n\n<figure><iframe loading=\"lazy\" src=\"\/\/www.youtube.com\/embed\/zWWdnwVcYjQ?rel=0\" allowfullscreen=\"allowfullscreen\" width=\"560\" height=\"315\" frameborder=\"0\"><\/iframe><\/figure>\n\n\n\n<p>______________________________________________________<\/p>\n\n\n\n<h6 class=\"wp-block-heading\">Tango steps<\/h6>\n\n\n\n<p>Series of sacadas and barrida (Tango Montreal) Jan. 13 2019<\/p>\n\n\n\n<iframe loading=\"lazy\" src=\"https:\/\/www.facebook.com\/plugins\/video.php?href=https%3A%2F%2Fwww.facebook.com%2Ftangomonteal%2Fvideos%2F309023596388229%2F&amp;show_text=0&amp;width=560\" style=\"border:none;overflow:hidden\" scrolling=\"no\" allowtransparency=\"true\" allowfullscreen=\"true\" width=\"560\" height=\"315\" frameborder=\"0\"><\/iframe>\n\n\n\n<p>Follower&#8217;s sacada, jiro, parada, pasada, gancho (Tango Montreal) Dec 30, 2018<\/p>\n\n\n\n<figure><iframe loading=\"lazy\" style=\"border: none; overflow: hidden;\" src=\"https:\/\/www.facebook.com\/plugins\/video.php?href=https%3A%2F%2Fwww.facebook.com%2Falain.dance1%2Fvideos%2F1932506836798978%2F&amp;show_text=0&amp;width=560\" scrolling=\"no\" allowfullscreen=\"allowfullscreen\" width=\"560\" height=\"315\" frameborder=\"0\"><\/iframe><\/figure>","protected":false},"excerpt":{"rendered":"<p>Argentine Tango Take the first step\u2026 and discover \u2013 or enhance \u2014 your love for tango!! &nbsp;There are as many reasons for loving tango as there are tango dancers; &nbsp;the music, the elegance, the embrace, the connection with one\u2019s partner, a sense of freedom, surrender\u2026 \u201cHow did you choose the tango?\u201d\u201cI didn\u2019t. &nbsp;The tango chose [&hellip;]<\/p>\n","protected":false},"author":4,"featured_media":0,"parent":0,"menu_order":12,"comment_status":"closed","ping_status":"closed","template":"","meta":{"_uag_custom_page_level_css":"","site-sidebar-layout":"default","site-content-layout":"","ast-site-content-layout":"default","site-content-style":"default","site-sidebar-style":"default","ast-global-header-display":"","ast-banner-title-visibility":"","ast-main-header-display":"","ast-hfb-above-header-display":"","ast-hfb-below-header-display":"","ast-hfb-mobile-header-display":"","site-post-title":"","ast-breadcrumbs-content":"","ast-featured-img":"","footer-sml-layout":"","ast-disable-related-posts":"","theme-transparent-header-meta":"","adv-header-id-meta":"","stick-header-meta":"","header-above-stick-meta":"","header-main-stick-meta":"","header-below-stick-meta":"","astra-migrate-meta-layouts":"default","ast-page-background-enabled":"default","ast-page-background-meta":{"desktop":{"background-color":"","background-image":"","background-repeat":"repeat","background-position":"center center","background-size":"auto","background-attachment":"scroll","background-type":"","background-media":"","overlay-type":"","overlay-color":"","overlay-opacity":"","overlay-gradient":""},"tablet":{"background-color":"","background-image":"","background-repeat":"repeat","background-position":"center center","background-size":"auto","background-attachment":"scroll","background-type":"","background-media":"","overlay-type":"","overlay-color":"","overlay-opacity":"","overlay-gradient":""},"mobile":{"background-color":"","background-image":"","background-repeat":"repeat","background-position":"center center","background-size":"auto","background-attachment":"scroll","background-type":"","background-media":"","overlay-type":"","overlay-color":"","overlay-opacity":"","overlay-gradient":""}},"ast-content-background-meta":{"desktop":{"background-color":"var(--ast-global-color-5)","background-image":"","background-repeat":"repeat","background-position":"center center","background-size":"auto","background-attachment":"scroll","background-type":"","background-media":"","overlay-type":"","overlay-color":"","overlay-opacity":"","overlay-gradient":""},"tablet":{"background-color":"var(--ast-global-color-5)","background-image":"","background-repeat":"repeat","background-position":"center center","background-size":"auto","background-attachment":"scroll","background-type":"","background-media":"","overlay-type":"","overlay-color":"","overlay-opacity":"","overlay-gradient":""},"mobile":{"background-color":"var(--ast-global-color-5)","background-image":"","background-repeat":"repeat","background-position":"center center","background-size":"auto","background-attachment":"scroll","background-type":"","background-media":"","overlay-type":"","overlay-color":"","overlay-opacity":"","overlay-gradient":""}},"jetpack_post_was_ever_published":false,"footnotes":""},"class_list":["post-13","page","type-page","status-publish","hentry"],"uagb_featured_image_src":{"full":false,"thumbnail":false,"medium":false,"medium_large":false,"large":false,"1536x1536":false,"2048x2048":false,"trp-custom-language-flag":false},"uagb_author_info":{"display_name":"Dance Conmigo","author_link":"https:\/\/danceconmigo.com\/fr\/author\/cheryl\/"},"uagb_comment_info":0,"uagb_excerpt":"Argentine Tango Take the first step\u2026 and discover \u2013 or enhance \u2014 your love for tango!! &nbsp;There are as many reasons for loving tango as there are tango dancers; &nbsp;the music, the elegance, the embrace, the connection with one\u2019s partner, a sense of freedom, surrender\u2026 \u201cHow did you choose the tango?\u201d\u201cI didn\u2019t. &nbsp;The tango chose&hellip;","jetpack_sharing_enabled":true,"jetpack_shortlink":"https:\/\/wp.me\/P3Ld37-d","_links":{"self":[{"href":"https:\/\/danceconmigo.com\/fr\/wp-json\/wp\/v2\/pages\/13","targetHints":{"allow":["GET"]}}],"collection":[{"href":"https:\/\/danceconmigo.com\/fr\/wp-json\/wp\/v2\/pages"}],"about":[{"href":"https:\/\/danceconmigo.com\/fr\/wp-json\/wp\/v2\/types\/page"}],"author":[{"embeddable":true,"href":"https:\/\/danceconmigo.com\/fr\/wp-json\/wp\/v2\/users\/4"}],"replies":[{"embeddable":true,"href":"https:\/\/danceconmigo.com\/fr\/wp-json\/wp\/v2\/comments?post=13"}],"version-history":[{"count":5,"href":"https:\/\/danceconmigo.com\/fr\/wp-json\/wp\/v2\/pages\/13\/revisions"}],"predecessor-version":[{"id":3293,"href":"https:\/\/danceconmigo.com\/fr\/wp-json\/wp\/v2\/pages\/13\/revisions\/3293"}],"wp:attachment":[{"href":"https:\/\/danceconmigo.com\/fr\/wp-json\/wp\/v2\/media?parent=13"}],"curies":[{"name":"wp","href":"https:\/\/api.w.org\/{rel}","templated":true}]}}