{"id":11,"date":"2013-02-23T15:12:59","date_gmt":"2013-02-23T15:12:59","guid":{"rendered":"http:\/\/localhost\/danceconmigo\/dev\/?page_id=11"},"modified":"2023-05-27T17:23:08","modified_gmt":"2023-05-27T21:23:08","slug":"salsa-2","status":"publish","type":"page","link":"https:\/\/danceconmigo.com\/fr\/salsa-2\/","title":{"rendered":"Salsa"},"content":{"rendered":"<p><\/p>\n\n\n\n<h2 class=\"wp-block-heading\">Private Instruction &#8211; Salsa <\/h2>\n\n\n\n<h4 class=\"wp-block-heading\"><a href=\"https:\/\/i0.wp.com\/www.danceconmigo.com\/wp-content\/uploads\/2013\/02\/CherylAlainSalsaSweetheart1.jpg\"><img data-recalc-dims=\"1\" decoding=\"async\" class=\"alignright size-medium wp-image-782\" src=\"https:\/\/i0.wp.com\/www.danceconmigo.com\/wp-content\/uploads\/2013\/02\/CherylAlainSalsaSweetheart1-226x300.jpg?h=360\" alt=\"\"   srcset=\"https:\/\/i0.wp.com\/danceconmigo.com\/wp-content\/uploads\/2013\/02\/CherylAlainSalsaSweetheart1.jpg?resize=226%2C300&amp;ssl=1 226w, https:\/\/i0.wp.com\/danceconmigo.com\/wp-content\/uploads\/2013\/02\/CherylAlainSalsaSweetheart1.jpg?w=302&amp;ssl=1 302w\" sizes=\"(max-width: 226px) 100vw, 226px\" \/><\/a><strong>Les le\u00e7ons priv\u00e9es de salsa sont id\u00e9ales pour :<\/strong><\/h4>\n\n\n\n<p>- Les c\u00e9libataires ou les couples qui veulent apprendre \u00e0 leur propre rythme<br>- Les c\u00e9libataires ou les couples qui souhaitent d\u00e9finir l'ordre du jour de leurs cours<br>&#8211; <a href=\"https:\/\/danceconmigo.com\/fr\/wedding\/\">Les couples de mariage<\/a> qui veulent se pr\u00e9parer \u00e0 leur premi\u00e8re danse<br>- Les c\u00e9libataires ou les couples qui pr\u00e9f\u00e8rent un cadre priv\u00e9 plut\u00f4t qu'un cadre de groupe<br>- pour 3 \u00e9tudiants ou plus (cours semi-priv\u00e9s), veuillez consulter notre page sur les <a href=\"https:\/\/danceconmigo.com\/fr\/self-organized-group-classes\/\">cours de groupe.<\/a><\/p>\n\n\n\n<p>For more information, <a href=\"https:\/\/danceconmigo.com\/fr\/private\/\">Consult our Private Classes Page.<br><\/a>Pour r\u00e9server votre premi\u00e8re le\u00e7on priv\u00e9e, <a href=\"https:\/\/danceconmigo.com\/fr\/contact\/\">veuillez nous contacter.<\/a><\/p>\n\n\n\n<h1 class=\"wp-block-heading\"><a href=\"https:\/\/i0.wp.com\/www.danceconmigo.com\/wp-content\/uploads\/2013\/03\/Salsa2Cheryl.jpg\"><img data-recalc-dims=\"1\" loading=\"lazy\" decoding=\"async\" class=\"size-medium wp-image-870 alignleft\" src=\"https:\/\/i0.wp.com\/www.danceconmigo.com\/wp-content\/uploads\/2013\/03\/Salsa2Cheryl-300x300.jpg?resize=300%2C300\" alt=\"\" width=\"300\" height=\"300\" srcset=\"https:\/\/i0.wp.com\/danceconmigo.com\/wp-content\/uploads\/2013\/03\/Salsa2Cheryl.jpg?resize=300%2C300&amp;ssl=1 300w, https:\/\/i0.wp.com\/danceconmigo.com\/wp-content\/uploads\/2013\/03\/Salsa2Cheryl.jpg?resize=150%2C150&amp;ssl=1 150w, https:\/\/i0.wp.com\/danceconmigo.com\/wp-content\/uploads\/2013\/03\/Salsa2Cheryl.jpg?w=653&amp;ssl=1 653w\" sizes=\"auto, (max-width: 300px) 100vw, 300px\" \/><\/a>Cours priv\u00e9 dans un club de salsa<\/h1>\n\n\n\n<p>Vous avez envie d'essayer de danser la salsa dans un club, mais vous n'\u00eates pas tout \u00e0 fait pr\u00eat \u00e0 le faire seul ?  Dance Conmigo offre des s\u00e9ances d'entra\u00eenement individuelles dans diff\u00e9rentes salles de salsa de Montr\u00e9al.  Voici comment cela fonctionne :<\/p>\n\n\n\n<ul class=\"wp-block-list\">\n<li>L'\u00e9l\u00e8ve et le professeur se rencontrent \u00e0 l'heure convenue sur le lieu du cours de salsa.<\/li>\n\n\n\n<li>Le cours est principalement une session de pratique avec quelques indications mineures pour les corrections.<\/li>\n\n\n\n<li>Dansez la salsa (et\/ou la bachata, le cha-cha) dans un v\u00e9ritable cadre de danse !<\/li>\n\n\n\n<li><a href=\"https:\/\/danceconmigo.com\/fr\/contact\/\">Book ahead<\/a>&nbsp;with either Alain or Cheryl.<\/li>\n<\/ul>\n\n\n\n<p><strong>Ce cours est id\u00e9al pour :<\/strong><\/p>\n\n\n\n<ul class=\"wp-block-list\">\n<li>Les \u00e9tudiants qui veulent d\u00e9velopper leur confiance en eux dans un environnement social.<\/li>\n\n\n\n<li>Les \u00e9tudiants qui veulent \u00eatre assur\u00e9s d'avoir un partenaire de danse solide (votre professeur !) pendant une heure enti\u00e8re.<\/li>\n<\/ul>\n\n\n\n<p><strong>Cost:<\/strong> $40-$60\/hr&nbsp; <a href=\"https:\/\/danceconmigo.com\/fr\/contact\/\">Contact us<\/a> to find out more.<\/p>\n\n\n\n<figure class=\"wp-block-embed is-type-video is-provider-youtube wp-block-embed-youtube wp-embed-aspect-16-9 wp-has-aspect-ratio\"><div class=\"wp-block-embed__wrapper\">\n<span class=\"embed-youtube\" style=\"text-align:center; display: block;\"><iframe loading=\"lazy\" class=\"youtube-player\" width=\"640\" height=\"360\" src=\"https:\/\/www.youtube.com\/embed\/57-f8rM6hFc?version=3&#038;rel=1&#038;showsearch=0&#038;showinfo=1&#038;iv_load_policy=1&#038;fs=1&#038;hl=fr-CA&#038;autohide=2&#038;wmode=transparent\" allowfullscreen=\"true\" style=\"border:0;\" sandbox=\"allow-scripts allow-same-origin allow-popups allow-presentation allow-popups-to-escape-sandbox\"><\/iframe><\/span>\n<\/div><\/figure>\n\n\n\n<h1 class=\"wp-block-heading\">Cours de salsa en groupe auto-organis\u00e9<\/h1>\n\n\n\n<p><strong>** If we&#8217;re not offering any Salsa classes for your level, or at a time that suits you, consider organizing your own group (with friends or colleagues) &#8211; and hiring us to teach.&nbsp; <a href=\"https:\/\/danceconmigo.com\/fr\/self-organized-group-classes\/\">More info and rates at the bottom of our &#8220;Group&#8221; page.<\/a> ***<\/strong><\/p>\n\n\n\n<p>Group Classes at Dance Conmigo focus on fun, comfort, clear explanations, and solid technique. We provide students with the tools to pick up moves easily, allowing practice time after each new element to reinforce the student\u2019s comfort and confidence.<\/p>\n\n\n\n<p><p dir=\"ltr\">We also teach a variety of other Latin dances found in Salsa clubs around the world:<br>Bachata, Merengue, Cha-Cha, Rueda&#8230;<\/p><\/p>\n\n\n\n<p>Find out more about <a href=\"https:\/\/danceconmigo.com\/fr\/self-organized-group-classes\/\">organizing your own group here!<\/a><\/p>\n\n\n\n<h1 class=\"wp-block-heading\"><iframe loading=\"lazy\" src=\"http:\/\/www.youtube.com\/embed\/CtoPpYIit4I?rel=0\" allowfullscreen=\"allowfullscreen\" width=\"600\" height=\"495\" frameborder=\"0\"><span data-mce-type=\"bookmark\" style=\"display: inline-block; width: 0px; overflow: hidden; line-height: 0;\" class=\"mce_SELRES_start\"><\/span><\/iframe><\/h1>\n\n\n\n<h1 class=\"wp-block-heading\"><img data-recalc-dims=\"1\" loading=\"lazy\" decoding=\"async\" class=\"alignright\" src=\"https:\/\/i0.wp.com\/www.danceconmigo.com\/Images\/Rueda.jpg?resize=454%2C340\" alt=\"Rueda de Casino\" width=\"454\" height=\"340\">Casino Rueda<\/h1>\n\n\n\n<p>Rueda is the Spanish word for &#8220;wheel&#8221;. It is an exciting form of Cuban-style salsa that is danced in a circle (or &#8220;wheel&#8221;) with two or more couples. The designated &#8220;caller&#8221; calls out the next move to the group &#8211; with most moves ending in a change of partners.<\/p>\n\n\n\n<p>To see a rueda demo with former Level 1 students, click <a href=\"http:\/\/www.youtube.com\/watch?v=20R2SAd9L9g\" target=\"_blank\" rel=\"noopener noreferrer\">here<\/a>.<\/p>\n\n\n\n<hr class=\"wp-block-separator has-alpha-channel-opacity\"\/>","protected":false},"excerpt":{"rendered":"<p>Private Instruction &#8211; Salsa Private Salsa lessons are ideal for: &#8211; Singles or couples who want to learn at their own pace&#8211; Singles or couples who want to set the agenda for their classes&#8211; Wedding couples who want to prepare for their first dance&#8211; Singles or couples who prefer a private rather than a group [&hellip;]<\/p>\n","protected":false},"author":3,"featured_media":0,"parent":0,"menu_order":8,"comment_status":"closed","ping_status":"closed","template":"","meta":{"_uag_custom_page_level_css":"","site-sidebar-layout":"default","site-content-layout":"","ast-site-content-layout":"default","site-content-style":"default","site-sidebar-style":"default","ast-global-header-display":"","ast-banner-title-visibility":"","ast-main-header-display":"","ast-hfb-above-header-display":"","ast-hfb-below-header-display":"","ast-hfb-mobile-header-display":"","site-post-title":"","ast-breadcrumbs-content":"","ast-featured-img":"","footer-sml-layout":"","ast-disable-related-posts":"","theme-transparent-header-meta":"","adv-header-id-meta":"","stick-header-meta":"","header-above-stick-meta":"","header-main-stick-meta":"","header-below-stick-meta":"","astra-migrate-meta-layouts":"default","ast-page-background-enabled":"default","ast-page-background-meta":{"desktop":{"background-color":"","background-image":"","background-repeat":"repeat","background-position":"center center","background-size":"auto","background-attachment":"scroll","background-type":"","background-media":"","overlay-type":"","overlay-color":"","overlay-opacity":"","overlay-gradient":""},"tablet":{"background-color":"","background-image":"","background-repeat":"repeat","background-position":"center center","background-size":"auto","background-attachment":"scroll","background-type":"","background-media":"","overlay-type":"","overlay-color":"","overlay-opacity":"","overlay-gradient":""},"mobile":{"background-color":"","background-image":"","background-repeat":"repeat","background-position":"center center","background-size":"auto","background-attachment":"scroll","background-type":"","background-media":"","overlay-type":"","overlay-color":"","overlay-opacity":"","overlay-gradient":""}},"ast-content-background-meta":{"desktop":{"background-color":"var(--ast-global-color-5)","background-image":"","background-repeat":"repeat","background-position":"center center","background-size":"auto","background-attachment":"scroll","background-type":"","background-media":"","overlay-type":"","overlay-color":"","overlay-opacity":"","overlay-gradient":""},"tablet":{"background-color":"var(--ast-global-color-5)","background-image":"","background-repeat":"repeat","background-position":"center center","background-size":"auto","background-attachment":"scroll","background-type":"","background-media":"","overlay-type":"","overlay-color":"","overlay-opacity":"","overlay-gradient":""},"mobile":{"background-color":"var(--ast-global-color-5)","background-image":"","background-repeat":"repeat","background-position":"center center","background-size":"auto","background-attachment":"scroll","background-type":"","background-media":"","overlay-type":"","overlay-color":"","overlay-opacity":"","overlay-gradient":""}},"jetpack_post_was_ever_published":false,"footnotes":""},"class_list":["post-11","page","type-page","status-publish","hentry"],"uagb_featured_image_src":{"full":false,"thumbnail":false,"medium":false,"medium_large":false,"large":false,"1536x1536":false,"2048x2048":false,"trp-custom-language-flag":false},"uagb_author_info":{"display_name":"Dance Conmigo","author_link":"https:\/\/danceconmigo.com\/fr\/author\/danceconmigo\/"},"uagb_comment_info":0,"uagb_excerpt":"Private Instruction &#8211; Salsa Private Salsa lessons are ideal for: &#8211; Singles or couples who want to learn at their own pace&#8211; Singles or couples who want to set the agenda for their classes&#8211; Wedding couples who want to prepare for their first dance&#8211; Singles or couples who prefer a private rather than a group&hellip;","jetpack_sharing_enabled":true,"jetpack_shortlink":"https:\/\/wp.me\/P3Ld37-b","_links":{"self":[{"href":"https:\/\/danceconmigo.com\/fr\/wp-json\/wp\/v2\/pages\/11","targetHints":{"allow":["GET"]}}],"collection":[{"href":"https:\/\/danceconmigo.com\/fr\/wp-json\/wp\/v2\/pages"}],"about":[{"href":"https:\/\/danceconmigo.com\/fr\/wp-json\/wp\/v2\/types\/page"}],"author":[{"embeddable":true,"href":"https:\/\/danceconmigo.com\/fr\/wp-json\/wp\/v2\/users\/3"}],"replies":[{"embeddable":true,"href":"https:\/\/danceconmigo.com\/fr\/wp-json\/wp\/v2\/comments?post=11"}],"version-history":[{"count":6,"href":"https:\/\/danceconmigo.com\/fr\/wp-json\/wp\/v2\/pages\/11\/revisions"}],"predecessor-version":[{"id":3312,"href":"https:\/\/danceconmigo.com\/fr\/wp-json\/wp\/v2\/pages\/11\/revisions\/3312"}],"wp:attachment":[{"href":"https:\/\/danceconmigo.com\/fr\/wp-json\/wp\/v2\/media?parent=11"}],"curies":[{"name":"wp","href":"https:\/\/api.w.org\/{rel}","templated":true}]}}